{"id":1598,"date":"2025-03-21T07:09:17","date_gmt":"2025-03-21T07:09:17","guid":{"rendered":"https:\/\/vlf4eu-project.eu\/actividades\/"},"modified":"2026-02-23T09:07:39","modified_gmt":"2026-02-23T09:07:39","slug":"actividades","status":"publish","type":"page","link":"https:\/\/vlf4eu-project.eu\/es\/actividades\/","title":{"rendered":"Actividades"},"content":{"rendered":"\t\t<div data-elementor-type=\"wp-page\" data-elementor-id=\"1598\" class=\"elementor elementor-1598 elementor-979\">\n\t\t\t\t<div class=\"elementor-element elementor-element-17c76f4 e-flex e-con-boxed e-con e-parent\" data-id=\"17c76f4\" data-element_type=\"container\" data-settings=\"{&quot;background_background&quot;:&quot;classic&quot;}\">\n\t\t\t\t\t<div class=\"e-con-inner\">\n\t\t\t\t<div class=\"elementor-element elementor-element-830934f elementor-widget elementor-widget-heading\" data-id=\"830934f\" data-element_type=\"widget\" data-widget_type=\"heading.default\">\n\t\t\t\t<div class=\"elementor-widget-container\">\n\t\t\t\t\t<h1 class=\"elementor-heading-title elementor-size-default\">Actividades<\/h1>\t\t\t\t<\/div>\n\t\t\t\t<\/div>\n\t\t\t\t\t<\/div>\n\t\t\t\t<\/div>\n\t\t<div class=\"elementor-element elementor-element-b642bcb e-con-full e-flex e-con e-parent\" data-id=\"b642bcb\" data-element_type=\"container\">\n\t\t<div class=\"elementor-element elementor-element-9c6fe8f e-con-full e-flex e-con e-child\" data-id=\"9c6fe8f\" data-element_type=\"container\">\n\t\t<div class=\"elementor-element elementor-element-60dab09 e-con-full e-flex e-con e-child\" data-id=\"60dab09\" data-element_type=\"container\">\n\t\t\t\t<div class=\"elementor-element elementor-element-476c785 elementor-widget elementor-widget-image\" data-id=\"476c785\" data-element_type=\"widget\" data-widget_type=\"image.default\">\n\t\t\t\t<div class=\"elementor-widget-container\">\n\t\t\t\t\t\t\t\t\t\t\t\t\t\t\t<img fetchpriority=\"high\" decoding=\"async\" width=\"688\" height=\"1024\" src=\"https:\/\/vlf4eu-project.eu\/wp-content\/uploads\/2025\/03\/alliance-REALISTA.webp\" class=\"attachment-full size-full wp-image-1601\" alt=\"\" srcset=\"https:\/\/vlf4eu-project.eu\/wp-content\/uploads\/2025\/03\/alliance-REALISTA.webp 688w, https:\/\/vlf4eu-project.eu\/wp-content\/uploads\/2025\/03\/alliance-REALISTA-202x300.webp 202w\" sizes=\"(max-width: 688px) 100vw, 688px\" \/>\t\t\t\t\t\t\t\t\t\t\t\t\t\t\t<\/div>\n\t\t\t\t<\/div>\n\t\t\t\t<div class=\"elementor-element elementor-element-301db1e elementor-widget elementor-widget-heading\" data-id=\"301db1e\" data-element_type=\"widget\" data-widget_type=\"heading.default\">\n\t\t\t\t<div class=\"elementor-widget-container\">\n\t\t\t\t\t<h5 class=\"elementor-heading-title elementor-size-default\">Creaci\u00f3n de la Alianza VLF4EU<\/h5>\t\t\t\t<\/div>\n\t\t\t\t<\/div>\n\t\t\t\t<div class=\"elementor-element elementor-element-178f7e6 elementor-widget elementor-widget-text-editor\" data-id=\"178f7e6\" data-element_type=\"widget\" data-widget_type=\"text-editor.default\">\n\t\t\t\t<div class=\"elementor-widget-container\">\n\t\t\t\t\t\t\t\t\t<p>Esta iniciativa tiene como objetivo establecer la Alianza VLF4EU, una red colaborativa de centros de formaci\u00f3n virtual europeos. Busca crear un modelo sostenible e inclusivo que fomente la colaboraci\u00f3n entre centros de formaci\u00f3n profesional (FP\/FP superior), universidades, pymes y asociaciones industriales. Entre las medidas clave se incluyen la organizaci\u00f3n de talleres, la formalizaci\u00f3n de acuerdos de colaboraci\u00f3n y el desarrollo de una visi\u00f3n y una hoja de ruta de servicios. La alianza se constituir\u00e1 legalmente y contar\u00e1 con un conjunto de herramientas para implementar centros de formaci\u00f3n virtual en toda Europa, garantizando as\u00ed la colaboraci\u00f3n y la innovaci\u00f3n a largo plazo.   <\/p>\t\t\t\t\t\t\t\t<\/div>\n\t\t\t\t<\/div>\n\t\t\t\t<\/div>\n\t\t<div class=\"elementor-element elementor-element-e436349 e-con-full e-flex e-con e-child\" data-id=\"e436349\" data-element_type=\"container\">\n\t\t\t\t<div class=\"elementor-element elementor-element-95722e8 elementor-widget elementor-widget-image\" data-id=\"95722e8\" data-element_type=\"widget\" data-widget_type=\"image.default\">\n\t\t\t\t<div class=\"elementor-widget-container\">\n\t\t\t\t\t\t\t\t\t\t\t\t\t\t\t<img decoding=\"async\" width=\"1280\" height=\"1920\" src=\"https:\/\/vlf4eu-project.eu\/wp-content\/uploads\/2025\/02\/ai-generated-8894558_1920.jpg\" class=\"attachment-full size-full wp-image-1518\" alt=\"\" srcset=\"https:\/\/vlf4eu-project.eu\/wp-content\/uploads\/2025\/02\/ai-generated-8894558_1920.jpg 1280w, https:\/\/vlf4eu-project.eu\/wp-content\/uploads\/2025\/02\/ai-generated-8894558_1920-200x300.jpg 200w, https:\/\/vlf4eu-project.eu\/wp-content\/uploads\/2025\/02\/ai-generated-8894558_1920-683x1024.jpg 683w, https:\/\/vlf4eu-project.eu\/wp-content\/uploads\/2025\/02\/ai-generated-8894558_1920-768x1152.jpg 768w, https:\/\/vlf4eu-project.eu\/wp-content\/uploads\/2025\/02\/ai-generated-8894558_1920-1024x1536.jpg 1024w\" sizes=\"(max-width: 1280px) 100vw, 1280px\" \/>\t\t\t\t\t\t\t\t\t\t\t\t\t\t\t<\/div>\n\t\t\t\t<\/div>\n\t\t\t\t<div class=\"elementor-element elementor-element-4c4800c elementor-widget elementor-widget-heading\" data-id=\"4c4800c\" data-element_type=\"widget\" data-widget_type=\"heading.default\">\n\t\t\t\t<div class=\"elementor-widget-container\">\n\t\t\t\t\t<h5 class=\"elementor-heading-title elementor-size-default\">Implementaci\u00f3n de VLF en toda la UE<\/h5>\t\t\t\t<\/div>\n\t\t\t\t<\/div>\n\t\t\t\t<div class=\"elementor-element elementor-element-f7c5a75 elementor-widget elementor-widget-text-editor\" data-id=\"f7c5a75\" data-element_type=\"widget\" data-widget_type=\"text-editor.default\">\n\t\t\t\t<div class=\"elementor-widget-container\">\n\t\t\t\t\t\t\t\t\t<p>Esta actividad se centra en la implementaci\u00f3n sistem\u00e1tica de f\u00e1bricas virtuales de aprendizaje (FVA) en toda Europa, con el objetivo de desarrollar un conjunto de herramientas y metodolog\u00edas que faciliten su adopci\u00f3n en los centros de FP\/FP superior. Esto implica la creaci\u00f3n de un modelo m\u00ednimo viable de FVA basado en los principios del aprendizaje activo y la pedagog\u00eda VLF4EU, garantizando la inclusi\u00f3n y el desarrollo regional. El conjunto de herramientas proporcionar\u00e1 directrices para que las instituciones de FP implementen sistem\u00e1ticamente las f\u00e1bricas virtuales de aprendizaje, respondiendo a las necesidades de la doble transici\u00f3n. Se publicar\u00e1 un conjunto de herramientas completo que permitir\u00e1 a los centros de FP mejorar sus pr\u00e1cticas docentes mediante entornos de aprendizaje inmersivos y colaborativos, apoyando as\u00ed la modernizaci\u00f3n de los sistemas de FP y fomentando la innovaci\u00f3n en las pymes industriales.   <\/p>\t\t\t\t\t\t\t\t<\/div>\n\t\t\t\t<\/div>\n\t\t\t\t<\/div>\n\t\t<div class=\"elementor-element elementor-element-5808880 e-con-full e-flex e-con e-child\" data-id=\"5808880\" data-element_type=\"container\">\n\t\t\t\t<div class=\"elementor-element elementor-element-10220c0 elementor-widget elementor-widget-image\" data-id=\"10220c0\" data-element_type=\"widget\" data-widget_type=\"image.default\">\n\t\t\t\t<div class=\"elementor-widget-container\">\n\t\t\t\t\t\t\t\t\t\t\t\t\t\t\t<img decoding=\"async\" width=\"1600\" height=\"1152\" src=\"https:\/\/vlf4eu-project.eu\/wp-content\/uploads\/2025\/03\/hiz2lvao6po.jpg\" class=\"attachment-full size-full wp-image-1605\" alt=\"man in yellow jacket wearing black goggles\" srcset=\"https:\/\/vlf4eu-project.eu\/wp-content\/uploads\/2025\/03\/hiz2lvao6po.jpg 1600w, https:\/\/vlf4eu-project.eu\/wp-content\/uploads\/2025\/03\/hiz2lvao6po-300x216.jpg 300w, https:\/\/vlf4eu-project.eu\/wp-content\/uploads\/2025\/03\/hiz2lvao6po-1024x737.jpg 1024w, https:\/\/vlf4eu-project.eu\/wp-content\/uploads\/2025\/03\/hiz2lvao6po-768x553.jpg 768w, https:\/\/vlf4eu-project.eu\/wp-content\/uploads\/2025\/03\/hiz2lvao6po-1536x1106.jpg 1536w\" sizes=\"(max-width: 1600px) 100vw, 1600px\" \/>\t\t\t\t\t\t\t\t\t\t\t\t\t\t\t<\/div>\n\t\t\t\t<\/div>\n\t\t\t\t<div class=\"elementor-element elementor-element-b38ca74 elementor-widget elementor-widget-heading\" data-id=\"b38ca74\" data-element_type=\"widget\" data-widget_type=\"heading.default\">\n\t\t\t\t<div class=\"elementor-widget-container\">\n\t\t\t\t\t<h5 class=\"elementor-heading-title elementor-size-default\">Desarrollo de la plataforma VLF4EU<\/h5>\t\t\t\t<\/div>\n\t\t\t\t<\/div>\n\t\t\t\t<div class=\"elementor-element elementor-element-a8891f7 elementor-widget elementor-widget-text-editor\" data-id=\"a8891f7\" data-element_type=\"widget\" data-widget_type=\"text-editor.default\">\n\t\t\t\t<div class=\"elementor-widget-container\">\n\t\t\t\t\t\t\t\t\t<p>Esta actividad se centra en el desarrollo de la plataforma inmersiva VLF4EU, que servir\u00e1 como espacio colaborativo para f\u00e1bricas de aprendizaje virtual. Esta plataforma permitir\u00e1 la creaci\u00f3n y gesti\u00f3n de contenido formativo inmersivo, facilitando experiencias de aprendizaje tanto presenciales como virtuales. Entre sus caracter\u00edsticas principales se incluyen una herramienta sin c\u00f3digo para la creaci\u00f3n de contenido, herramientas de evaluaci\u00f3n y visualizaci\u00f3n en tiempo real de datos de gemelos digitales. La plataforma estar\u00e1 dise\u00f1ada para soportar experiencias multiusuario e integrarse perfectamente con los ecosistemas industriales existentes, promoviendo pr\u00e1cticas de fabricaci\u00f3n sostenibles y mejorando la experiencia de aprendizaje tanto para estudiantes como para profesionales.   <\/p>\t\t\t\t\t\t\t\t<\/div>\n\t\t\t\t<\/div>\n\t\t\t\t<\/div>\n\t\t\t\t<\/div>\n\t\t<div class=\"elementor-element elementor-element-44a9a93 e-con-full e-flex e-con e-child\" data-id=\"44a9a93\" data-element_type=\"container\">\n\t\t<div class=\"elementor-element elementor-element-4455d94 e-con-full e-flex e-con e-child\" data-id=\"4455d94\" data-element_type=\"container\">\n\t\t\t\t<div class=\"elementor-element elementor-element-b4c3ccb elementor-widget elementor-widget-image\" data-id=\"b4c3ccb\" data-element_type=\"widget\" data-widget_type=\"image.default\">\n\t\t\t\t<div class=\"elementor-widget-container\">\n\t\t\t\t\t\t\t\t\t\t\t\t\t\t\t<img loading=\"lazy\" decoding=\"async\" width=\"1600\" height=\"1067\" src=\"https:\/\/vlf4eu-project.eu\/wp-content\/uploads\/2025\/03\/q8hfuo9udts.jpg\" class=\"attachment-full size-full wp-image-1604\" alt=\"books and pencil on wooden table\" srcset=\"https:\/\/vlf4eu-project.eu\/wp-content\/uploads\/2025\/03\/q8hfuo9udts.jpg 1600w, https:\/\/vlf4eu-project.eu\/wp-content\/uploads\/2025\/03\/q8hfuo9udts-300x200.jpg 300w, https:\/\/vlf4eu-project.eu\/wp-content\/uploads\/2025\/03\/q8hfuo9udts-1024x683.jpg 1024w, https:\/\/vlf4eu-project.eu\/wp-content\/uploads\/2025\/03\/q8hfuo9udts-768x512.jpg 768w, https:\/\/vlf4eu-project.eu\/wp-content\/uploads\/2025\/03\/q8hfuo9udts-1536x1024.jpg 1536w\" sizes=\"(max-width: 1600px) 100vw, 1600px\" \/>\t\t\t\t\t\t\t\t\t\t\t\t\t\t\t<\/div>\n\t\t\t\t<\/div>\n\t\t\t\t<div class=\"elementor-element elementor-element-964d7ae elementor-widget elementor-widget-heading\" data-id=\"964d7ae\" data-element_type=\"widget\" data-widget_type=\"heading.default\">\n\t\t\t\t<div class=\"elementor-widget-container\">\n\t\t\t\t\t<h5 class=\"elementor-heading-title elementor-size-default\">Desarrollo de m\u00f3dulos de aprendizaje virtual centrados en la Industria 5.0<\/h5>\t\t\t\t<\/div>\n\t\t\t\t<\/div>\n\t\t\t\t<div class=\"elementor-element elementor-element-8031643 elementor-widget elementor-widget-text-editor\" data-id=\"8031643\" data-element_type=\"widget\" data-widget_type=\"text-editor.default\">\n\t\t\t\t<div class=\"elementor-widget-container\">\n\t\t\t\t\t\t\t\t\t<p>Esta actividad se centra en el desarrollo de m\u00f3dulos de aprendizaje virtual basados \u200b\u200ben las tecnolog\u00edas de la Industria 5.0, dirigidos tanto a la formaci\u00f3n profesional inicial (niveles 4-7 del MEC) como al aprendizaje permanente. Esto implica la creaci\u00f3n de 48 m\u00f3dulos de formaci\u00f3n inmersiva y la implementaci\u00f3n de 20 proyectos pedag\u00f3gicos inmersivos en la plataforma VLF4EU. Los m\u00f3dulos abordar\u00e1n competencias digitales y ecol\u00f3gicas, con especial atenci\u00f3n a los materiales respetuosos con el medio ambiente, la eficiencia energ\u00e9tica y el dise\u00f1o sostenible. El objetivo es validar estos m\u00f3dulos con al menos 200 estudiantes, garantizando que satisfagan las necesidades de competencias de la doble transici\u00f3n y contribuyan a la modernizaci\u00f3n de los planes de estudio de la FP.   <\/p>\t\t\t\t\t\t\t\t<\/div>\n\t\t\t\t<\/div>\n\t\t\t\t<\/div>\n\t\t<div class=\"elementor-element elementor-element-259010f e-con-full e-flex e-con e-child\" data-id=\"259010f\" data-element_type=\"container\">\n\t\t\t\t<div class=\"elementor-element elementor-element-85916f0 elementor-widget elementor-widget-image\" data-id=\"85916f0\" data-element_type=\"widget\" data-widget_type=\"image.default\">\n\t\t\t\t<div class=\"elementor-widget-container\">\n\t\t\t\t\t\t\t\t\t\t\t\t\t\t\t<img loading=\"lazy\" decoding=\"async\" width=\"1600\" height=\"1200\" src=\"https:\/\/vlf4eu-project.eu\/wp-content\/uploads\/2025\/03\/5q07ss54d0q.jpg\" class=\"attachment-full size-full wp-image-1606\" alt=\"person holding orange flower petals\" srcset=\"https:\/\/vlf4eu-project.eu\/wp-content\/uploads\/2025\/03\/5q07ss54d0q.jpg 1600w, https:\/\/vlf4eu-project.eu\/wp-content\/uploads\/2025\/03\/5q07ss54d0q-300x225.jpg 300w, https:\/\/vlf4eu-project.eu\/wp-content\/uploads\/2025\/03\/5q07ss54d0q-1024x768.jpg 1024w, https:\/\/vlf4eu-project.eu\/wp-content\/uploads\/2025\/03\/5q07ss54d0q-768x576.jpg 768w, https:\/\/vlf4eu-project.eu\/wp-content\/uploads\/2025\/03\/5q07ss54d0q-1536x1152.jpg 1536w\" sizes=\"(max-width: 1600px) 100vw, 1600px\" \/>\t\t\t\t\t\t\t\t\t\t\t\t\t\t\t<\/div>\n\t\t\t\t<\/div>\n\t\t\t\t<div class=\"elementor-element elementor-element-e32009a elementor-widget elementor-widget-heading\" data-id=\"e32009a\" data-element_type=\"widget\" data-widget_type=\"heading.default\">\n\t\t\t\t<div class=\"elementor-widget-container\">\n\t\t\t\t\t<h5 class=\"elementor-heading-title elementor-size-default\">Modelo de innovaci\u00f3n abierta<\/h5>\t\t\t\t<\/div>\n\t\t\t\t<\/div>\n\t\t\t\t<div class=\"elementor-element elementor-element-de9807e elementor-widget elementor-widget-text-editor\" data-id=\"de9807e\" data-element_type=\"widget\" data-widget_type=\"text-editor.default\">\n\t\t\t\t<div class=\"elementor-widget-container\">\n\t\t\t\t\t\t\t\t\t<p>Esta actividad tiene como objetivo establecer un modelo de innovaci\u00f3n abierta dentro de la Alianza VLF4EU, fomentando la colaboraci\u00f3n entre proveedores de FP, pymes manufactureras y otros actores clave. Esto implica el desarrollo e implementaci\u00f3n de 10 casos piloto sobre f\u00e1bricas de aprendizaje virtualizadas, seleccionados a trav\u00e9s del marco de innovaci\u00f3n abierta de VLF4EU. El objetivo es promover las habilidades e iniciativas emprendedoras mediante concursos de innovaci\u00f3n abierta, alentando a las pymes y a los socios industriales a participar en la investigaci\u00f3n aplicada y el desarrollo experimental. Al crear un ecosistema colaborativo, el WP6 apoyar\u00e1 la mejora continua y la escalabilidad de los programas de colaboraci\u00f3n de VLF.   <\/p>\t\t\t\t\t\t\t\t<\/div>\n\t\t\t\t<\/div>\n\t\t\t\t<\/div>\n\t\t<div class=\"elementor-element elementor-element-4113f57 e-con-full e-flex e-con e-child\" data-id=\"4113f57\" data-element_type=\"container\">\n\t\t\t\t<div class=\"elementor-element elementor-element-825136b elementor-widget elementor-widget-image\" data-id=\"825136b\" data-element_type=\"widget\" data-widget_type=\"image.default\">\n\t\t\t\t<div class=\"elementor-widget-container\">\n\t\t\t\t\t\t\t\t\t\t\t\t\t\t\t<img loading=\"lazy\" decoding=\"async\" width=\"1600\" height=\"1067\" src=\"https:\/\/vlf4eu-project.eu\/wp-content\/uploads\/2025\/03\/novia_x_tfo.jpg\" class=\"attachment-full size-full wp-image-1607\" alt=\"crowd of people in building lobby\" srcset=\"https:\/\/vlf4eu-project.eu\/wp-content\/uploads\/2025\/03\/novia_x_tfo.jpg 1600w, https:\/\/vlf4eu-project.eu\/wp-content\/uploads\/2025\/03\/novia_x_tfo-300x200.jpg 300w, https:\/\/vlf4eu-project.eu\/wp-content\/uploads\/2025\/03\/novia_x_tfo-1024x683.jpg 1024w, https:\/\/vlf4eu-project.eu\/wp-content\/uploads\/2025\/03\/novia_x_tfo-768x512.jpg 768w, https:\/\/vlf4eu-project.eu\/wp-content\/uploads\/2025\/03\/novia_x_tfo-1536x1024.jpg 1536w\" sizes=\"(max-width: 1600px) 100vw, 1600px\" \/>\t\t\t\t\t\t\t\t\t\t\t\t\t\t\t<\/div>\n\t\t\t\t<\/div>\n\t\t\t\t<div class=\"elementor-element elementor-element-89e2e62 elementor-widget elementor-widget-heading\" data-id=\"89e2e62\" data-element_type=\"widget\" data-widget_type=\"heading.default\">\n\t\t\t\t<div class=\"elementor-widget-container\">\n\t\t\t\t\t<h5 class=\"elementor-heading-title elementor-size-default\">Impacto, difusi\u00f3n y comunicaci\u00f3n<\/h5>\t\t\t\t<\/div>\n\t\t\t\t<\/div>\n\t\t\t\t<div class=\"elementor-element elementor-element-a7e8ccb elementor-widget elementor-widget-text-editor\" data-id=\"a7e8ccb\" data-element_type=\"widget\" data-widget_type=\"text-editor.default\">\n\t\t\t\t<div class=\"elementor-widget-container\">\n\t\t\t\t\t\t\t\t\t<p>Esta actividad se centra en maximizar el impacto y la visibilidad del proyecto VLF4EU mediante estrategias eficaces de difusi\u00f3n y comunicaci\u00f3n. Esto incluye la organizaci\u00f3n de conferencias, eventos regionales de difusi\u00f3n y la creaci\u00f3n de materiales como folletos, carteles y contenido para redes sociales. El objetivo es llegar a un p\u00fablico amplio, incluyendo a agentes del sector educativo, responsables pol\u00edticos y p\u00fablico general, para promover la adopci\u00f3n de centros de aprendizaje virtual y tecnolog\u00edas inmersivas en la formaci\u00f3n profesional. Esta tarea tambi\u00e9n garantizar\u00e1 la visibilidad de la financiaci\u00f3n de la UE y contribuir\u00e1 al Espacio Europeo de Investigaci\u00f3n mediante la difusi\u00f3n de los resultados del proyecto y las mejores pr\u00e1cticas.   <\/p>\t\t\t\t\t\t\t\t<\/div>\n\t\t\t\t<\/div>\n\t\t\t\t<\/div>\n\t\t\t\t<\/div>\n\t\t\t\t<\/div>\n\t\t<div class=\"elementor-element elementor-element-f725090 e-flex e-con-boxed e-con e-parent\" data-id=\"f725090\" data-element_type=\"container\">\n\t\t\t\t\t<div class=\"e-con-inner\">\n\t\t\t\t\t<\/div>\n\t\t\t\t<\/div>\n\t\t\t\t<\/div>\n\t\t","protected":false},"excerpt":{"rendered":"<p>Actividades Creaci\u00f3n de la Alianza VLF4EU Esta iniciativa tiene como objetivo establecer la Alianza VLF4EU, una red colaborativa de centros de formaci\u00f3n virtual europeos. Busca crear un modelo sostenible e inclusivo que fomente la colaboraci\u00f3n entre centros de formaci\u00f3n profesional (FP\/FP superior), universidades, pymes y asociaciones industriales. Entre las medidas clave se incluyen la organizaci\u00f3n [&hellip;]<\/p>\n","protected":false},"author":3,"featured_media":0,"parent":0,"menu_order":0,"comment_status":"closed","ping_status":"closed","template":"","meta":{"site-sidebar-layout":"no-sidebar","site-content-layout":"","ast-site-content-layout":"full-width-container","site-content-style":"default","site-sidebar-style":"default","ast-global-header-display":"","ast-banner-title-visibility":"","ast-main-header-display":"","ast-hfb-above-header-display":"","ast-hfb-below-header-display":"","ast-hfb-mobile-header-display":"","site-post-title":"disabled","ast-breadcrumbs-content":"","ast-featured-img":"disabled","footer-sml-layout":"","theme-transparent-header-meta":"","adv-header-id-meta":"","stick-header-meta":"","header-above-stick-meta":"","header-main-stick-meta":"","header-below-stick-meta":"","astra-migrate-meta-layouts":"default","ast-page-background-enabled":"default","ast-page-background-meta":{"desktop":{"background-color":"var(--ast-global-color-4)","background-image":"","background-repeat":"repeat","background-position":"center center","background-size":"auto","background-attachment":"scroll","background-type":"","background-media":"","overlay-type":"","overlay-color":"","overlay-opacity":"","overlay-gradient":""},"tablet":{"background-color":"","background-image":"","background-repeat":"repeat","background-position":"center center","background-size":"auto","background-attachment":"scroll","background-type":"","background-media":"","overlay-type":"","overlay-color":"","overlay-opacity":"","overlay-gradient":""},"mobile":{"background-color":"","background-image":"","background-repeat":"repeat","background-position":"center center","background-size":"auto","background-attachment":"scroll","background-type":"","background-media":"","overlay-type":"","overlay-color":"","overlay-opacity":"","overlay-gradient":""}},"ast-content-background-meta":{"desktop":{"background-color":"var(--ast-global-color-5)","background-image":"","background-repeat":"repeat","background-position":"center center","background-size":"auto","background-attachment":"scroll","background-type":"","background-media":"","overlay-type":"","overlay-color":"","overlay-opacity":"","overlay-gradient":""},"tablet":{"background-color":"var(--ast-global-color-5)","background-image":"","background-repeat":"repeat","background-position":"center center","background-size":"auto","background-attachment":"scroll","background-type":"","background-media":"","overlay-type":"","overlay-color":"","overlay-opacity":"","overlay-gradient":""},"mobile":{"background-color":"var(--ast-global-color-5)","background-image":"","background-repeat":"repeat","background-position":"center center","background-size":"auto","background-attachment":"scroll","background-type":"","background-media":"","overlay-type":"","overlay-color":"","overlay-opacity":"","overlay-gradient":""}},"footnotes":""},"class_list":["post-1598","page","type-page","status-publish","hentry"],"_links":{"self":[{"href":"https:\/\/vlf4eu-project.eu\/es\/wp-json\/wp\/v2\/pages\/1598","targetHints":{"allow":["GET"]}}],"collection":[{"href":"https:\/\/vlf4eu-project.eu\/es\/wp-json\/wp\/v2\/pages"}],"about":[{"href":"https:\/\/vlf4eu-project.eu\/es\/wp-json\/wp\/v2\/types\/page"}],"author":[{"embeddable":true,"href":"https:\/\/vlf4eu-project.eu\/es\/wp-json\/wp\/v2\/users\/3"}],"replies":[{"embeddable":true,"href":"https:\/\/vlf4eu-project.eu\/es\/wp-json\/wp\/v2\/comments?post=1598"}],"version-history":[{"count":1,"href":"https:\/\/vlf4eu-project.eu\/es\/wp-json\/wp\/v2\/pages\/1598\/revisions"}],"predecessor-version":[{"id":1608,"href":"https:\/\/vlf4eu-project.eu\/es\/wp-json\/wp\/v2\/pages\/1598\/revisions\/1608"}],"wp:attachment":[{"href":"https:\/\/vlf4eu-project.eu\/es\/wp-json\/wp\/v2\/media?parent=1598"}],"curies":[{"name":"wp","href":"https:\/\/api.w.org\/{rel}","templated":true}]}}