{"id":2371,"date":"2026-01-28T10:29:10","date_gmt":"2026-01-28T10:29:10","guid":{"rendered":"https:\/\/vlf4eu-project.eu\/flyers\/"},"modified":"2026-01-28T15:30:49","modified_gmt":"2026-01-28T15:30:49","slug":"flyers","status":"publish","type":"page","link":"https:\/\/vlf4eu-project.eu\/es\/flyers\/","title":{"rendered":"Flyers"},"content":{"rendered":"\t\t<div data-elementor-type=\"wp-page\" data-elementor-id=\"2371\" class=\"elementor elementor-2371 elementor-2262\">\n\t\t\t\t<div class=\"elementor-element elementor-element-4988f0c e-flex e-con-boxed e-con e-parent\" data-id=\"4988f0c\" data-element_type=\"container\">\n\t\t\t\t\t<div class=\"e-con-inner\">\n\t\t<div class=\"elementor-element elementor-element-6672d72 e-con-full e-flex e-con e-child\" data-id=\"6672d72\" data-element_type=\"container\">\n\t\t\t\t<\/div>\n\t\t\t\t\t<\/div>\n\t\t\t\t<\/div>\n\t\t<div class=\"elementor-element elementor-element-4da624a e-flex e-con-boxed e-con e-parent\" data-id=\"4da624a\" data-element_type=\"container\">\n\t\t\t\t\t<div class=\"e-con-inner\">\n\t\t\t\t<div class=\"elementor-element elementor-element-ac464b6 elementor-widget elementor-widget-heading\" data-id=\"ac464b6\" data-element_type=\"widget\" data-widget_type=\"heading.default\">\n\t\t\t\t<div class=\"elementor-widget-container\">\n\t\t\t\t\t<h2 class=\"elementor-heading-title elementor-size-default\"><br><br>\u00a1Descubre nuestros flyers!<\/h2>\t\t\t\t<\/div>\n\t\t\t\t<\/div>\n\t\t\t\t<div class=\"elementor-element elementor-element-7a7a2fb elementor-widget elementor-widget-text-editor\" data-id=\"7a7a2fb\" data-element_type=\"widget\" data-widget_type=\"text-editor.default\">\n\t\t\t\t<div class=\"elementor-widget-container\">\n\t\t\t\t\t\t\t\t\t<p>Estos folletos presentan la informaci\u00f3n principal y las ideas clave del proyecto. A continuaci\u00f3n se muestra la versi\u00f3n en <a href=\"https:\/\/vlf4eu-project.eu\/wp-content\/uploads\/2026\/01\/VLF4EU-Flyer_English.pdf\">ingl\u00e9s<\/a>. Puede hacer clic en ella para verla con m\u00e1s detalle. Hay versiones disponibles en <a href=\"https:\/\/vlf4eu-project.eu\/wp-content\/uploads\/2026\/01\/VLF4EU-Flyer_Danish.pdf\">dan\u00e9s<\/a>, <a href=\"https:\/\/vlf4eu-project.eu\/wp-content\/uploads\/2026\/01\/VLF4EU-Flyer_French.pdf\">franc\u00e9s<\/a>, <a href=\"https:\/\/vlf4eu-project.eu\/wp-content\/uploads\/2026\/01\/VLF4EU-Flyer_Italian.pdf\">italiano<\/a>, <a href=\"https:\/\/vlf4eu-project.eu\/wp-content\/uploads\/2026\/01\/VLF4EU-Flyer_Slovenian.pdf\">esloveno<\/a>, <a href=\"https:\/\/vlf4eu-project.eu\/wp-content\/uploads\/2026\/01\/VLF4EU-Flyer_Spanish.pdf\">espa\u00f1ol<\/a> y <a href=\"https:\/\/vlf4eu-project.eu\/wp-content\/uploads\/2026\/01\/VLF4EU-Flyer_Swedish.pdf\">sueco<\/a>.   <\/p><p><a href=\"https:\/\/vlf4eu-project.eu\/wp-content\/uploads\/2026\/01\/VLF4EU-Flyer_English.pdf\"><img fetchpriority=\"high\" decoding=\"async\" class=\"wp-image-2291 aligncenter\" src=\"https:\/\/vlf4eu-project.eu\/wp-content\/uploads\/2026\/01\/VLF4EU-Flyer_English_page-0001-211x300.jpg\" alt=\"\" width=\"351\" height=\"499\" srcset=\"https:\/\/vlf4eu-project.eu\/wp-content\/uploads\/2026\/01\/VLF4EU-Flyer_English_page-0001-211x300.jpg 211w, https:\/\/vlf4eu-project.eu\/wp-content\/uploads\/2026\/01\/VLF4EU-Flyer_English_page-0001-720x1024.jpg 720w, https:\/\/vlf4eu-project.eu\/wp-content\/uploads\/2026\/01\/VLF4EU-Flyer_English_page-0001-768x1093.jpg 768w, https:\/\/vlf4eu-project.eu\/wp-content\/uploads\/2026\/01\/VLF4EU-Flyer_English_page-0001.jpg 873w\" sizes=\"(max-width: 351px) 100vw, 351px\" \/><\/a><\/p>\t\t\t\t\t\t\t\t<\/div>\n\t\t\t\t<\/div>\n\t\t\t\t\t<\/div>\n\t\t\t\t<\/div>\n\t\t\t\t<\/div>\n\t\t","protected":false},"excerpt":{"rendered":"<p>\u00a1Descubre nuestros flyers! Estos folletos presentan la informaci\u00f3n principal y las ideas clave del proyecto. A continuaci\u00f3n se muestra la versi\u00f3n en ingl\u00e9s. Puede hacer clic en ella para verla con m\u00e1s detalle. Hay versiones disponibles en dan\u00e9s, franc\u00e9s, italiano, esloveno, espa\u00f1ol y sueco.<\/p>\n","protected":false},"author":1,"featured_media":0,"parent":0,"menu_order":0,"comment_status":"closed","ping_status":"closed","template":"","meta":{"site-sidebar-layout":"no-sidebar","site-content-layout":"","ast-site-content-layout":"full-width-container","site-content-style":"default","site-sidebar-style":"default","ast-global-header-display":"","ast-banner-title-visibility":"","ast-main-header-display":"","ast-hfb-above-header-display":"","ast-hfb-below-header-display":"","ast-hfb-mobile-header-display":"","site-post-title":"disabled","ast-breadcrumbs-content":"","ast-featured-img":"disabled","footer-sml-layout":"","theme-transparent-header-meta":"","adv-header-id-meta":"","stick-header-meta":"","header-above-stick-meta":"","header-main-stick-meta":"","header-below-stick-meta":"","astra-migrate-meta-layouts":"default","ast-page-background-enabled":"default","ast-page-background-meta":{"desktop":{"background-color":"var(--ast-global-color-4)","background-image":"","background-repeat":"repeat","background-position":"center center","background-size":"auto","background-attachment":"scroll","background-type":"","background-media":"","overlay-type":"","overlay-color":"","overlay-opacity":"","overlay-gradient":""},"tablet":{"background-color":"","background-image":"","background-repeat":"repeat","background-position":"center center","background-size":"auto","background-attachment":"scroll","background-type":"","background-media":"","overlay-type":"","overlay-color":"","overlay-opacity":"","overlay-gradient":""},"mobile":{"background-color":"","background-image":"","background-repeat":"repeat","background-position":"center center","background-size":"auto","background-attachment":"scroll","background-type":"","background-media":"","overlay-type":"","overlay-color":"","overlay-opacity":"","overlay-gradient":""}},"ast-content-background-meta":{"desktop":{"background-color":"var(--ast-global-color-5)","background-image":"","background-repeat":"repeat","background-position":"center center","background-size":"auto","background-attachment":"scroll","background-type":"","background-media":"","overlay-type":"","overlay-color":"","overlay-opacity":"","overlay-gradient":""},"tablet":{"background-color":"var(--ast-global-color-5)","background-image":"","background-repeat":"repeat","background-position":"center center","background-size":"auto","background-attachment":"scroll","background-type":"","background-media":"","overlay-type":"","overlay-color":"","overlay-opacity":"","overlay-gradient":""},"mobile":{"background-color":"var(--ast-global-color-5)","background-image":"","background-repeat":"repeat","background-position":"center center","background-size":"auto","background-attachment":"scroll","background-type":"","background-media":"","overlay-type":"","overlay-color":"","overlay-opacity":"","overlay-gradient":""}},"footnotes":""},"class_list":["post-2371","page","type-page","status-publish","hentry"],"_links":{"self":[{"href":"https:\/\/vlf4eu-project.eu\/es\/wp-json\/wp\/v2\/pages\/2371","targetHints":{"allow":["GET"]}}],"collection":[{"href":"https:\/\/vlf4eu-project.eu\/es\/wp-json\/wp\/v2\/pages"}],"about":[{"href":"https:\/\/vlf4eu-project.eu\/es\/wp-json\/wp\/v2\/types\/page"}],"author":[{"embeddable":true,"href":"https:\/\/vlf4eu-project.eu\/es\/wp-json\/wp\/v2\/users\/1"}],"replies":[{"embeddable":true,"href":"https:\/\/vlf4eu-project.eu\/es\/wp-json\/wp\/v2\/comments?post=2371"}],"version-history":[{"count":2,"href":"https:\/\/vlf4eu-project.eu\/es\/wp-json\/wp\/v2\/pages\/2371\/revisions"}],"predecessor-version":[{"id":2382,"href":"https:\/\/vlf4eu-project.eu\/es\/wp-json\/wp\/v2\/pages\/2371\/revisions\/2382"}],"wp:attachment":[{"href":"https:\/\/vlf4eu-project.eu\/es\/wp-json\/wp\/v2\/media?parent=2371"}],"curies":[{"name":"wp","href":"https:\/\/api.w.org\/{rel}","templated":true}]}}