{"id":2407,"date":"2026-01-28T09:34:02","date_gmt":"2026-01-28T09:34:02","guid":{"rendered":"https:\/\/vlf4eu-project.eu\/posters\/"},"modified":"2026-01-28T15:39:08","modified_gmt":"2026-01-28T15:39:08","slug":"posters","status":"publish","type":"page","link":"https:\/\/vlf4eu-project.eu\/es\/posters\/","title":{"rendered":"P\u00f3sters"},"content":{"rendered":"\t\t<div data-elementor-type=\"wp-page\" data-elementor-id=\"2407\" class=\"elementor elementor-2407 elementor-2258\">\n\t\t\t\t<div class=\"elementor-element elementor-element-3420f63 e-flex e-con-boxed e-con e-parent\" data-id=\"3420f63\" data-element_type=\"container\">\n\t\t\t\t\t<div class=\"e-con-inner\">\n\t\t\t\t\t<\/div>\n\t\t\t\t<\/div>\n\t\t<div class=\"elementor-element elementor-element-c4ab0c3 e-flex e-con-boxed e-con e-parent\" data-id=\"c4ab0c3\" data-element_type=\"container\">\n\t\t\t\t\t<div class=\"e-con-inner\">\n\t\t\t\t<div class=\"elementor-element elementor-element-5fc9d8a elementor-widget elementor-widget-heading\" data-id=\"5fc9d8a\" data-element_type=\"widget\" data-widget_type=\"heading.default\">\n\t\t\t\t<div class=\"elementor-widget-container\">\n\t\t\t\t\t<h2 class=\"elementor-heading-title elementor-size-default\"><br><br>\u00a1Descubra nuestros p\u00f3sters!<\/h2>\t\t\t\t<\/div>\n\t\t\t\t<\/div>\n\t\t\t\t<div class=\"elementor-element elementor-element-b8db3f4 elementor-widget elementor-widget-text-editor\" data-id=\"b8db3f4\" data-element_type=\"widget\" data-widget_type=\"text-editor.default\">\n\t\t\t\t<div class=\"elementor-widget-container\">\n\t\t\t\t\t\t\t\t\t<p>Estos p\u00f3sters presentan los conceptos y resultados principales del proyecto y est\u00e1n dise\u00f1ados para su difusi\u00f3n y para eventos. Haga clic en cada p\u00f3ster para explorarlo con m\u00e1s detalle. <\/p><p><a href=\"https:\/\/vlf4eu-project.eu\/wp-content\/uploads\/2026\/01\/VFL4EU-poster.pdf\"><img fetchpriority=\"high\" decoding=\"async\" class=\" wp-image-2268 aligncenter\" src=\"https:\/\/vlf4eu-project.eu\/wp-content\/uploads\/2026\/01\/VFL4EU-poster_page-0001-179x300.jpg\" alt=\"\" width=\"290\" height=\"486\" srcset=\"https:\/\/vlf4eu-project.eu\/wp-content\/uploads\/2026\/01\/VFL4EU-poster_page-0001-179x300.jpg 179w, https:\/\/vlf4eu-project.eu\/wp-content\/uploads\/2026\/01\/VFL4EU-poster_page-0001-610x1024.jpg 610w, https:\/\/vlf4eu-project.eu\/wp-content\/uploads\/2026\/01\/VFL4EU-poster_page-0001-768x1290.jpg 768w, https:\/\/vlf4eu-project.eu\/wp-content\/uploads\/2026\/01\/VFL4EU-poster_page-0001-914x1536.jpg 914w, https:\/\/vlf4eu-project.eu\/wp-content\/uploads\/2026\/01\/VFL4EU-poster_page-0001-1219x2048.jpg 1219w, https:\/\/vlf4eu-project.eu\/wp-content\/uploads\/2026\/01\/VFL4EU-poster_page-0001-scaled.jpg 1524w\" sizes=\"(max-width: 290px) 100vw, 290px\" \/><\/a><\/p><p><a href=\"https:\/\/vlf4eu-project.eu\/wp-content\/uploads\/2026\/01\/VFL4EU-ROLL-UP-2-trz.pdf\"><img decoding=\"async\" class=\"wp-image-2301 aligncenter\" src=\"https:\/\/vlf4eu-project.eu\/wp-content\/uploads\/2026\/01\/Captura-desde-2026-01-28-13-49-17-e1769604747811-150x300.png\" alt=\"\" width=\"290\" height=\"580\" srcset=\"https:\/\/vlf4eu-project.eu\/wp-content\/uploads\/2026\/01\/Captura-desde-2026-01-28-13-49-17-e1769604747811-150x300.png 150w, https:\/\/vlf4eu-project.eu\/wp-content\/uploads\/2026\/01\/Captura-desde-2026-01-28-13-49-17-e1769604747811-512x1024.png 512w, https:\/\/vlf4eu-project.eu\/wp-content\/uploads\/2026\/01\/Captura-desde-2026-01-28-13-49-17-e1769604747811-768x1536.png 768w, https:\/\/vlf4eu-project.eu\/wp-content\/uploads\/2026\/01\/Captura-desde-2026-01-28-13-49-17-e1769604747811.png 788w\" sizes=\"(max-width: 290px) 100vw, 290px\" \/><\/a><\/p><p> <\/p><p> <\/p>\t\t\t\t\t\t\t\t<\/div>\n\t\t\t\t<\/div>\n\t\t\t\t\t<\/div>\n\t\t\t\t<\/div>\n\t\t\t\t<\/div>\n\t\t","protected":false},"excerpt":{"rendered":"<p>\u00a1Descubra nuestros p\u00f3sters! Estos p\u00f3sters presentan los conceptos y resultados principales del proyecto y est\u00e1n dise\u00f1ados para su difusi\u00f3n y para eventos. Haga clic en cada p\u00f3ster para explorarlo con m\u00e1s detalle.<\/p>\n","protected":false},"author":1,"featured_media":0,"parent":0,"menu_order":0,"comment_status":"closed","ping_status":"closed","template":"","meta":{"site-sidebar-layout":"no-sidebar","site-content-layout":"","ast-site-content-layout":"full-width-container","site-content-style":"default","site-sidebar-style":"default","ast-global-header-display":"","ast-banner-title-visibility":"","ast-main-header-display":"","ast-hfb-above-header-display":"","ast-hfb-below-header-display":"","ast-hfb-mobile-header-display":"","site-post-title":"disabled","ast-breadcrumbs-content":"","ast-featured-img":"disabled","footer-sml-layout":"","theme-transparent-header-meta":"","adv-header-id-meta":"","stick-header-meta":"","header-above-stick-meta":"","header-main-stick-meta":"","header-below-stick-meta":"","astra-migrate-meta-layouts":"default","ast-page-background-enabled":"default","ast-page-background-meta":{"desktop":{"background-color":"var(--ast-global-color-4)","background-image":"","background-repeat":"repeat","background-position":"center center","background-size":"auto","background-attachment":"scroll","background-type":"","background-media":"","overlay-type":"","overlay-color":"","overlay-opacity":"","overlay-gradient":""},"tablet":{"background-color":"","background-image":"","background-repeat":"repeat","background-position":"center center","background-size":"auto","background-attachment":"scroll","background-type":"","background-media":"","overlay-type":"","overlay-color":"","overlay-opacity":"","overlay-gradient":""},"mobile":{"background-color":"","background-image":"","background-repeat":"repeat","background-position":"center center","background-size":"auto","background-attachment":"scroll","background-type":"","background-media":"","overlay-type":"","overlay-color":"","overlay-opacity":"","overlay-gradient":""}},"ast-content-background-meta":{"desktop":{"background-color":"var(--ast-global-color-5)","background-image":"","background-repeat":"repeat","background-position":"center center","background-size":"auto","background-attachment":"scroll","background-type":"","background-media":"","overlay-type":"","overlay-color":"","overlay-opacity":"","overlay-gradient":""},"tablet":{"background-color":"var(--ast-global-color-5)","background-image":"","background-repeat":"repeat","background-position":"center center","background-size":"auto","background-attachment":"scroll","background-type":"","background-media":"","overlay-type":"","overlay-color":"","overlay-opacity":"","overlay-gradient":""},"mobile":{"background-color":"var(--ast-global-color-5)","background-image":"","background-repeat":"repeat","background-position":"center center","background-size":"auto","background-attachment":"scroll","background-type":"","background-media":"","overlay-type":"","overlay-color":"","overlay-opacity":"","overlay-gradient":""}},"footnotes":""},"class_list":["post-2407","page","type-page","status-publish","hentry"],"_links":{"self":[{"href":"https:\/\/vlf4eu-project.eu\/es\/wp-json\/wp\/v2\/pages\/2407","targetHints":{"allow":["GET"]}}],"collection":[{"href":"https:\/\/vlf4eu-project.eu\/es\/wp-json\/wp\/v2\/pages"}],"about":[{"href":"https:\/\/vlf4eu-project.eu\/es\/wp-json\/wp\/v2\/types\/page"}],"author":[{"embeddable":true,"href":"https:\/\/vlf4eu-project.eu\/es\/wp-json\/wp\/v2\/users\/1"}],"replies":[{"embeddable":true,"href":"https:\/\/vlf4eu-project.eu\/es\/wp-json\/wp\/v2\/comments?post=2407"}],"version-history":[{"count":3,"href":"https:\/\/vlf4eu-project.eu\/es\/wp-json\/wp\/v2\/pages\/2407\/revisions"}],"predecessor-version":[{"id":2410,"href":"https:\/\/vlf4eu-project.eu\/es\/wp-json\/wp\/v2\/pages\/2407\/revisions\/2410"}],"wp:attachment":[{"href":"https:\/\/vlf4eu-project.eu\/es\/wp-json\/wp\/v2\/media?parent=2407"}],"curies":[{"name":"wp","href":"https:\/\/api.w.org\/{rel}","templated":true}]}}