{"id":1671,"date":"2025-02-18T14:23:14","date_gmt":"2025-02-18T14:23:14","guid":{"rendered":"https:\/\/vlf4eu-project.eu\/collabora-online-development-edition-unbranded-kanpora-itsasteko-lehenago-egin-klik-deskarga-botoian\/"},"modified":"2025-11-10T12:22:41","modified_gmt":"2025-11-10T12:22:41","slug":"collabora-online-development-edition-unbranded-kanpora-itsasteko-lehenago-egin-klik-deskarga-botoian","status":"publish","type":"page","link":"https:\/\/vlf4eu-project.eu\/fr\/","title":{"rendered":"Accueil"},"content":{"rendered":"\t\t<div data-elementor-type=\"wp-page\" data-elementor-id=\"1671\" class=\"elementor elementor-1671 elementor-48\">\n\t\t\t\t<div class=\"elementor-element elementor-element-4672b964 e-flex e-con-boxed e-con e-parent\" data-id=\"4672b964\" data-element_type=\"container\" data-settings=\"{&quot;background_background&quot;:&quot;classic&quot;}\">\n\t\t\t\t\t<div class=\"e-con-inner\">\n\t\t\t\t<div class=\"elementor-element elementor-element-52136f16 elementor-widget elementor-widget-heading\" data-id=\"52136f16\" data-element_type=\"widget\" data-widget_type=\"heading.default\">\n\t\t\t\t<div class=\"elementor-widget-container\">\n\t\t\t\t\t<h1 class=\"elementor-heading-title elementor-size-default\">VLF4EU<\/h1>\t\t\t\t<\/div>\n\t\t\t\t<\/div>\n\t\t\t\t<div class=\"elementor-element elementor-element-3235afa elementor-widget__width-initial elementor-widget elementor-widget-text-editor\" data-id=\"3235afa\" data-element_type=\"widget\" data-widget_type=\"text-editor.default\">\n\t\t\t\t<div class=\"elementor-widget-container\">\n\t\t\t\t\t\t\t\t\t<p><strong>Bienvenue sur le site web de VLF4EU<\/strong><\/p>\t\t\t\t\t\t\t\t<\/div>\n\t\t\t\t<\/div>\n\t\t\t\t\t<\/div>\n\t\t\t\t<\/div>\n\t\t<div class=\"elementor-element elementor-element-4f70786a e-flex e-con-boxed e-con e-parent\" data-id=\"4f70786a\" data-element_type=\"container\">\n\t\t\t\t\t<div class=\"e-con-inner\">\n\t\t\t\t<div class=\"elementor-element elementor-element-1d268479 elementor-widget elementor-widget-heading\" data-id=\"1d268479\" data-element_type=\"widget\" data-widget_type=\"heading.default\">\n\t\t\t\t<div class=\"elementor-widget-container\">\n\t\t\t\t\t<h2 class=\"elementor-heading-title elementor-size-default\">OBJECTIFS<\/h2>\t\t\t\t<\/div>\n\t\t\t\t<\/div>\n\t\t<div class=\"elementor-element elementor-element-4b2c7f81 e-con-full e-flex e-con e-child\" data-id=\"4b2c7f81\" data-element_type=\"container\">\n\t\t<div class=\"elementor-element elementor-element-16f56084 e-con-full e-flex e-con e-child\" data-id=\"16f56084\" data-element_type=\"container\">\n\t\t\t\t<div class=\"elementor-element elementor-element-24bf5f01 elementor-widget elementor-widget-image\" data-id=\"24bf5f01\" data-element_type=\"widget\" data-widget_type=\"image.default\">\n\t\t\t\t<div class=\"elementor-widget-container\">\n\t\t\t\t\t\t\t\t\t\t\t\t\t\t\t\t<a href=\"https:\/\/vlf4eu-project.eu\/fr\/objectifs\/\">\n\t\t\t\t\t\t\t<img fetchpriority=\"high\" decoding=\"async\" width=\"1280\" height=\"853\" src=\"https:\/\/vlf4eu-project.eu\/wp-content\/uploads\/2025\/02\/blockchain-7660382_1280.jpg\" class=\"attachment-full size-full wp-image-1676\" alt=\"\" srcset=\"https:\/\/vlf4eu-project.eu\/wp-content\/uploads\/2025\/02\/blockchain-7660382_1280.jpg 1280w, https:\/\/vlf4eu-project.eu\/wp-content\/uploads\/2025\/02\/blockchain-7660382_1280-300x200.jpg 300w, https:\/\/vlf4eu-project.eu\/wp-content\/uploads\/2025\/02\/blockchain-7660382_1280-1024x682.jpg 1024w, https:\/\/vlf4eu-project.eu\/wp-content\/uploads\/2025\/02\/blockchain-7660382_1280-768x512.jpg 768w\" sizes=\"(max-width: 1280px) 100vw, 1280px\" \/>\t\t\t\t\t\t\t\t<\/a>\n\t\t\t\t\t\t\t\t\t\t\t\t\t\t\t<\/div>\n\t\t\t\t<\/div>\n\t\t\t\t<div class=\"elementor-element elementor-element-7227845b elementor-widget elementor-widget-heading\" data-id=\"7227845b\" data-element_type=\"widget\" data-widget_type=\"heading.default\">\n\t\t\t\t<div class=\"elementor-widget-container\">\n\t\t\t\t\t<h3 class=\"elementor-heading-title elementor-size-default\"><a href=\"https:\/\/vlf4eu-project.eu\/fr\/objectifs\/\">Alliance europ\u00e9enne des usines virtuelles d'apprentissage<\/a><\/h3>\t\t\t\t<\/div>\n\t\t\t\t<\/div>\n\t\t\t\t<div class=\"elementor-element elementor-element-33c5808a elementor-widget elementor-widget-text-editor\" data-id=\"33c5808a\" data-element_type=\"widget\" data-widget_type=\"text-editor.default\">\n\t\t\t\t<div class=\"elementor-widget-container\">\n\t\t\t\t\t\t\t\t\t<p>VLF4EU vise \u00e0 cr\u00e9er un <strong>r\u00e9seau collaboratif<\/strong> de centres d&rsquo;apprentissage en usine pour la formation professionnelle \u00e0 travers l&rsquo;Europe. Cette alliance permettra <strong>une coop\u00e9ration \u00e0 la fois physique et virtuelle<\/strong> , favorisant l&rsquo;innovation dans les PME industrielles et renfor\u00e7ant la recherche appliqu\u00e9e dans le secteur manufacturier. <\/p>\t\t\t\t\t\t\t\t<\/div>\n\t\t\t\t<\/div>\n\t\t\t\t<\/div>\n\t\t<div class=\"elementor-element elementor-element-768d7936 e-con-full e-flex e-con e-child\" data-id=\"768d7936\" data-element_type=\"container\">\n\t\t\t\t<div class=\"elementor-element elementor-element-85a687b elementor-widget elementor-widget-image\" data-id=\"85a687b\" data-element_type=\"widget\" data-widget_type=\"image.default\">\n\t\t\t\t<div class=\"elementor-widget-container\">\n\t\t\t\t\t\t\t\t\t\t\t\t\t\t\t\t<a href=\"https:\/\/vlf4eu-project.eu\/about\/\">\n\t\t\t\t\t\t\t<img decoding=\"async\" width=\"1280\" height=\"1280\" src=\"https:\/\/vlf4eu-project.eu\/wp-content\/uploads\/2025\/02\/ai-generated-8668923_1280.jpg\" class=\"attachment-full size-full wp-image-1674\" alt=\"\" srcset=\"https:\/\/vlf4eu-project.eu\/wp-content\/uploads\/2025\/02\/ai-generated-8668923_1280.jpg 1280w, https:\/\/vlf4eu-project.eu\/wp-content\/uploads\/2025\/02\/ai-generated-8668923_1280-300x300.jpg 300w, https:\/\/vlf4eu-project.eu\/wp-content\/uploads\/2025\/02\/ai-generated-8668923_1280-1024x1024.jpg 1024w, https:\/\/vlf4eu-project.eu\/wp-content\/uploads\/2025\/02\/ai-generated-8668923_1280-150x150.jpg 150w, https:\/\/vlf4eu-project.eu\/wp-content\/uploads\/2025\/02\/ai-generated-8668923_1280-768x768.jpg 768w\" sizes=\"(max-width: 1280px) 100vw, 1280px\" \/>\t\t\t\t\t\t\t\t<\/a>\n\t\t\t\t\t\t\t\t\t\t\t\t\t\t\t<\/div>\n\t\t\t\t<\/div>\n\t\t\t\t<div class=\"elementor-element elementor-element-18fe96e1 elementor-widget elementor-widget-heading\" data-id=\"18fe96e1\" data-element_type=\"widget\" data-widget_type=\"heading.default\">\n\t\t\t\t<div class=\"elementor-widget-container\">\n\t\t\t\t\t<h3 class=\"elementor-heading-title elementor-size-default\"><a href=\"https:\/\/vlf4eu-project.eu\/fr\/objectifs\/\">Int\u00e9gration de l'Industrie 5.0 dans la formation professionnelle<\/a><\/h3>\t\t\t\t<\/div>\n\t\t\t\t<\/div>\n\t\t\t\t<div class=\"elementor-element elementor-element-2b7cc934 elementor-widget elementor-widget-text-editor\" data-id=\"2b7cc934\" data-element_type=\"widget\" data-widget_type=\"text-editor.default\">\n\t\t\t\t<div class=\"elementor-widget-container\">\n\t\t\t\t\t\t\t\t\t<p class=\"has-text-color\" data-oa-prompt=\"Please now create a great description for the previous title. No more than 90 characters.\">Ce projet vise \u00e0 int\u00e9grer des technologies telles que <strong data-start=\"603\" data-end=\"685\" data-is-only-node=\"\">la r\u00e9alit\u00e9 virtuelle, la r\u00e9alit\u00e9 augment\u00e9e, les jumeaux num\u00e9riques et l&rsquo;intelligence artificielle<\/strong> dans les processus d&rsquo;apprentissage de la formation professionnelle. Il permettra d&rsquo;am\u00e9liorer les m\u00e9thodes d&rsquo;enseignement et d&rsquo;apprentissage, en pr\u00e9parant les \u00e9tudiants aux <strong data-start=\"794\" data-end=\"822\">comp\u00e9tences num\u00e9riques et environnementales<\/strong> essentielles \u00e0 l&rsquo;industrie moderne. <\/p>\t\t\t\t\t\t\t\t<\/div>\n\t\t\t\t<\/div>\n\t\t\t\t<\/div>\n\t\t<div class=\"elementor-element elementor-element-4999367f e-con-full e-flex e-con e-child\" data-id=\"4999367f\" data-element_type=\"container\">\n\t\t\t\t<div class=\"elementor-element elementor-element-2dfe5354 elementor-widget elementor-widget-image\" data-id=\"2dfe5354\" data-element_type=\"widget\" data-widget_type=\"image.default\">\n\t\t\t\t<div class=\"elementor-widget-container\">\n\t\t\t\t\t\t\t\t\t\t\t\t\t\t\t\t<a href=\"https:\/\/vlf4eu-project.eu\/fr\/objectifs\/\">\n\t\t\t\t\t\t\t<img decoding=\"async\" width=\"1280\" height=\"1920\" src=\"https:\/\/vlf4eu-project.eu\/wp-content\/uploads\/2025\/02\/ai-generated-8894558_1920.jpg\" class=\"attachment-full size-full wp-image-1675\" alt=\"\" srcset=\"https:\/\/vlf4eu-project.eu\/wp-content\/uploads\/2025\/02\/ai-generated-8894558_1920.jpg 1280w, https:\/\/vlf4eu-project.eu\/wp-content\/uploads\/2025\/02\/ai-generated-8894558_1920-200x300.jpg 200w, https:\/\/vlf4eu-project.eu\/wp-content\/uploads\/2025\/02\/ai-generated-8894558_1920-683x1024.jpg 683w, https:\/\/vlf4eu-project.eu\/wp-content\/uploads\/2025\/02\/ai-generated-8894558_1920-768x1152.jpg 768w, https:\/\/vlf4eu-project.eu\/wp-content\/uploads\/2025\/02\/ai-generated-8894558_1920-1024x1536.jpg 1024w\" sizes=\"(max-width: 1280px) 100vw, 1280px\" \/>\t\t\t\t\t\t\t\t<\/a>\n\t\t\t\t\t\t\t\t\t\t\t\t\t\t\t<\/div>\n\t\t\t\t<\/div>\n\t\t\t\t<div class=\"elementor-element elementor-element-6656e18c elementor-widget elementor-widget-heading\" data-id=\"6656e18c\" data-element_type=\"widget\" data-widget_type=\"heading.default\">\n\t\t\t\t<div class=\"elementor-widget-container\">\n\t\t\t\t\t<h3 class=\"elementor-heading-title elementor-size-default\"><a href=\"https:\/\/vlf4eu-project.eu\/fr\/objectifs\/\">Centres de formation et de d\u00e9monstration innovants<\/a><\/h3>\t\t\t\t<\/div>\n\t\t\t\t<\/div>\n\t\t\t\t<div class=\"elementor-element elementor-element-68201f95 elementor-widget elementor-widget-text-editor\" data-id=\"68201f95\" data-element_type=\"widget\" data-widget_type=\"text-editor.default\">\n\t\t\t\t<div class=\"elementor-widget-container\">\n\t\t\t\t\t\t\t\t\t<p class=\"has-text-color\" data-oa-prompt=\"Please now create a great description for the previous title. No more than 90 characters.\">VLF4EU proposera <strong data-start=\"961\" data-end=\"1000\" data-is-only-node=\"\">des m\u00e9thodes de formation de pointe et des plateformes de d\u00e9monstration <\/strong><strong data-start=\"1005\" data-end=\"1055\">(physiques et virtuelles)<\/strong> pour aider les PME <strong data-start=\"1069\" data-end=\"1114\">\u00e0 adopter et \u00e0 appliquer les technologies de l&rsquo;Industrie 5.0.<\/strong> Ceci permettra de combler le d\u00e9ficit de comp\u00e9tences et de garantir que la main-d&rsquo;\u0153uvre soit pr\u00e9par\u00e9e \u00e0 la double transition num\u00e9rique et \u00e9cologique. <\/p>\t\t\t\t\t\t\t\t<\/div>\n\t\t\t\t<\/div>\n\t\t\t\t<\/div>\n\t\t\t\t<\/div>\n\t\t\t\t\t<\/div>\n\t\t\t\t<\/div>\n\t\t<div class=\"elementor-element elementor-element-2ff003cb e-flex e-con-boxed e-con e-parent\" data-id=\"2ff003cb\" data-element_type=\"container\" data-settings=\"{&quot;background_background&quot;:&quot;classic&quot;}\">\n\t\t\t\t\t<div class=\"e-con-inner\">\n\t\t<div class=\"elementor-element elementor-element-7d4fa06d e-con-full e-flex e-con e-child\" data-id=\"7d4fa06d\" data-element_type=\"container\">\n\t\t\t\t<div class=\"elementor-element elementor-element-5f3ca5ec elementor-widget elementor-widget-heading\" data-id=\"5f3ca5ec\" data-element_type=\"widget\" data-widget_type=\"heading.default\">\n\t\t\t\t<div class=\"elementor-widget-container\">\n\t\t\t\t\t<h2 class=\"elementor-heading-title elementor-size-default\">Qu'est-ce que VLF4EU ?<\/h2>\t\t\t\t<\/div>\n\t\t\t\t<\/div>\n\t\t\t\t<div class=\"elementor-element elementor-element-337c959c elementor-widget__width-initial elementor-widget elementor-widget-text-editor\" data-id=\"337c959c\" data-element_type=\"widget\" data-widget_type=\"text-editor.default\">\n\t\t\t\t<div class=\"elementor-widget-container\">\n\t\t\t\t\t\t\t\t\t<p data-start=\"23\" data-end=\"389\">VLF4EU r\u00e9volutionne la formation professionnelle en int\u00e9grant harmonieusement des technologies de pointe telles que la r\u00e9alit\u00e9 virtuelle, la r\u00e9alit\u00e9 augment\u00e9e et les jumeaux num\u00e9riques aux processus d&rsquo;apprentissage. Notre objectif est de doter les \u00e9tudiants des comp\u00e9tences num\u00e9riques et environnementales essentielles, afin qu&rsquo;ils soient pr\u00eats \u00e0 stimuler l&rsquo;innovation dans les PME manufacturi\u00e8res. <\/p><p data-start=\"391\" data-end=\"748\">En tant qu&rsquo;alliance europ\u00e9enne d&rsquo;usines virtuelles d&rsquo;apprentissage dans le secteur manufacturier, VLF4EU favorise la collaboration entre les centres de formation professionnelle, les universit\u00e9s, les PME et les associations industrielles \u00e0 travers l&rsquo;Europe. Ensemble, nous fa\u00e7onnons l&rsquo;avenir de la formation industrielle gr\u00e2ce \u00e0 des m\u00e9thodologies innovantes, la recherche appliqu\u00e9e et des exp\u00e9riences d&rsquo;apprentissage immersives. <\/p><p data-start=\"750\" data-end=\"840\" data-is-last-node=\"\" data-is-only-node=\"\">Rejoignez-nous pour combler le foss\u00e9 entre l&rsquo;\u00e9ducation et l&rsquo;industrie, et faire de l&rsquo;Industrie 5.0 une r\u00e9alit\u00e9!<\/p>\t\t\t\t\t\t\t\t<\/div>\n\t\t\t\t<\/div>\n\t\t\t\t<\/div>\n\t\t<div class=\"elementor-element elementor-element-3c98d619 e-con-full e-flex e-con e-child\" data-id=\"3c98d619\" data-element_type=\"container\">\n\t\t\t\t<div class=\"elementor-element elementor-element-7b34c420 elementor-widget elementor-widget-image\" data-id=\"7b34c420\" data-element_type=\"widget\" data-widget_type=\"image.default\">\n\t\t\t\t<div class=\"elementor-widget-container\">\n\t\t\t\t\t\t\t\t\t\t\t\t\t\t\t<img loading=\"lazy\" decoding=\"async\" width=\"512\" height=\"512\" src=\"https:\/\/vlf4eu-project.eu\/wp-content\/uploads\/2025\/02\/cropped-VLF4EU-PNG-TRANSPARENTE_-V4.png\" class=\"attachment-full size-full wp-image-1677\" alt=\"\" srcset=\"https:\/\/vlf4eu-project.eu\/wp-content\/uploads\/2025\/02\/cropped-VLF4EU-PNG-TRANSPARENTE_-V4.png 512w, https:\/\/vlf4eu-project.eu\/wp-content\/uploads\/2025\/02\/cropped-VLF4EU-PNG-TRANSPARENTE_-V4-300x300.png 300w, https:\/\/vlf4eu-project.eu\/wp-content\/uploads\/2025\/02\/cropped-VLF4EU-PNG-TRANSPARENTE_-V4-150x150.png 150w, https:\/\/vlf4eu-project.eu\/wp-content\/uploads\/2025\/02\/cropped-VLF4EU-PNG-TRANSPARENTE_-V4-270x270.png 270w, https:\/\/vlf4eu-project.eu\/wp-content\/uploads\/2025\/02\/cropped-VLF4EU-PNG-TRANSPARENTE_-V4-192x192.png 192w, https:\/\/vlf4eu-project.eu\/wp-content\/uploads\/2025\/02\/cropped-VLF4EU-PNG-TRANSPARENTE_-V4-180x180.png 180w, https:\/\/vlf4eu-project.eu\/wp-content\/uploads\/2025\/02\/cropped-VLF4EU-PNG-TRANSPARENTE_-V4-32x32.png 32w\" sizes=\"(max-width: 512px) 100vw, 512px\" \/>\t\t\t\t\t\t\t\t\t\t\t\t\t\t\t<\/div>\n\t\t\t\t<\/div>\n\t\t\t\t<\/div>\n\t\t\t\t\t<\/div>\n\t\t\t\t<\/div>\n\t\t<div class=\"elementor-element elementor-element-5cc1820 e-flex e-con-boxed e-con e-parent\" data-id=\"5cc1820\" data-element_type=\"container\">\n\t\t\t\t\t<div class=\"e-con-inner\">\n\t\t\t\t<div class=\"elementor-element elementor-element-8024523 elementor-widget elementor-widget-heading\" data-id=\"8024523\" data-element_type=\"widget\" data-widget_type=\"heading.default\">\n\t\t\t\t<div class=\"elementor-widget-container\">\n\t\t\t\t\t<h2 class=\"elementor-heading-title elementor-size-default\">NOUVELLES<\/h2>\t\t\t\t<\/div>\n\t\t\t\t<\/div>\n\t\t\t\t<div class=\"elementor-element elementor-element-344063d elementor-widget elementor-widget-ucaddon_uc_card_post_carousel\" data-id=\"344063d\" data-element_type=\"widget\" data-widget_type=\"ucaddon_uc_card_post_carousel.default\">\n\t\t\t\t<div class=\"elementor-widget-container\">\n\t\t\t\t\t\n<!-- start Post Carousel Lite -->\n\t\t<link id='font-awesome-css' href='https:\/\/vlf4eu-project.eu\/wp-content\/plugins\/unlimited-elements-for-elementor\/assets_libraries\/font-awesome6\/fontawesome-all.min.css' type='text\/css' rel='stylesheet' >\n\t\t<link id='font-awesome-4-shim-css' href='https:\/\/vlf4eu-project.eu\/wp-content\/plugins\/unlimited-elements-for-elementor\/assets_libraries\/font-awesome6\/fontawesome-v4-shims.min.css' type='text\/css' rel='stylesheet' >\n\t\t<link id='owl-carousel-css' href='https:\/\/vlf4eu-project.eu\/wp-content\/plugins\/unlimited-elements-for-elementor\/assets_libraries\/owl-carousel-new\/assets\/owl.carousel.css' type='text\/css' rel='stylesheet' >\n\n<style>\/* widget: Post Carousel Lite *\/\n\n#uc_uc_card_post_carousel_elementor_344063d *{\n  box-sizing:border-box;\n}\n#uc_uc_card_post_carousel_elementor_344063d{\n  position:relative;\n  min-height:1px;\n}\n#uc_uc_card_post_carousel_elementor_344063d .uc_image_carousel_content{\n\ttext-align:left;\n    display: flex;\n     flex-flow: column nowrap;\n}\n#uc_uc_card_post_carousel_elementor_344063d .ue_post_carousel_item\n{\n  overflow:hidden;\n  \n}\n#uc_uc_card_post_carousel_elementor_344063d .uc_image_carousel_bg {\n  background-repeat: no-repeat;\n}\n#uc_uc_card_post_carousel_elementor_344063d .uc_image_carousel_placeholder a{\n  width:100%;\n}\n#uc_uc_card_post_carousel_elementor_344063d .uc_image_carousel_bg{\n  width:100%;\n}\n#uc_uc_card_post_carousel_elementor_344063d .uc_image_carousel_placeholder{\n  overflow:hidden;\n}\n\n#uc_uc_card_post_carousel_elementor_344063d .ue_post_btn_holder\n{\n  margin-top:auto;\n}\n\n#uc_uc_card_post_carousel_elementor_344063d .uc_more_btn{\n\n  display:inline-block;\n  text-align:center;\n  text-decoration:none;\n} \n\n.uc_overlay_image_carousel .uc_more_btn{\n  text-decoration:none;\n  display:inline-block;\n}\n\n.uc_overlay_image_carousel .uc_post_title{\n  font-size:21px;\n  text-decoration:none;\n}\n\n#uc_uc_card_post_carousel_elementor_344063d .owl-nav .owl-prev{\n    position:absolute;\n    display:inline-block;\n    text-align:center;\n}\n#uc_uc_card_post_carousel_elementor_344063d .owl-nav .owl-next{\n  position:absolute;\n  display:inline-block;\n  text-align:center;\n}\n\n\n#uc_uc_card_post_carousel_elementor_344063d .owl-dots {\noverflow:hidden;\ndisplay:true !important;\ntext-align:center;\n}\n\n#uc_uc_card_post_carousel_elementor_344063d .owl-dot {\nborder-radius:50%;\ndisplay:inline-block;\n}\n\t#uc_uc_card_post_carousel_elementor_344063d .owl-stage\n        {\n            transition-timing-function: linear!important;\n        }\n\n\n\n<\/style>\n\n<div class=\"uc_overlay_image_carousel  \" id=\"uc_uc_card_post_carousel_elementor_344063d\" data-custom-sethtml=\"true\" >\n   <div class=\"uc_carousel owl-carousel owl-theme uc-items-wrapper\">\n   \t\t\n   <\/div>\t\n<\/div>\n\n<!-- end Post Carousel Lite -->\t\t\t\t<\/div>\n\t\t\t\t<\/div>\n\t\t\t\t\t<\/div>\n\t\t\t\t<\/div>\n\t\t<div class=\"elementor-element elementor-element-2663772c e-flex e-con-boxed e-con e-parent\" data-id=\"2663772c\" data-element_type=\"container\" data-settings=\"{&quot;background_background&quot;:&quot;classic&quot;}\">\n\t\t\t\t\t<div class=\"e-con-inner\">\n\t\t<div class=\"elementor-element elementor-element-a2dc825 e-con-full e-flex e-con e-child\" data-id=\"a2dc825\" data-element_type=\"container\">\n\t\t\t\t<div class=\"elementor-element elementor-element-17fb7543 elementor-widget elementor-widget-heading\" data-id=\"17fb7543\" data-element_type=\"widget\" data-widget_type=\"heading.default\">\n\t\t\t\t<div class=\"elementor-widget-container\">\n\t\t\t\t\t<h2 class=\"elementor-heading-title elementor-size-default\">Qui sommes-nous ?<\/h2>\t\t\t\t<\/div>\n\t\t\t\t<\/div>\n\t\t\t\t<div class=\"elementor-element elementor-element-323ee7cc elementor-widget__width-initial elementor-widget elementor-widget-text-editor\" data-id=\"323ee7cc\" data-element_type=\"widget\" data-widget_type=\"text-editor.default\">\n\t\t\t\t<div class=\"elementor-widget-container\">\n\t\t\t\t\t\t\t\t\t<p>D\u00e9couvrez notre solide alliance d&rsquo;\u00e9tablissements de formation professionnelle et de partenaires industriels qui fa\u00e7onnent l&rsquo;avenir de l&rsquo;enseignement manufacturier.<\/p>\t\t\t\t\t\t\t\t<\/div>\n\t\t\t\t<\/div>\n\t\t\t\t<div class=\"elementor-element elementor-element-5e7d711e elementor-widget elementor-widget-button\" data-id=\"5e7d711e\" data-element_type=\"widget\" data-widget_type=\"button.default\">\n\t\t\t\t<div class=\"elementor-widget-container\">\n\t\t\t\t\t\t\t\t\t<div class=\"elementor-button-wrapper\">\n\t\t\t\t\t<a class=\"elementor-button elementor-button-link elementor-size-sm\" href=\"https:\/\/vlf4eu-project.eu\/partners\/\">\n\t\t\t\t\t\t<span class=\"elementor-button-content-wrapper\">\n\t\t\t\t\t\t\t\t\t<span class=\"elementor-button-text\">Partenaires<\/span>\n\t\t\t\t\t<\/span>\n\t\t\t\t\t<\/a>\n\t\t\t\t<\/div>\n\t\t\t\t\t\t\t\t<\/div>\n\t\t\t\t<\/div>\n\t\t\t\t<\/div>\n\t\t\t\t\t<\/div>\n\t\t\t\t<\/div>\n\t\t\t\t<\/div>\n\t\t","protected":false},"excerpt":{"rendered":"<p>VLF4EU Bienvenue sur le site web de VLF4EU OBJECTIFS Alliance europ\u00e9enne des usines virtuelles d&rsquo;apprentissage VLF4EU vise \u00e0 cr\u00e9er un r\u00e9seau collaboratif de centres d&rsquo;apprentissage en usine pour la formation professionnelle \u00e0 travers l&rsquo;Europe. Cette alliance permettra une coop\u00e9ration \u00e0 la fois physique et virtuelle , favorisant l&rsquo;innovation dans les PME industrielles et renfor\u00e7ant la [&hellip;]<\/p>\n","protected":false},"author":3,"featured_media":0,"parent":0,"menu_order":0,"comment_status":"closed","ping_status":"closed","template":"","meta":{"site-sidebar-layout":"no-sidebar","site-content-layout":"","ast-site-content-layout":"full-width-container","site-content-style":"default","site-sidebar-style":"default","ast-global-header-display":"","ast-banner-title-visibility":"","ast-main-header-display":"","ast-hfb-above-header-display":"","ast-hfb-below-header-display":"","ast-hfb-mobile-header-display":"","site-post-title":"disabled","ast-breadcrumbs-content":"","ast-featured-img":"disabled","footer-sml-layout":"","theme-transparent-header-meta":"","adv-header-id-meta":"","stick-header-meta":"","header-above-stick-meta":"","header-main-stick-meta":"","header-below-stick-meta":"","astra-migrate-meta-layouts":"default","ast-page-background-enabled":"default","ast-page-background-meta":{"desktop":{"background-color":"var(--ast-global-color-4)","background-image":"","background-repeat":"repeat","background-position":"center center","background-size":"auto","background-attachment":"scroll","background-type":"","background-media":"","overlay-type":"","overlay-color":"","overlay-opacity":"","overlay-gradient":""},"tablet":{"background-color":"","background-image":"","background-repeat":"repeat","background-position":"center center","background-size":"auto","background-attachment":"scroll","background-type":"","background-media":"","overlay-type":"","overlay-color":"","overlay-opacity":"","overlay-gradient":""},"mobile":{"background-color":"","background-image":"","background-repeat":"repeat","background-position":"center center","background-size":"auto","background-attachment":"scroll","background-type":"","background-media":"","overlay-type":"","overlay-color":"","overlay-opacity":"","overlay-gradient":""}},"ast-content-background-meta":{"desktop":{"background-color":"var(--ast-global-color-5)","background-image":"","background-repeat":"repeat","background-position":"center center","background-size":"auto","background-attachment":"scroll","background-type":"","background-media":"","overlay-type":"","overlay-color":"","overlay-opacity":"","overlay-gradient":""},"tablet":{"background-color":"var(--ast-global-color-5)","background-image":"","background-repeat":"repeat","background-position":"center center","background-size":"auto","background-attachment":"scroll","background-type":"","background-media":"","overlay-type":"","overlay-color":"","overlay-opacity":"","overlay-gradient":""},"mobile":{"background-color":"var(--ast-global-color-5)","background-image":"","background-repeat":"repeat","background-position":"center center","background-size":"auto","background-attachment":"scroll","background-type":"","background-media":"","overlay-type":"","overlay-color":"","overlay-opacity":"","overlay-gradient":""}},"footnotes":""},"class_list":["post-1671","page","type-page","status-publish","hentry"],"_links":{"self":[{"href":"https:\/\/vlf4eu-project.eu\/fr\/wp-json\/wp\/v2\/pages\/1671","targetHints":{"allow":["GET"]}}],"collection":[{"href":"https:\/\/vlf4eu-project.eu\/fr\/wp-json\/wp\/v2\/pages"}],"about":[{"href":"https:\/\/vlf4eu-project.eu\/fr\/wp-json\/wp\/v2\/types\/page"}],"author":[{"embeddable":true,"href":"https:\/\/vlf4eu-project.eu\/fr\/wp-json\/wp\/v2\/users\/3"}],"replies":[{"embeddable":true,"href":"https:\/\/vlf4eu-project.eu\/fr\/wp-json\/wp\/v2\/comments?post=1671"}],"version-history":[{"count":5,"href":"https:\/\/vlf4eu-project.eu\/fr\/wp-json\/wp\/v2\/pages\/1671\/revisions"}],"predecessor-version":[{"id":1698,"href":"https:\/\/vlf4eu-project.eu\/fr\/wp-json\/wp\/v2\/pages\/1671\/revisions\/1698"}],"wp:attachment":[{"href":"https:\/\/vlf4eu-project.eu\/fr\/wp-json\/wp\/v2\/media?parent=1671"}],"curies":[{"name":"wp","href":"https:\/\/api.w.org\/{rel}","templated":true}]}}