{"id":1705,"date":"2025-03-21T07:09:17","date_gmt":"2025-03-21T07:09:17","guid":{"rendered":"https:\/\/vlf4eu-project.eu\/activites\/"},"modified":"2025-11-10T13:16:56","modified_gmt":"2025-11-10T13:16:56","slug":"activites","status":"publish","type":"page","link":"https:\/\/vlf4eu-project.eu\/fr\/activites\/","title":{"rendered":"Activit\u00e9s"},"content":{"rendered":"\t\t<div data-elementor-type=\"wp-page\" data-elementor-id=\"1705\" class=\"elementor elementor-1705 elementor-979\">\n\t\t\t\t<div class=\"elementor-element elementor-element-17c76f4 e-flex e-con-boxed e-con e-parent\" data-id=\"17c76f4\" data-element_type=\"container\" data-settings=\"{&quot;background_background&quot;:&quot;classic&quot;}\">\n\t\t\t\t\t<div class=\"e-con-inner\">\n\t\t\t\t<div class=\"elementor-element elementor-element-830934f elementor-widget elementor-widget-heading\" data-id=\"830934f\" data-element_type=\"widget\" data-widget_type=\"heading.default\">\n\t\t\t\t<div class=\"elementor-widget-container\">\n\t\t\t\t\t<h1 class=\"elementor-heading-title elementor-size-default\">Activit\u00e9s<\/h1>\t\t\t\t<\/div>\n\t\t\t\t<\/div>\n\t\t\t\t\t<\/div>\n\t\t\t\t<\/div>\n\t\t<div class=\"elementor-element elementor-element-b642bcb e-con-full e-flex e-con e-parent\" data-id=\"b642bcb\" data-element_type=\"container\">\n\t\t<div class=\"elementor-element elementor-element-9c6fe8f e-con-full e-flex e-con e-child\" data-id=\"9c6fe8f\" data-element_type=\"container\">\n\t\t<div class=\"elementor-element elementor-element-60dab09 e-con-full e-flex e-con e-child\" data-id=\"60dab09\" data-element_type=\"container\">\n\t\t\t\t<div class=\"elementor-element elementor-element-476c785 elementor-widget elementor-widget-image\" data-id=\"476c785\" data-element_type=\"widget\" data-widget_type=\"image.default\">\n\t\t\t\t<div class=\"elementor-widget-container\">\n\t\t\t\t\t\t\t\t\t\t\t\t\t\t\t<img fetchpriority=\"high\" decoding=\"async\" width=\"688\" height=\"1024\" src=\"https:\/\/vlf4eu-project.eu\/wp-content\/uploads\/2025\/03\/alliance-REALISTA.webp\" class=\"attachment-full size-full wp-image-1708\" alt=\"\" srcset=\"https:\/\/vlf4eu-project.eu\/wp-content\/uploads\/2025\/03\/alliance-REALISTA.webp 688w, https:\/\/vlf4eu-project.eu\/wp-content\/uploads\/2025\/03\/alliance-REALISTA-202x300.webp 202w\" sizes=\"(max-width: 688px) 100vw, 688px\" \/>\t\t\t\t\t\t\t\t\t\t\t\t\t\t\t<\/div>\n\t\t\t\t<\/div>\n\t\t\t\t<div class=\"elementor-element elementor-element-301db1e elementor-widget elementor-widget-heading\" data-id=\"301db1e\" data-element_type=\"widget\" data-widget_type=\"heading.default\">\n\t\t\t\t<div class=\"elementor-widget-container\">\n\t\t\t\t\t<h5 class=\"elementor-heading-title elementor-size-default\">Cr\u00e9ation de l'Alliance VLF4EU<\/h5>\t\t\t\t<\/div>\n\t\t\t\t<\/div>\n\t\t\t\t<div class=\"elementor-element elementor-element-178f7e6 elementor-widget elementor-widget-text-editor\" data-id=\"178f7e6\" data-element_type=\"widget\" data-widget_type=\"text-editor.default\">\n\t\t\t\t<div class=\"elementor-widget-container\">\n\t\t\t\t\t\t\t\t\t<p>Cette initiative vise \u00e0 cr\u00e9er l&rsquo;Alliance VLF4EU, un r\u00e9seau collaboratif de \u00ab fabriques d&rsquo;apprentissage virtuelles \u00bb europ\u00e9ennes. Elle ambitionne de mettre en place un mod\u00e8le durable et inclusif favorisant la collaboration entre les centres de formation professionnelle et sup\u00e9rieure, les universit\u00e9s, les PME et les associations professionnelles. Les \u00e9tapes cl\u00e9s comprennent l&rsquo;organisation d&rsquo;ateliers, la conclusion d&rsquo;accords de partenariat et l&rsquo;\u00e9laboration d&rsquo;une vision et d&rsquo;une feuille de route pour les services. L&rsquo;alliance sera juridiquement constitu\u00e9e et disposera d&rsquo;une bo\u00eete \u00e0 outils pour d\u00e9ployer des \u00ab fabriques d&rsquo;apprentissage virtuelles \u00bb \u00e0 travers l&rsquo;Europe, garantissant ainsi une collaboration et une innovation \u00e0 long terme.   <\/p>\t\t\t\t\t\t\t\t<\/div>\n\t\t\t\t<\/div>\n\t\t\t\t<\/div>\n\t\t<div class=\"elementor-element elementor-element-e436349 e-con-full e-flex e-con e-child\" data-id=\"e436349\" data-element_type=\"container\">\n\t\t\t\t<div class=\"elementor-element elementor-element-95722e8 elementor-widget elementor-widget-image\" data-id=\"95722e8\" data-element_type=\"widget\" data-widget_type=\"image.default\">\n\t\t\t\t<div class=\"elementor-widget-container\">\n\t\t\t\t\t\t\t\t\t\t\t\t\t\t\t<img decoding=\"async\" width=\"1280\" height=\"1920\" src=\"https:\/\/vlf4eu-project.eu\/wp-content\/uploads\/2025\/02\/ai-generated-8894558_1920.jpg\" class=\"attachment-full size-full wp-image-1675\" alt=\"\" srcset=\"https:\/\/vlf4eu-project.eu\/wp-content\/uploads\/2025\/02\/ai-generated-8894558_1920.jpg 1280w, https:\/\/vlf4eu-project.eu\/wp-content\/uploads\/2025\/02\/ai-generated-8894558_1920-200x300.jpg 200w, https:\/\/vlf4eu-project.eu\/wp-content\/uploads\/2025\/02\/ai-generated-8894558_1920-683x1024.jpg 683w, https:\/\/vlf4eu-project.eu\/wp-content\/uploads\/2025\/02\/ai-generated-8894558_1920-768x1152.jpg 768w, https:\/\/vlf4eu-project.eu\/wp-content\/uploads\/2025\/02\/ai-generated-8894558_1920-1024x1536.jpg 1024w\" sizes=\"(max-width: 1280px) 100vw, 1280px\" \/>\t\t\t\t\t\t\t\t\t\t\t\t\t\t\t<\/div>\n\t\t\t\t<\/div>\n\t\t\t\t<div class=\"elementor-element elementor-element-4c4800c elementor-widget elementor-widget-heading\" data-id=\"4c4800c\" data-element_type=\"widget\" data-widget_type=\"heading.default\">\n\t\t\t\t<div class=\"elementor-widget-container\">\n\t\t\t\t\t<h5 class=\"elementor-heading-title elementor-size-default\">Mise en \u0153uvre des VLF dans toute l'UE<\/h5>\t\t\t\t<\/div>\n\t\t\t\t<\/div>\n\t\t\t\t<div class=\"elementor-element elementor-element-f7c5a75 elementor-widget elementor-widget-text-editor\" data-id=\"f7c5a75\" data-element_type=\"widget\" data-widget_type=\"text-editor.default\">\n\t\t\t\t<div class=\"elementor-widget-container\">\n\t\t\t\t\t\t\t\t\t<p>Cette activit\u00e9 porte sur la mise en \u0153uvre syst\u00e9matique des usines virtuelles d&rsquo;apprentissage (UVA) \u00e0 travers l&rsquo;Europe, avec pour objectif de d\u00e9velopper une bo\u00eete \u00e0 outils et des m\u00e9thodologies facilitant leur adoption dans les centres de formation professionnelle et technique (FPT\/FPT). Il s&rsquo;agit de cr\u00e9er un mod\u00e8le d&rsquo;UVA minimal viable, fond\u00e9 sur les principes de l&rsquo;apprentissage actif et la p\u00e9dagogie VLF4EU, garantissant l&rsquo;inclusion et le d\u00e9veloppement r\u00e9gional. La bo\u00eete \u00e0 outils fournira des lignes directrices aux \u00e9tablissements de FPT pour la mise en \u0153uvre syst\u00e9matique des usines virtuelles d&rsquo;apprentissage, r\u00e9pondant aux besoins de la double transition. Une bo\u00eete \u00e0 outils compl\u00e8te sera publi\u00e9e, permettant aux centres de FPT d&rsquo;am\u00e9liorer leurs pratiques p\u00e9dagogiques gr\u00e2ce \u00e0 des environnements d&rsquo;apprentissage immersifs et collaboratifs, contribuant ainsi \u00e0 la modernisation des syst\u00e8mes de FPT et \u00e0 la promotion de l&rsquo;innovation dans les PME industrielles.   <\/p>\t\t\t\t\t\t\t\t<\/div>\n\t\t\t\t<\/div>\n\t\t\t\t<\/div>\n\t\t<div class=\"elementor-element elementor-element-5808880 e-con-full e-flex e-con e-child\" data-id=\"5808880\" data-element_type=\"container\">\n\t\t\t\t<div class=\"elementor-element elementor-element-10220c0 elementor-widget elementor-widget-image\" data-id=\"10220c0\" data-element_type=\"widget\" data-widget_type=\"image.default\">\n\t\t\t\t<div class=\"elementor-widget-container\">\n\t\t\t\t\t\t\t\t\t\t\t\t\t\t\t<img decoding=\"async\" width=\"1600\" height=\"1152\" src=\"https:\/\/vlf4eu-project.eu\/wp-content\/uploads\/2025\/03\/hiz2lvao6po.jpg\" class=\"attachment-full size-full wp-image-1712\" alt=\"man in yellow jacket wearing black goggles\" srcset=\"https:\/\/vlf4eu-project.eu\/wp-content\/uploads\/2025\/03\/hiz2lvao6po.jpg 1600w, https:\/\/vlf4eu-project.eu\/wp-content\/uploads\/2025\/03\/hiz2lvao6po-300x216.jpg 300w, https:\/\/vlf4eu-project.eu\/wp-content\/uploads\/2025\/03\/hiz2lvao6po-1024x737.jpg 1024w, https:\/\/vlf4eu-project.eu\/wp-content\/uploads\/2025\/03\/hiz2lvao6po-768x553.jpg 768w, https:\/\/vlf4eu-project.eu\/wp-content\/uploads\/2025\/03\/hiz2lvao6po-1536x1106.jpg 1536w\" sizes=\"(max-width: 1600px) 100vw, 1600px\" \/>\t\t\t\t\t\t\t\t\t\t\t\t\t\t\t<\/div>\n\t\t\t\t<\/div>\n\t\t\t\t<div class=\"elementor-element elementor-element-b38ca74 elementor-widget elementor-widget-heading\" data-id=\"b38ca74\" data-element_type=\"widget\" data-widget_type=\"heading.default\">\n\t\t\t\t<div class=\"elementor-widget-container\">\n\t\t\t\t\t<h5 class=\"elementor-heading-title elementor-size-default\">D\u00e9veloppement de la plateforme VLF4EU<\/h5>\t\t\t\t<\/div>\n\t\t\t\t<\/div>\n\t\t\t\t<div class=\"elementor-element elementor-element-a8891f7 elementor-widget elementor-widget-text-editor\" data-id=\"a8891f7\" data-element_type=\"widget\" data-widget_type=\"text-editor.default\">\n\t\t\t\t<div class=\"elementor-widget-container\">\n\t\t\t\t\t\t\t\t\t<p>Cette activit\u00e9 est d\u00e9di\u00e9e au d\u00e9veloppement de la plateforme immersive VLF4EU, qui servira d&rsquo;espace collaboratif pour les usines virtuelles d&rsquo;apprentissage. Cette plateforme permettra la cr\u00e9ation et la gestion de contenus de formation immersifs, offrant des exp\u00e9riences d&rsquo;apprentissage \u00e0 la fois physiques et virtuelles. Parmi ses principales fonctionnalit\u00e9s figurent un outil de cr\u00e9ation de contenu sans code, des outils d&rsquo;\u00e9valuation et la visualisation en temps r\u00e9el des donn\u00e9es du jumeau num\u00e9rique. La plateforme sera con\u00e7ue pour prendre en charge les exp\u00e9riences multi-utilisateurs et s&rsquo;int\u00e9grera parfaitement aux \u00e9cosyst\u00e8mes industriels existants, favorisant ainsi des pratiques de fabrication durables et enrichissant l&rsquo;exp\u00e9rience d&rsquo;apprentissage des \u00e9tudiants et des professionnels.   <\/p>\t\t\t\t\t\t\t\t<\/div>\n\t\t\t\t<\/div>\n\t\t\t\t<\/div>\n\t\t\t\t<\/div>\n\t\t<div class=\"elementor-element elementor-element-44a9a93 e-con-full e-flex e-con e-child\" data-id=\"44a9a93\" data-element_type=\"container\">\n\t\t<div class=\"elementor-element elementor-element-4455d94 e-con-full e-flex e-con e-child\" data-id=\"4455d94\" data-element_type=\"container\">\n\t\t\t\t<div class=\"elementor-element elementor-element-b4c3ccb elementor-widget elementor-widget-image\" data-id=\"b4c3ccb\" data-element_type=\"widget\" data-widget_type=\"image.default\">\n\t\t\t\t<div class=\"elementor-widget-container\">\n\t\t\t\t\t\t\t\t\t\t\t\t\t\t\t<img loading=\"lazy\" decoding=\"async\" width=\"1600\" height=\"1067\" src=\"https:\/\/vlf4eu-project.eu\/wp-content\/uploads\/2025\/03\/q8hfuo9udts.jpg\" class=\"attachment-full size-full wp-image-1711\" alt=\"books and pencil on wooden table\" srcset=\"https:\/\/vlf4eu-project.eu\/wp-content\/uploads\/2025\/03\/q8hfuo9udts.jpg 1600w, https:\/\/vlf4eu-project.eu\/wp-content\/uploads\/2025\/03\/q8hfuo9udts-300x200.jpg 300w, https:\/\/vlf4eu-project.eu\/wp-content\/uploads\/2025\/03\/q8hfuo9udts-1024x683.jpg 1024w, https:\/\/vlf4eu-project.eu\/wp-content\/uploads\/2025\/03\/q8hfuo9udts-768x512.jpg 768w, https:\/\/vlf4eu-project.eu\/wp-content\/uploads\/2025\/03\/q8hfuo9udts-1536x1024.jpg 1536w\" sizes=\"(max-width: 1600px) 100vw, 1600px\" \/>\t\t\t\t\t\t\t\t\t\t\t\t\t\t\t<\/div>\n\t\t\t\t<\/div>\n\t\t\t\t<div class=\"elementor-element elementor-element-964d7ae elementor-widget elementor-widget-heading\" data-id=\"964d7ae\" data-element_type=\"widget\" data-widget_type=\"heading.default\">\n\t\t\t\t<div class=\"elementor-widget-container\">\n\t\t\t\t\t<h5 class=\"elementor-heading-title elementor-size-default\">D\u00e9veloppement de modules d'apprentissage virtuels ax\u00e9s sur l'Industrie 5.0<\/h5>\t\t\t\t<\/div>\n\t\t\t\t<\/div>\n\t\t\t\t<div class=\"elementor-element elementor-element-8031643 elementor-widget elementor-widget-text-editor\" data-id=\"8031643\" data-element_type=\"widget\" data-widget_type=\"text-editor.default\">\n\t\t\t\t<div class=\"elementor-widget-container\">\n\t\t\t\t\t\t\t\t\t<p>Cette activit\u00e9 vise \u00e0 d\u00e9velopper des modules d&rsquo;apprentissage virtuels ax\u00e9s sur les technologies de l&rsquo;Industrie 5.0, destin\u00e9s \u00e0 la formation professionnelle initiale (niveaux 4 \u00e0 7 du CEC) et \u00e0 l&rsquo;apprentissage tout au long de la vie. Elle comprend la cr\u00e9ation de 48 modules de formation immersifs et la mise en \u0153uvre de 20 projets de p\u00e9dagogie immersive au sein de la plateforme VLF4EU. Les modules porteront sur les comp\u00e9tences num\u00e9riques et environnementales, en particulier sur les mat\u00e9riaux \u00e9cologiques, l&rsquo;efficacit\u00e9 \u00e9nerg\u00e9tique et la conception durable. L&rsquo;objectif est de valider ces modules aupr\u00e8s d&rsquo;au moins 200 apprenants, afin de garantir leur ad\u00e9quation aux besoins en comp\u00e9tences li\u00e9s \u00e0 la double transition num\u00e9rique et leur contribution \u00e0 la modernisation des cursus de formation professionnelle.   <\/p>\t\t\t\t\t\t\t\t<\/div>\n\t\t\t\t<\/div>\n\t\t\t\t<\/div>\n\t\t<div class=\"elementor-element elementor-element-259010f e-con-full e-flex e-con e-child\" data-id=\"259010f\" data-element_type=\"container\">\n\t\t\t\t<div class=\"elementor-element elementor-element-85916f0 elementor-widget elementor-widget-image\" data-id=\"85916f0\" data-element_type=\"widget\" data-widget_type=\"image.default\">\n\t\t\t\t<div class=\"elementor-widget-container\">\n\t\t\t\t\t\t\t\t\t\t\t\t\t\t\t<img loading=\"lazy\" decoding=\"async\" width=\"1600\" height=\"1200\" src=\"https:\/\/vlf4eu-project.eu\/wp-content\/uploads\/2025\/03\/5q07ss54d0q.jpg\" class=\"attachment-full size-full wp-image-1713\" alt=\"person holding orange flower petals\" srcset=\"https:\/\/vlf4eu-project.eu\/wp-content\/uploads\/2025\/03\/5q07ss54d0q.jpg 1600w, https:\/\/vlf4eu-project.eu\/wp-content\/uploads\/2025\/03\/5q07ss54d0q-300x225.jpg 300w, https:\/\/vlf4eu-project.eu\/wp-content\/uploads\/2025\/03\/5q07ss54d0q-1024x768.jpg 1024w, https:\/\/vlf4eu-project.eu\/wp-content\/uploads\/2025\/03\/5q07ss54d0q-768x576.jpg 768w, https:\/\/vlf4eu-project.eu\/wp-content\/uploads\/2025\/03\/5q07ss54d0q-1536x1152.jpg 1536w\" sizes=\"(max-width: 1600px) 100vw, 1600px\" \/>\t\t\t\t\t\t\t\t\t\t\t\t\t\t\t<\/div>\n\t\t\t\t<\/div>\n\t\t\t\t<div class=\"elementor-element elementor-element-e32009a elementor-widget elementor-widget-heading\" data-id=\"e32009a\" data-element_type=\"widget\" data-widget_type=\"heading.default\">\n\t\t\t\t<div class=\"elementor-widget-container\">\n\t\t\t\t\t<h5 class=\"elementor-heading-title elementor-size-default\">Mod\u00e8le d'innovation ouverte<\/h5>\t\t\t\t<\/div>\n\t\t\t\t<\/div>\n\t\t\t\t<div class=\"elementor-element elementor-element-de9807e elementor-widget elementor-widget-text-editor\" data-id=\"de9807e\" data-element_type=\"widget\" data-widget_type=\"text-editor.default\">\n\t\t\t\t<div class=\"elementor-widget-container\">\n\t\t\t\t\t\t\t\t\t<p>Cette activit\u00e9 vise \u00e0 \u00e9tablir un mod\u00e8le d&rsquo;innovation ouverte au sein de l&rsquo;Alliance VLF4EU, favorisant la collaboration entre les organismes de formation professionnelle, les PME manufacturi\u00e8res et d&rsquo;autres parties prenantes. Elle implique le d\u00e9veloppement et la mise en \u0153uvre de 10 projets pilotes d&rsquo;usines-\u00e9coles virtuelles, s\u00e9lectionn\u00e9s via le cadre d&rsquo;innovation ouverte de VLF4EU. L&rsquo;objectif est de promouvoir l&rsquo;esprit d&rsquo;entreprise et les initiatives entrepreneuriales par le biais de concours d&rsquo;innovation ouverte, encourageant les PME et les partenaires industriels \u00e0 s&rsquo;engager dans la recherche appliqu\u00e9e et le d\u00e9veloppement exp\u00e9rimental. En cr\u00e9ant un \u00e9cosyst\u00e8me collaboratif, le WP6 soutiendra l&rsquo;am\u00e9lioration continue et l&rsquo;extension des programmes de collaboration de VLF.   <\/p>\t\t\t\t\t\t\t\t<\/div>\n\t\t\t\t<\/div>\n\t\t\t\t<\/div>\n\t\t<div class=\"elementor-element elementor-element-4113f57 e-con-full e-flex e-con e-child\" data-id=\"4113f57\" data-element_type=\"container\">\n\t\t\t\t<div class=\"elementor-element elementor-element-825136b elementor-widget elementor-widget-image\" data-id=\"825136b\" data-element_type=\"widget\" data-widget_type=\"image.default\">\n\t\t\t\t<div class=\"elementor-widget-container\">\n\t\t\t\t\t\t\t\t\t\t\t\t\t\t\t<img loading=\"lazy\" decoding=\"async\" width=\"1600\" height=\"1067\" src=\"https:\/\/vlf4eu-project.eu\/wp-content\/uploads\/2025\/03\/novia_x_tfo.jpg\" class=\"attachment-full size-full wp-image-1714\" alt=\"crowd of people in building lobby\" srcset=\"https:\/\/vlf4eu-project.eu\/wp-content\/uploads\/2025\/03\/novia_x_tfo.jpg 1600w, https:\/\/vlf4eu-project.eu\/wp-content\/uploads\/2025\/03\/novia_x_tfo-300x200.jpg 300w, https:\/\/vlf4eu-project.eu\/wp-content\/uploads\/2025\/03\/novia_x_tfo-1024x683.jpg 1024w, https:\/\/vlf4eu-project.eu\/wp-content\/uploads\/2025\/03\/novia_x_tfo-768x512.jpg 768w, https:\/\/vlf4eu-project.eu\/wp-content\/uploads\/2025\/03\/novia_x_tfo-1536x1024.jpg 1536w\" sizes=\"(max-width: 1600px) 100vw, 1600px\" \/>\t\t\t\t\t\t\t\t\t\t\t\t\t\t\t<\/div>\n\t\t\t\t<\/div>\n\t\t\t\t<div class=\"elementor-element elementor-element-89e2e62 elementor-widget elementor-widget-heading\" data-id=\"89e2e62\" data-element_type=\"widget\" data-widget_type=\"heading.default\">\n\t\t\t\t<div class=\"elementor-widget-container\">\n\t\t\t\t\t<h5 class=\"elementor-heading-title elementor-size-default\">Impact, diffusion et communication<\/h5>\t\t\t\t<\/div>\n\t\t\t\t<\/div>\n\t\t\t\t<div class=\"elementor-element elementor-element-a7e8ccb elementor-widget elementor-widget-text-editor\" data-id=\"a7e8ccb\" data-element_type=\"widget\" data-widget_type=\"text-editor.default\">\n\t\t\t\t<div class=\"elementor-widget-container\">\n\t\t\t\t\t\t\t\t\t<p>Cette activit\u00e9 vise \u00e0 maximiser l&rsquo;impact et la visibilit\u00e9 du projet VLF4EU gr\u00e2ce \u00e0 des strat\u00e9gies de diffusion et de communication efficaces. Il s&rsquo;agit notamment d&rsquo;organiser des conf\u00e9rences et des \u00e9v\u00e9nements de diffusion r\u00e9gionaux, et de cr\u00e9er des supports de diffusion tels que des brochures, des affiches et du contenu pour les r\u00e9seaux sociaux. L&rsquo;objectif est de toucher un large public, incluant les acteurs du secteur de l&rsquo;\u00e9ducation, les d\u00e9cideurs politiques et le grand public, afin de promouvoir l&rsquo;adoption des usines virtuelles d&rsquo;apprentissage et des technologies immersives dans les syst\u00e8mes d&rsquo;enseignement et de formation professionnels (EFP). Cette action permettra \u00e9galement de valoriser le financement europ\u00e9en et de contribuer \u00e0 l&rsquo;Espace europ\u00e9en de la recherche en partageant les r\u00e9sultats du projet et les bonnes pratiques.   <\/p>\t\t\t\t\t\t\t\t<\/div>\n\t\t\t\t<\/div>\n\t\t\t\t<\/div>\n\t\t\t\t<\/div>\n\t\t\t\t<\/div>\n\t\t<div class=\"elementor-element elementor-element-f725090 e-flex e-con-boxed e-con e-parent\" data-id=\"f725090\" data-element_type=\"container\">\n\t\t\t\t\t<div class=\"e-con-inner\">\n\t\t\t\t\t<\/div>\n\t\t\t\t<\/div>\n\t\t\t\t<\/div>\n\t\t","protected":false},"excerpt":{"rendered":"<p>Activit\u00e9s Cr\u00e9ation de l&rsquo;Alliance VLF4EU Cette initiative vise \u00e0 cr\u00e9er l&rsquo;Alliance VLF4EU, un r\u00e9seau collaboratif de \u00ab fabriques d&rsquo;apprentissage virtuelles \u00bb europ\u00e9ennes. Elle ambitionne de mettre en place un mod\u00e8le durable et inclusif favorisant la collaboration entre les centres de formation professionnelle et sup\u00e9rieure, les universit\u00e9s, les PME et les associations professionnelles. Les \u00e9tapes cl\u00e9s [&hellip;]<\/p>\n","protected":false},"author":3,"featured_media":0,"parent":0,"menu_order":0,"comment_status":"closed","ping_status":"closed","template":"","meta":{"site-sidebar-layout":"no-sidebar","site-content-layout":"","ast-site-content-layout":"full-width-container","site-content-style":"default","site-sidebar-style":"default","ast-global-header-display":"","ast-banner-title-visibility":"","ast-main-header-display":"","ast-hfb-above-header-display":"","ast-hfb-below-header-display":"","ast-hfb-mobile-header-display":"","site-post-title":"disabled","ast-breadcrumbs-content":"","ast-featured-img":"disabled","footer-sml-layout":"","theme-transparent-header-meta":"","adv-header-id-meta":"","stick-header-meta":"","header-above-stick-meta":"","header-main-stick-meta":"","header-below-stick-meta":"","astra-migrate-meta-layouts":"default","ast-page-background-enabled":"default","ast-page-background-meta":{"desktop":{"background-color":"var(--ast-global-color-4)","background-image":"","background-repeat":"repeat","background-position":"center center","background-size":"auto","background-attachment":"scroll","background-type":"","background-media":"","overlay-type":"","overlay-color":"","overlay-opacity":"","overlay-gradient":""},"tablet":{"background-color":"","background-image":"","background-repeat":"repeat","background-position":"center center","background-size":"auto","background-attachment":"scroll","background-type":"","background-media":"","overlay-type":"","overlay-color":"","overlay-opacity":"","overlay-gradient":""},"mobile":{"background-color":"","background-image":"","background-repeat":"repeat","background-position":"center center","background-size":"auto","background-attachment":"scroll","background-type":"","background-media":"","overlay-type":"","overlay-color":"","overlay-opacity":"","overlay-gradient":""}},"ast-content-background-meta":{"desktop":{"background-color":"var(--ast-global-color-5)","background-image":"","background-repeat":"repeat","background-position":"center center","background-size":"auto","background-attachment":"scroll","background-type":"","background-media":"","overlay-type":"","overlay-color":"","overlay-opacity":"","overlay-gradient":""},"tablet":{"background-color":"var(--ast-global-color-5)","background-image":"","background-repeat":"repeat","background-position":"center center","background-size":"auto","background-attachment":"scroll","background-type":"","background-media":"","overlay-type":"","overlay-color":"","overlay-opacity":"","overlay-gradient":""},"mobile":{"background-color":"var(--ast-global-color-5)","background-image":"","background-repeat":"repeat","background-position":"center center","background-size":"auto","background-attachment":"scroll","background-type":"","background-media":"","overlay-type":"","overlay-color":"","overlay-opacity":"","overlay-gradient":""}},"footnotes":""},"class_list":["post-1705","page","type-page","status-publish","hentry"],"_links":{"self":[{"href":"https:\/\/vlf4eu-project.eu\/fr\/wp-json\/wp\/v2\/pages\/1705","targetHints":{"allow":["GET"]}}],"collection":[{"href":"https:\/\/vlf4eu-project.eu\/fr\/wp-json\/wp\/v2\/pages"}],"about":[{"href":"https:\/\/vlf4eu-project.eu\/fr\/wp-json\/wp\/v2\/types\/page"}],"author":[{"embeddable":true,"href":"https:\/\/vlf4eu-project.eu\/fr\/wp-json\/wp\/v2\/users\/3"}],"replies":[{"embeddable":true,"href":"https:\/\/vlf4eu-project.eu\/fr\/wp-json\/wp\/v2\/comments?post=1705"}],"version-history":[{"count":1,"href":"https:\/\/vlf4eu-project.eu\/fr\/wp-json\/wp\/v2\/pages\/1705\/revisions"}],"predecessor-version":[{"id":1715,"href":"https:\/\/vlf4eu-project.eu\/fr\/wp-json\/wp\/v2\/pages\/1705\/revisions\/1715"}],"wp:attachment":[{"href":"https:\/\/vlf4eu-project.eu\/fr\/wp-json\/wp\/v2\/media?parent=1705"}],"curies":[{"name":"wp","href":"https:\/\/api.w.org\/{rel}","templated":true}]}}