{"id":1740,"date":"2025-03-21T07:09:17","date_gmt":"2025-03-21T07:09:17","guid":{"rendered":"https:\/\/vlf4eu-project.eu\/attivita\/"},"modified":"2025-11-11T08:30:49","modified_gmt":"2025-11-11T08:30:49","slug":"attivita","status":"publish","type":"page","link":"https:\/\/vlf4eu-project.eu\/it\/attivita\/","title":{"rendered":"Attivit\u00e0"},"content":{"rendered":"\t\t<div data-elementor-type=\"wp-page\" data-elementor-id=\"1740\" class=\"elementor elementor-1740 elementor-979\">\n\t\t\t\t<div class=\"elementor-element elementor-element-17c76f4 e-flex e-con-boxed e-con e-parent\" data-id=\"17c76f4\" data-element_type=\"container\" data-settings=\"{&quot;background_background&quot;:&quot;classic&quot;}\">\n\t\t\t\t\t<div class=\"e-con-inner\">\n\t\t\t\t<div class=\"elementor-element elementor-element-830934f elementor-widget elementor-widget-heading\" data-id=\"830934f\" data-element_type=\"widget\" data-widget_type=\"heading.default\">\n\t\t\t\t<div class=\"elementor-widget-container\">\n\t\t\t\t\t<h1 class=\"elementor-heading-title elementor-size-default\">Activities<\/h1>\t\t\t\t<\/div>\n\t\t\t\t<\/div>\n\t\t\t\t\t<\/div>\n\t\t\t\t<\/div>\n\t\t<div class=\"elementor-element elementor-element-b642bcb e-con-full e-flex e-con e-parent\" data-id=\"b642bcb\" data-element_type=\"container\">\n\t\t<div class=\"elementor-element elementor-element-9c6fe8f e-con-full e-flex e-con e-child\" data-id=\"9c6fe8f\" data-element_type=\"container\">\n\t\t<div class=\"elementor-element elementor-element-60dab09 e-con-full e-flex e-con e-child\" data-id=\"60dab09\" data-element_type=\"container\">\n\t\t\t\t<div class=\"elementor-element elementor-element-476c785 elementor-widget elementor-widget-image\" data-id=\"476c785\" data-element_type=\"widget\" data-widget_type=\"image.default\">\n\t\t\t\t<div class=\"elementor-widget-container\">\n\t\t\t\t\t\t\t\t\t\t\t\t\t\t\t<img fetchpriority=\"high\" decoding=\"async\" width=\"688\" height=\"1024\" src=\"https:\/\/vlf4eu-project.eu\/wp-content\/uploads\/2025\/03\/alliance-REALISTA.webp\" class=\"attachment-full size-full wp-image-1743\" alt=\"\" srcset=\"https:\/\/vlf4eu-project.eu\/wp-content\/uploads\/2025\/03\/alliance-REALISTA.webp 688w, https:\/\/vlf4eu-project.eu\/wp-content\/uploads\/2025\/03\/alliance-REALISTA-202x300.webp 202w\" sizes=\"(max-width: 688px) 100vw, 688px\" \/>\t\t\t\t\t\t\t\t\t\t\t\t\t\t\t<\/div>\n\t\t\t\t<\/div>\n\t\t\t\t<div class=\"elementor-element elementor-element-301db1e elementor-widget elementor-widget-heading\" data-id=\"301db1e\" data-element_type=\"widget\" data-widget_type=\"heading.default\">\n\t\t\t\t<div class=\"elementor-widget-container\">\n\t\t\t\t\t<h5 class=\"elementor-heading-title elementor-size-default\">Costituzione dell'Alleanza VLF4EU<\/h5>\t\t\t\t<\/div>\n\t\t\t\t<\/div>\n\t\t\t\t<div class=\"elementor-element elementor-element-178f7e6 elementor-widget elementor-widget-text-editor\" data-id=\"178f7e6\" data-element_type=\"widget\" data-widget_type=\"text-editor.default\">\n\t\t\t\t<div class=\"elementor-widget-container\">\n\t\t\t\t\t\t\t\t\t<p>L&#8217;attivit\u00e0 mira a creare l&#8217;Alleanza VLF4EU, una rete collaborativa di fabbriche di apprendimento virtuale europee. L&#8217;obiettivo \u00e8 creare un modello sostenibile e inclusivo che promuova la collaborazione tra centri di istruzione e formazione professionale (IFP\/HVET), universit\u00e0, PMI e associazioni di settore. I passaggi chiave includono l&#8217;organizzazione di workshop, la stipula di accordi di partenariato e lo sviluppo di una visione e di una roadmap dei servizi. L&#8217;alleanza sar\u00e0 legalmente costituita, con un kit di strumenti sviluppato per implementare fabbriche di apprendimento virtuale in tutta Europa, garantendo collaborazione e innovazione a lungo termine.   <\/p>\t\t\t\t\t\t\t\t<\/div>\n\t\t\t\t<\/div>\n\t\t\t\t<\/div>\n\t\t<div class=\"elementor-element elementor-element-e436349 e-con-full e-flex e-con e-child\" data-id=\"e436349\" data-element_type=\"container\">\n\t\t\t\t<div class=\"elementor-element elementor-element-95722e8 elementor-widget elementor-widget-image\" data-id=\"95722e8\" data-element_type=\"widget\" data-widget_type=\"image.default\">\n\t\t\t\t<div class=\"elementor-widget-container\">\n\t\t\t\t\t\t\t\t\t\t\t\t\t\t\t<img decoding=\"async\" width=\"1280\" height=\"1920\" src=\"https:\/\/vlf4eu-project.eu\/wp-content\/uploads\/2025\/02\/ai-generated-8894558_1920.jpg\" class=\"attachment-full size-full wp-image-1720\" alt=\"\" srcset=\"https:\/\/vlf4eu-project.eu\/wp-content\/uploads\/2025\/02\/ai-generated-8894558_1920.jpg 1280w, https:\/\/vlf4eu-project.eu\/wp-content\/uploads\/2025\/02\/ai-generated-8894558_1920-200x300.jpg 200w, https:\/\/vlf4eu-project.eu\/wp-content\/uploads\/2025\/02\/ai-generated-8894558_1920-683x1024.jpg 683w, https:\/\/vlf4eu-project.eu\/wp-content\/uploads\/2025\/02\/ai-generated-8894558_1920-768x1152.jpg 768w, https:\/\/vlf4eu-project.eu\/wp-content\/uploads\/2025\/02\/ai-generated-8894558_1920-1024x1536.jpg 1024w\" sizes=\"(max-width: 1280px) 100vw, 1280px\" \/>\t\t\t\t\t\t\t\t\t\t\t\t\t\t\t<\/div>\n\t\t\t\t<\/div>\n\t\t\t\t<div class=\"elementor-element elementor-element-4c4800c elementor-widget elementor-widget-heading\" data-id=\"4c4800c\" data-element_type=\"widget\" data-widget_type=\"heading.default\">\n\t\t\t\t<div class=\"elementor-widget-container\">\n\t\t\t\t\t<h5 class=\"elementor-heading-title elementor-size-default\">Implementazione dei VLF in tutta l'UE<\/h5>\t\t\t\t<\/div>\n\t\t\t\t<\/div>\n\t\t\t\t<div class=\"elementor-element elementor-element-f7c5a75 elementor-widget elementor-widget-text-editor\" data-id=\"f7c5a75\" data-element_type=\"widget\" data-widget_type=\"text-editor.default\">\n\t\t\t\t<div class=\"elementor-widget-container\">\n\t\t\t\t\t\t\t\t\t<p>Questa attivit\u00e0 riguarda l&#8217;implementazione sistematica di fabbriche di apprendimento virtuali (VLF) in tutta Europa, con l&#8217;obiettivo di sviluppare un kit di strumenti e metodologie che facilitino l&#8217;adozione delle VLF nei centri di istruzione e formazione professionale (IFP\/HVET). Ci\u00f2 comporta la creazione di un modello VLF minimo praticabile basato sui principi di apprendimento attivo e sulla pedagogia VLF4EU, garantendo inclusivit\u00e0 e sviluppo regionale. Il kit di strumenti fornir\u00e0 linee guida agli istituti di istruzione e formazione professionale per l&#8217;implementazione sistematica di fabbriche di apprendimento virtuali, rispondendo alle esigenze della doppia transizione. Verr\u00e0 pubblicato un kit di strumenti completo, che consentir\u00e0 ai centri di istruzione e formazione professionale di migliorare le proprie pratiche didattiche attraverso ambienti di apprendimento immersivi e collaborativi, supportando cos\u00ec la modernizzazione dei sistemi di istruzione e formazione professionale e promuovendo l&#8217;innovazione nelle PMI industriali.   <\/p>\t\t\t\t\t\t\t\t<\/div>\n\t\t\t\t<\/div>\n\t\t\t\t<\/div>\n\t\t<div class=\"elementor-element elementor-element-5808880 e-con-full e-flex e-con e-child\" data-id=\"5808880\" data-element_type=\"container\">\n\t\t\t\t<div class=\"elementor-element elementor-element-10220c0 elementor-widget elementor-widget-image\" data-id=\"10220c0\" data-element_type=\"widget\" data-widget_type=\"image.default\">\n\t\t\t\t<div class=\"elementor-widget-container\">\n\t\t\t\t\t\t\t\t\t\t\t\t\t\t\t<img decoding=\"async\" width=\"1600\" height=\"1152\" src=\"https:\/\/vlf4eu-project.eu\/wp-content\/uploads\/2025\/03\/hiz2lvao6po.jpg\" class=\"attachment-full size-full wp-image-1747\" alt=\"man in yellow jacket wearing black goggles\" srcset=\"https:\/\/vlf4eu-project.eu\/wp-content\/uploads\/2025\/03\/hiz2lvao6po.jpg 1600w, https:\/\/vlf4eu-project.eu\/wp-content\/uploads\/2025\/03\/hiz2lvao6po-300x216.jpg 300w, https:\/\/vlf4eu-project.eu\/wp-content\/uploads\/2025\/03\/hiz2lvao6po-1024x737.jpg 1024w, https:\/\/vlf4eu-project.eu\/wp-content\/uploads\/2025\/03\/hiz2lvao6po-768x553.jpg 768w, https:\/\/vlf4eu-project.eu\/wp-content\/uploads\/2025\/03\/hiz2lvao6po-1536x1106.jpg 1536w\" sizes=\"(max-width: 1600px) 100vw, 1600px\" \/>\t\t\t\t\t\t\t\t\t\t\t\t\t\t\t<\/div>\n\t\t\t\t<\/div>\n\t\t\t\t<div class=\"elementor-element elementor-element-b38ca74 elementor-widget elementor-widget-heading\" data-id=\"b38ca74\" data-element_type=\"widget\" data-widget_type=\"heading.default\">\n\t\t\t\t<div class=\"elementor-widget-container\">\n\t\t\t\t\t<h5 class=\"elementor-heading-title elementor-size-default\">Sviluppo della piattaforma VLF4EU<\/h5>\t\t\t\t<\/div>\n\t\t\t\t<\/div>\n\t\t\t\t<div class=\"elementor-element elementor-element-a8891f7 elementor-widget elementor-widget-text-editor\" data-id=\"a8891f7\" data-element_type=\"widget\" data-widget_type=\"text-editor.default\">\n\t\t\t\t<div class=\"elementor-widget-container\">\n\t\t\t\t\t\t\t\t\t<p>Questa attivit\u00e0 \u00e8 dedicata allo sviluppo della piattaforma immersiva VLF4EU, che funger\u00e0 da spazio collaborativo per fabbriche di apprendimento virtuali. Questa piattaforma consentir\u00e0 la creazione e la gestione di contenuti formativi immersivi, consentendo esperienze di apprendimento sia fisiche che virtuali. Le caratteristiche principali includono uno strumento &#8220;no-code&#8221; per la creazione di contenuti, strumenti di valutazione e visualizzazione in tempo reale dei dati dei gemelli digitali. La piattaforma sar\u00e0 progettata per supportare esperienze multiutente e integrarsi perfettamente con gli ecosistemi industriali esistenti, promuovendo pratiche di produzione sostenibili e migliorando l&#8217;esperienza di apprendimento sia per studenti che per professionisti.   <\/p>\t\t\t\t\t\t\t\t<\/div>\n\t\t\t\t<\/div>\n\t\t\t\t<\/div>\n\t\t\t\t<\/div>\n\t\t<div class=\"elementor-element elementor-element-44a9a93 e-con-full e-flex e-con e-child\" data-id=\"44a9a93\" data-element_type=\"container\">\n\t\t<div class=\"elementor-element elementor-element-4455d94 e-con-full e-flex e-con e-child\" data-id=\"4455d94\" data-element_type=\"container\">\n\t\t\t\t<div class=\"elementor-element elementor-element-b4c3ccb elementor-widget elementor-widget-image\" data-id=\"b4c3ccb\" data-element_type=\"widget\" data-widget_type=\"image.default\">\n\t\t\t\t<div class=\"elementor-widget-container\">\n\t\t\t\t\t\t\t\t\t\t\t\t\t\t\t<img loading=\"lazy\" decoding=\"async\" width=\"1600\" height=\"1067\" src=\"https:\/\/vlf4eu-project.eu\/wp-content\/uploads\/2025\/03\/q8hfuo9udts.jpg\" class=\"attachment-full size-full wp-image-1746\" alt=\"books and pencil on wooden table\" srcset=\"https:\/\/vlf4eu-project.eu\/wp-content\/uploads\/2025\/03\/q8hfuo9udts.jpg 1600w, https:\/\/vlf4eu-project.eu\/wp-content\/uploads\/2025\/03\/q8hfuo9udts-300x200.jpg 300w, https:\/\/vlf4eu-project.eu\/wp-content\/uploads\/2025\/03\/q8hfuo9udts-1024x683.jpg 1024w, https:\/\/vlf4eu-project.eu\/wp-content\/uploads\/2025\/03\/q8hfuo9udts-768x512.jpg 768w, https:\/\/vlf4eu-project.eu\/wp-content\/uploads\/2025\/03\/q8hfuo9udts-1536x1024.jpg 1536w\" sizes=\"(max-width: 1600px) 100vw, 1600px\" \/>\t\t\t\t\t\t\t\t\t\t\t\t\t\t\t<\/div>\n\t\t\t\t<\/div>\n\t\t\t\t<div class=\"elementor-element elementor-element-964d7ae elementor-widget elementor-widget-heading\" data-id=\"964d7ae\" data-element_type=\"widget\" data-widget_type=\"heading.default\">\n\t\t\t\t<div class=\"elementor-widget-container\">\n\t\t\t\t\t<h5 class=\"elementor-heading-title elementor-size-default\">Sviluppo di moduli di apprendimento virtuale incentrati sull'Industria 5.0<\/h5>\t\t\t\t<\/div>\n\t\t\t\t<\/div>\n\t\t\t\t<div class=\"elementor-element elementor-element-8031643 elementor-widget elementor-widget-text-editor\" data-id=\"8031643\" data-element_type=\"widget\" data-widget_type=\"text-editor.default\">\n\t\t\t\t<div class=\"elementor-widget-container\">\n\t\t\t\t\t\t\t\t\t<p>Questa attivit\u00e0 si concentra sullo sviluppo di moduli di apprendimento virtuale incentrati sulle tecnologie dell&#8217;Industria 5.0, rivolti sia alla formazione professionale iniziale (livelli EQF 4-7) sia all&#8217;apprendimento permanente. Ci\u00f2 comporta la creazione di 48 moduli di formazione immersiva e l&#8217;implementazione di 20 progetti di pedagogia immersiva all&#8217;interno della piattaforma VLF4EU. I moduli affronteranno competenze digitali e green, con particolare attenzione ai materiali ecocompatibili, all&#8217;efficienza energetica e alla progettazione sostenibile. L&#8217;obiettivo \u00e8 convalidare questi moduli con almeno 200 studenti, garantendo che soddisfino le esigenze di competenze della doppia transizione e contribuiscano alla modernizzazione dei curricula di istruzione e formazione professionale.   <\/p>\t\t\t\t\t\t\t\t<\/div>\n\t\t\t\t<\/div>\n\t\t\t\t<\/div>\n\t\t<div class=\"elementor-element elementor-element-259010f e-con-full e-flex e-con e-child\" data-id=\"259010f\" data-element_type=\"container\">\n\t\t\t\t<div class=\"elementor-element elementor-element-85916f0 elementor-widget elementor-widget-image\" data-id=\"85916f0\" data-element_type=\"widget\" data-widget_type=\"image.default\">\n\t\t\t\t<div class=\"elementor-widget-container\">\n\t\t\t\t\t\t\t\t\t\t\t\t\t\t\t<img loading=\"lazy\" decoding=\"async\" width=\"1600\" height=\"1200\" src=\"https:\/\/vlf4eu-project.eu\/wp-content\/uploads\/2025\/03\/5q07ss54d0q.jpg\" class=\"attachment-full size-full wp-image-1748\" alt=\"person holding orange flower petals\" srcset=\"https:\/\/vlf4eu-project.eu\/wp-content\/uploads\/2025\/03\/5q07ss54d0q.jpg 1600w, https:\/\/vlf4eu-project.eu\/wp-content\/uploads\/2025\/03\/5q07ss54d0q-300x225.jpg 300w, https:\/\/vlf4eu-project.eu\/wp-content\/uploads\/2025\/03\/5q07ss54d0q-1024x768.jpg 1024w, https:\/\/vlf4eu-project.eu\/wp-content\/uploads\/2025\/03\/5q07ss54d0q-768x576.jpg 768w, https:\/\/vlf4eu-project.eu\/wp-content\/uploads\/2025\/03\/5q07ss54d0q-1536x1152.jpg 1536w\" sizes=\"(max-width: 1600px) 100vw, 1600px\" \/>\t\t\t\t\t\t\t\t\t\t\t\t\t\t\t<\/div>\n\t\t\t\t<\/div>\n\t\t\t\t<div class=\"elementor-element elementor-element-e32009a elementor-widget elementor-widget-heading\" data-id=\"e32009a\" data-element_type=\"widget\" data-widget_type=\"heading.default\">\n\t\t\t\t<div class=\"elementor-widget-container\">\n\t\t\t\t\t<h5 class=\"elementor-heading-title elementor-size-default\">Modello di innovazione aperta<\/h5>\t\t\t\t<\/div>\n\t\t\t\t<\/div>\n\t\t\t\t<div class=\"elementor-element elementor-element-de9807e elementor-widget elementor-widget-text-editor\" data-id=\"de9807e\" data-element_type=\"widget\" data-widget_type=\"text-editor.default\">\n\t\t\t\t<div class=\"elementor-widget-container\">\n\t\t\t\t\t\t\t\t\t<p>Questa attivit\u00e0 mira a stabilire un modello di innovazione aperta all&#8217;interno dell&#8217;Alleanza VLF4EU, promuovendo la collaborazione tra fornitori di formazione professionale (IFP), PMI manifatturiere e altri stakeholder. Ci\u00f2 comporta lo sviluppo e l&#8217;implementazione di 10 casi pilota su fabbriche di apprendimento virtualizzate, selezionate attraverso il framework di innovazione aperta VLF4EU. L&#8217;obiettivo \u00e8 promuovere competenze e iniziative imprenditoriali attraverso concorsi di innovazione aperta, incoraggiando le PMI e i partner industriali a impegnarsi nella ricerca applicata e nello sviluppo sperimentale. Creando un ecosistema collaborativo, il WP6 supporter\u00e0 il miglioramento continuo e la scalabilit\u00e0 dei programmi di collaborazione VLF.   <\/p>\t\t\t\t\t\t\t\t<\/div>\n\t\t\t\t<\/div>\n\t\t\t\t<\/div>\n\t\t<div class=\"elementor-element elementor-element-4113f57 e-con-full e-flex e-con e-child\" data-id=\"4113f57\" data-element_type=\"container\">\n\t\t\t\t<div class=\"elementor-element elementor-element-825136b elementor-widget elementor-widget-image\" data-id=\"825136b\" data-element_type=\"widget\" data-widget_type=\"image.default\">\n\t\t\t\t<div class=\"elementor-widget-container\">\n\t\t\t\t\t\t\t\t\t\t\t\t\t\t\t<img loading=\"lazy\" decoding=\"async\" width=\"1600\" height=\"1067\" src=\"https:\/\/vlf4eu-project.eu\/wp-content\/uploads\/2025\/03\/novia_x_tfo.jpg\" class=\"attachment-full size-full wp-image-1749\" alt=\"crowd of people in building lobby\" srcset=\"https:\/\/vlf4eu-project.eu\/wp-content\/uploads\/2025\/03\/novia_x_tfo.jpg 1600w, https:\/\/vlf4eu-project.eu\/wp-content\/uploads\/2025\/03\/novia_x_tfo-300x200.jpg 300w, https:\/\/vlf4eu-project.eu\/wp-content\/uploads\/2025\/03\/novia_x_tfo-1024x683.jpg 1024w, https:\/\/vlf4eu-project.eu\/wp-content\/uploads\/2025\/03\/novia_x_tfo-768x512.jpg 768w, https:\/\/vlf4eu-project.eu\/wp-content\/uploads\/2025\/03\/novia_x_tfo-1536x1024.jpg 1536w\" sizes=\"(max-width: 1600px) 100vw, 1600px\" \/>\t\t\t\t\t\t\t\t\t\t\t\t\t\t\t<\/div>\n\t\t\t\t<\/div>\n\t\t\t\t<div class=\"elementor-element elementor-element-89e2e62 elementor-widget elementor-widget-heading\" data-id=\"89e2e62\" data-element_type=\"widget\" data-widget_type=\"heading.default\">\n\t\t\t\t<div class=\"elementor-widget-container\">\n\t\t\t\t\t<h5 class=\"elementor-heading-title elementor-size-default\">Impatto, diffusione e comunicazione<\/h5>\t\t\t\t<\/div>\n\t\t\t\t<\/div>\n\t\t\t\t<div class=\"elementor-element elementor-element-a7e8ccb elementor-widget elementor-widget-text-editor\" data-id=\"a7e8ccb\" data-element_type=\"widget\" data-widget_type=\"text-editor.default\">\n\t\t\t\t<div class=\"elementor-widget-container\">\n\t\t\t\t\t\t\t\t\t<p>Questa attivit\u00e0 \u00e8 dedicata a massimizzare l&#8217;impatto e la visibilit\u00e0 del progetto VLF4EU attraverso efficaci strategie di disseminazione e comunicazione. Ci\u00f2 prevede l&#8217;organizzazione di conferenze, eventi di disseminazione regionali e la creazione di materiali di disseminazione come brochure, poster e contenuti per i social media. L&#8217;obiettivo \u00e8 raggiungere un vasto pubblico, inclusi stakeholder del settore dell&#8217;istruzione, responsabili politici e il grande pubblico, per promuovere l&#8217;adozione di fabbriche di apprendimento virtuali e tecnologie immersive nei sistemi di istruzione e formazione professionale. Questo compito garantir\u00e0 inoltre la visibilit\u00e0 dei finanziamenti UE e contribuir\u00e0 allo Spazio europeo della ricerca condividendo i risultati del progetto e le migliori pratiche.   <\/p>\t\t\t\t\t\t\t\t<\/div>\n\t\t\t\t<\/div>\n\t\t\t\t<\/div>\n\t\t\t\t<\/div>\n\t\t\t\t<\/div>\n\t\t<div class=\"elementor-element elementor-element-f725090 e-flex e-con-boxed e-con e-parent\" data-id=\"f725090\" data-element_type=\"container\">\n\t\t\t\t\t<div class=\"e-con-inner\">\n\t\t\t\t\t<\/div>\n\t\t\t\t<\/div>\n\t\t\t\t<\/div>\n\t\t","protected":false},"excerpt":{"rendered":"<p>Activities Costituzione dell&#8217;Alleanza VLF4EU L&#8217;attivit\u00e0 mira a creare l&#8217;Alleanza VLF4EU, una rete collaborativa di fabbriche di apprendimento virtuale europee. L&#8217;obiettivo \u00e8 creare un modello sostenibile e inclusivo che promuova la collaborazione tra centri di istruzione e formazione professionale (IFP\/HVET), universit\u00e0, PMI e associazioni di settore. I passaggi chiave includono l&#8217;organizzazione di workshop, la stipula di [&hellip;]<\/p>\n","protected":false},"author":3,"featured_media":0,"parent":0,"menu_order":0,"comment_status":"closed","ping_status":"closed","template":"","meta":{"site-sidebar-layout":"no-sidebar","site-content-layout":"","ast-site-content-layout":"full-width-container","site-content-style":"default","site-sidebar-style":"default","ast-global-header-display":"","ast-banner-title-visibility":"","ast-main-header-display":"","ast-hfb-above-header-display":"","ast-hfb-below-header-display":"","ast-hfb-mobile-header-display":"","site-post-title":"disabled","ast-breadcrumbs-content":"","ast-featured-img":"disabled","footer-sml-layout":"","theme-transparent-header-meta":"","adv-header-id-meta":"","stick-header-meta":"","header-above-stick-meta":"","header-main-stick-meta":"","header-below-stick-meta":"","astra-migrate-meta-layouts":"default","ast-page-background-enabled":"default","ast-page-background-meta":{"desktop":{"background-color":"var(--ast-global-color-4)","background-image":"","background-repeat":"repeat","background-position":"center center","background-size":"auto","background-attachment":"scroll","background-type":"","background-media":"","overlay-type":"","overlay-color":"","overlay-opacity":"","overlay-gradient":""},"tablet":{"background-color":"","background-image":"","background-repeat":"repeat","background-position":"center center","background-size":"auto","background-attachment":"scroll","background-type":"","background-media":"","overlay-type":"","overlay-color":"","overlay-opacity":"","overlay-gradient":""},"mobile":{"background-color":"","background-image":"","background-repeat":"repeat","background-position":"center center","background-size":"auto","background-attachment":"scroll","background-type":"","background-media":"","overlay-type":"","overlay-color":"","overlay-opacity":"","overlay-gradient":""}},"ast-content-background-meta":{"desktop":{"background-color":"var(--ast-global-color-5)","background-image":"","background-repeat":"repeat","background-position":"center center","background-size":"auto","background-attachment":"scroll","background-type":"","background-media":"","overlay-type":"","overlay-color":"","overlay-opacity":"","overlay-gradient":""},"tablet":{"background-color":"var(--ast-global-color-5)","background-image":"","background-repeat":"repeat","background-position":"center center","background-size":"auto","background-attachment":"scroll","background-type":"","background-media":"","overlay-type":"","overlay-color":"","overlay-opacity":"","overlay-gradient":""},"mobile":{"background-color":"var(--ast-global-color-5)","background-image":"","background-repeat":"repeat","background-position":"center center","background-size":"auto","background-attachment":"scroll","background-type":"","background-media":"","overlay-type":"","overlay-color":"","overlay-opacity":"","overlay-gradient":""}},"footnotes":""},"class_list":["post-1740","page","type-page","status-publish","hentry"],"_links":{"self":[{"href":"https:\/\/vlf4eu-project.eu\/it\/wp-json\/wp\/v2\/pages\/1740","targetHints":{"allow":["GET"]}}],"collection":[{"href":"https:\/\/vlf4eu-project.eu\/it\/wp-json\/wp\/v2\/pages"}],"about":[{"href":"https:\/\/vlf4eu-project.eu\/it\/wp-json\/wp\/v2\/types\/page"}],"author":[{"embeddable":true,"href":"https:\/\/vlf4eu-project.eu\/it\/wp-json\/wp\/v2\/users\/3"}],"replies":[{"embeddable":true,"href":"https:\/\/vlf4eu-project.eu\/it\/wp-json\/wp\/v2\/comments?post=1740"}],"version-history":[{"count":1,"href":"https:\/\/vlf4eu-project.eu\/it\/wp-json\/wp\/v2\/pages\/1740\/revisions"}],"predecessor-version":[{"id":1750,"href":"https:\/\/vlf4eu-project.eu\/it\/wp-json\/wp\/v2\/pages\/1740\/revisions\/1750"}],"wp:attachment":[{"href":"https:\/\/vlf4eu-project.eu\/it\/wp-json\/wp\/v2\/media?parent=1740"}],"curies":[{"name":"wp","href":"https:\/\/api.w.org\/{rel}","templated":true}]}}