{"id":1755,"date":"2025-02-18T14:23:14","date_gmt":"2025-02-18T14:23:14","guid":{"rendered":"https:\/\/vlf4eu-project.eu\/home\/"},"modified":"2025-11-11T08:53:08","modified_gmt":"2025-11-11T08:53:08","slug":"home","status":"publish","type":"page","link":"https:\/\/vlf4eu-project.eu\/sl\/","title":{"rendered":"Home"},"content":{"rendered":"\t\t<div data-elementor-type=\"wp-page\" data-elementor-id=\"1755\" class=\"elementor elementor-1755 elementor-48\">\n\t\t\t\t<div class=\"elementor-element elementor-element-4672b964 e-flex e-con-boxed e-con e-parent\" data-id=\"4672b964\" data-element_type=\"container\" data-settings=\"{&quot;background_background&quot;:&quot;classic&quot;}\">\n\t\t\t\t\t<div class=\"e-con-inner\">\n\t\t\t\t<div class=\"elementor-element elementor-element-52136f16 elementor-widget elementor-widget-heading\" data-id=\"52136f16\" data-element_type=\"widget\" data-widget_type=\"heading.default\">\n\t\t\t\t<div class=\"elementor-widget-container\">\n\t\t\t\t\t<h1 class=\"elementor-heading-title elementor-size-default\">VLF4EU<\/h1>\t\t\t\t<\/div>\n\t\t\t\t<\/div>\n\t\t\t\t<div class=\"elementor-element elementor-element-3235afa elementor-widget__width-initial elementor-widget elementor-widget-text-editor\" data-id=\"3235afa\" data-element_type=\"widget\" data-widget_type=\"text-editor.default\">\n\t\t\t\t<div class=\"elementor-widget-container\">\n\t\t\t\t\t\t\t\t\t<p><strong>Dobrodo\u0161li na spletni strani VLF4EU<\/strong><\/p>\t\t\t\t\t\t\t\t<\/div>\n\t\t\t\t<\/div>\n\t\t\t\t\t<\/div>\n\t\t\t\t<\/div>\n\t\t<div class=\"elementor-element elementor-element-4f70786a e-flex e-con-boxed e-con e-parent\" data-id=\"4f70786a\" data-element_type=\"container\">\n\t\t\t\t\t<div class=\"e-con-inner\">\n\t\t\t\t<div class=\"elementor-element elementor-element-1d268479 elementor-widget elementor-widget-heading\" data-id=\"1d268479\" data-element_type=\"widget\" data-widget_type=\"heading.default\">\n\t\t\t\t<div class=\"elementor-widget-container\">\n\t\t\t\t\t<h2 class=\"elementor-heading-title elementor-size-default\">OBJECTIVES<\/h2>\t\t\t\t<\/div>\n\t\t\t\t<\/div>\n\t\t<div class=\"elementor-element elementor-element-4b2c7f81 e-con-full e-flex e-con e-child\" data-id=\"4b2c7f81\" data-element_type=\"container\">\n\t\t<div class=\"elementor-element elementor-element-16f56084 e-con-full e-flex e-con e-child\" data-id=\"16f56084\" data-element_type=\"container\">\n\t\t\t\t<div class=\"elementor-element elementor-element-24bf5f01 elementor-widget elementor-widget-image\" data-id=\"24bf5f01\" data-element_type=\"widget\" data-widget_type=\"image.default\">\n\t\t\t\t<div class=\"elementor-widget-container\">\n\t\t\t\t\t\t\t\t\t\t\t\t\t\t\t\t<a href=\"https:\/\/vlf4eu-project.eu\/objectives\/\">\n\t\t\t\t\t\t\t<img fetchpriority=\"high\" decoding=\"async\" width=\"1280\" height=\"853\" src=\"https:\/\/vlf4eu-project.eu\/wp-content\/uploads\/2025\/02\/blockchain-7660382_1280.jpg\" class=\"attachment-full size-full wp-image-1760\" alt=\"\" srcset=\"https:\/\/vlf4eu-project.eu\/wp-content\/uploads\/2025\/02\/blockchain-7660382_1280.jpg 1280w, https:\/\/vlf4eu-project.eu\/wp-content\/uploads\/2025\/02\/blockchain-7660382_1280-300x200.jpg 300w, https:\/\/vlf4eu-project.eu\/wp-content\/uploads\/2025\/02\/blockchain-7660382_1280-1024x682.jpg 1024w, https:\/\/vlf4eu-project.eu\/wp-content\/uploads\/2025\/02\/blockchain-7660382_1280-768x512.jpg 768w\" sizes=\"(max-width: 1280px) 100vw, 1280px\" \/>\t\t\t\t\t\t\t\t<\/a>\n\t\t\t\t\t\t\t\t\t\t\t\t\t\t\t<\/div>\n\t\t\t\t<\/div>\n\t\t\t\t<div class=\"elementor-element elementor-element-7227845b elementor-widget elementor-widget-heading\" data-id=\"7227845b\" data-element_type=\"widget\" data-widget_type=\"heading.default\">\n\t\t\t\t<div class=\"elementor-widget-container\">\n\t\t\t\t\t<h3 class=\"elementor-heading-title elementor-size-default\"><a href=\"https:\/\/vlf4eu-project.eu\/objectives\/\">Evropska zveza za virtualne u\u010dne tovarne<\/a><\/h3>\t\t\t\t<\/div>\n\t\t\t\t<\/div>\n\t\t\t\t<div class=\"elementor-element elementor-element-33c5808a elementor-widget elementor-widget-text-editor\" data-id=\"33c5808a\" data-element_type=\"widget\" data-widget_type=\"text-editor.default\">\n\t\t\t\t<div class=\"elementor-widget-container\">\n\t\t\t\t\t\t\t\t\t<p>VLF4EU si prizadeva ustvariti <strong>skupno mre\u017eo <\/strong>u\u010dnih centrov za poklicno izobra\u017eevanje in usposabljanje v tovarnah po vsej Evropi. To zavezni\u0161tvo bo omogo\u010dilo tako <strong>fizi\u010dno kot virtualno sodelovanje<\/strong>, spodbujalo inovacije v industrijskih malih in srednje velikih podjetjih ter krepilo uporabne raziskave v proizvodnji. <\/p>\t\t\t\t\t\t\t\t<\/div>\n\t\t\t\t<\/div>\n\t\t\t\t<\/div>\n\t\t<div class=\"elementor-element elementor-element-768d7936 e-con-full e-flex e-con e-child\" data-id=\"768d7936\" data-element_type=\"container\">\n\t\t\t\t<div class=\"elementor-element elementor-element-85a687b elementor-widget elementor-widget-image\" data-id=\"85a687b\" data-element_type=\"widget\" data-widget_type=\"image.default\">\n\t\t\t\t<div class=\"elementor-widget-container\">\n\t\t\t\t\t\t\t\t\t\t\t\t\t\t\t\t<a href=\"https:\/\/vlf4eu-project.eu\/about\/\">\n\t\t\t\t\t\t\t<img decoding=\"async\" width=\"1280\" height=\"1280\" src=\"https:\/\/vlf4eu-project.eu\/wp-content\/uploads\/2025\/02\/ai-generated-8668923_1280.jpg\" class=\"attachment-full size-full wp-image-1758\" alt=\"\" srcset=\"https:\/\/vlf4eu-project.eu\/wp-content\/uploads\/2025\/02\/ai-generated-8668923_1280.jpg 1280w, https:\/\/vlf4eu-project.eu\/wp-content\/uploads\/2025\/02\/ai-generated-8668923_1280-300x300.jpg 300w, https:\/\/vlf4eu-project.eu\/wp-content\/uploads\/2025\/02\/ai-generated-8668923_1280-1024x1024.jpg 1024w, https:\/\/vlf4eu-project.eu\/wp-content\/uploads\/2025\/02\/ai-generated-8668923_1280-150x150.jpg 150w, https:\/\/vlf4eu-project.eu\/wp-content\/uploads\/2025\/02\/ai-generated-8668923_1280-768x768.jpg 768w\" sizes=\"(max-width: 1280px) 100vw, 1280px\" \/>\t\t\t\t\t\t\t\t<\/a>\n\t\t\t\t\t\t\t\t\t\t\t\t\t\t\t<\/div>\n\t\t\t\t<\/div>\n\t\t\t\t<div class=\"elementor-element elementor-element-18fe96e1 elementor-widget elementor-widget-heading\" data-id=\"18fe96e1\" data-element_type=\"widget\" data-widget_type=\"heading.default\">\n\t\t\t\t<div class=\"elementor-widget-container\">\n\t\t\t\t\t<h3 class=\"elementor-heading-title elementor-size-default\"><a href=\"https:\/\/vlf4eu-project.eu\/objectives\/\">Integracija industrije 5.0 v poklicno izobra\u017eevanje in usposabljanje<\/a><\/h3>\t\t\t\t<\/div>\n\t\t\t\t<\/div>\n\t\t\t\t<div class=\"elementor-element elementor-element-2b7cc934 elementor-widget elementor-widget-text-editor\" data-id=\"2b7cc934\" data-element_type=\"widget\" data-widget_type=\"text-editor.default\">\n\t\t\t\t<div class=\"elementor-widget-container\">\n\t\t\t\t\t\t\t\t\t<p class=\"has-text-color\" data-oa-prompt=\"Please now create a great description for the previous title. No more than 90 characters.\">Projekt se osredoto\u010da na potrjevanje tehnologij, kot so v<strong data-start=\"603\" data-end=\"685\" data-is-only-node=\"\">irtualna resni\u010dnost, obogatena resni\u010dnost, digitalni dvoj\u010dki in umetna inteligenca, <\/strong>v u\u010dne procese poklicnega izobra\u017eevanja in usposabljanja. To bo izbolj\u0161alo metodologije pou\u010devanja in u\u010denja ter pripravilo \u0161tudente na <strong data-start=\"794\" data-end=\"822\">zelene in digitalne ve\u0161\u010dine,<\/strong> bistvene za sodobno proizvodnjo. <\/p>\t\t\t\t\t\t\t\t<\/div>\n\t\t\t\t<\/div>\n\t\t\t\t<\/div>\n\t\t<div class=\"elementor-element elementor-element-4999367f e-con-full e-flex e-con e-child\" data-id=\"4999367f\" data-element_type=\"container\">\n\t\t\t\t<div class=\"elementor-element elementor-element-2dfe5354 elementor-widget elementor-widget-image\" data-id=\"2dfe5354\" data-element_type=\"widget\" data-widget_type=\"image.default\">\n\t\t\t\t<div class=\"elementor-widget-container\">\n\t\t\t\t\t\t\t\t\t\t\t\t\t\t\t\t<a href=\"https:\/\/vlf4eu-project.eu\/objectives\/\">\n\t\t\t\t\t\t\t<img decoding=\"async\" width=\"1280\" height=\"1920\" src=\"https:\/\/vlf4eu-project.eu\/wp-content\/uploads\/2025\/02\/ai-generated-8894558_1920.jpg\" class=\"attachment-full size-full wp-image-1759\" alt=\"\" srcset=\"https:\/\/vlf4eu-project.eu\/wp-content\/uploads\/2025\/02\/ai-generated-8894558_1920.jpg 1280w, https:\/\/vlf4eu-project.eu\/wp-content\/uploads\/2025\/02\/ai-generated-8894558_1920-200x300.jpg 200w, https:\/\/vlf4eu-project.eu\/wp-content\/uploads\/2025\/02\/ai-generated-8894558_1920-683x1024.jpg 683w, https:\/\/vlf4eu-project.eu\/wp-content\/uploads\/2025\/02\/ai-generated-8894558_1920-768x1152.jpg 768w, https:\/\/vlf4eu-project.eu\/wp-content\/uploads\/2025\/02\/ai-generated-8894558_1920-1024x1536.jpg 1024w\" sizes=\"(max-width: 1280px) 100vw, 1280px\" \/>\t\t\t\t\t\t\t\t<\/a>\n\t\t\t\t\t\t\t\t\t\t\t\t\t\t\t<\/div>\n\t\t\t\t<\/div>\n\t\t\t\t<div class=\"elementor-element elementor-element-6656e18c elementor-widget elementor-widget-heading\" data-id=\"6656e18c\" data-element_type=\"widget\" data-widget_type=\"heading.default\">\n\t\t\t\t<div class=\"elementor-widget-container\">\n\t\t\t\t\t<h3 class=\"elementor-heading-title elementor-size-default\"><a href=\"https:\/\/vlf4eu-project.eu\/objectives\/\">Inovativni centri za usposabljanje in demonstracije<\/a><\/h3>\t\t\t\t<\/div>\n\t\t\t\t<\/div>\n\t\t\t\t<div class=\"elementor-element elementor-element-68201f95 elementor-widget elementor-widget-text-editor\" data-id=\"68201f95\" data-element_type=\"widget\" data-widget_type=\"text-editor.default\">\n\t\t\t\t<div class=\"elementor-widget-container\">\n\t\t\t\t\t\t\t\t\t<p class=\"has-text-color\" data-oa-prompt=\"Please now create a great description for the previous title. No more than 90 characters.\">VLF4EU bo zagotovil najsodobnej\u0161e <strong data-start=\"961\" data-end=\"1000\" data-is-only-node=\"\">metodologije usposabljanja in demonstracijske centre<\/strong> <strong data-start=\"1005\" data-end=\"1055\">(tako fizi\u010dne kot virtualne)<\/strong>, ki bodo malim in srednje velikim podjetjem pomagali<strong data-start=\"1069\" data-end=\"1114\"> pri uvajanju in uporabi tehnologij Industrije 5.0<\/strong>. To bo premostilo vrzel v znanjih in spretnostih ter zagotovilo, da bo delovna sila pripravljena na dvojni digitalno-zeleni prehod. <\/p>\t\t\t\t\t\t\t\t<\/div>\n\t\t\t\t<\/div>\n\t\t\t\t<\/div>\n\t\t\t\t<\/div>\n\t\t\t\t\t<\/div>\n\t\t\t\t<\/div>\n\t\t<div class=\"elementor-element elementor-element-2ff003cb e-flex e-con-boxed e-con e-parent\" data-id=\"2ff003cb\" data-element_type=\"container\" data-settings=\"{&quot;background_background&quot;:&quot;classic&quot;}\">\n\t\t\t\t\t<div class=\"e-con-inner\">\n\t\t<div class=\"elementor-element elementor-element-7d4fa06d e-con-full e-flex e-con e-child\" data-id=\"7d4fa06d\" data-element_type=\"container\">\n\t\t\t\t<div class=\"elementor-element elementor-element-5f3ca5ec elementor-widget elementor-widget-heading\" data-id=\"5f3ca5ec\" data-element_type=\"widget\" data-widget_type=\"heading.default\">\n\t\t\t\t<div class=\"elementor-widget-container\">\n\t\t\t\t\t<h2 class=\"elementor-heading-title elementor-size-default\">Kaj je VLF4EU?<\/h2>\t\t\t\t<\/div>\n\t\t\t\t<\/div>\n\t\t\t\t<div class=\"elementor-element elementor-element-337c959c elementor-widget__width-initial elementor-widget elementor-widget-text-editor\" data-id=\"337c959c\" data-element_type=\"widget\" data-widget_type=\"text-editor.default\">\n\t\t\t\t<div class=\"elementor-widget-container\">\n\t\t\t\t\t\t\t\t\t<p data-start=\"23\" data-end=\"389\">VLF4EU revolucionira poklicno izobra\u017eevanje in usposabljanje (VET) z brezhibnim vklju\u010devanjem najsodobnej\u0161ih tehnologij, kot so virtualna resni\u010dnost, obogatena resni\u010dnost in digitalni dvoj\u010dki, v u\u010dne procese. Na\u0161 cilj je \u0161tudentom zagotoviti bistvena digitalna in zelena znanja ter zagotoviti, da so pripravljeni na inovacije v proizvodnih malih in srednje velikih podjetjih. <\/p><p data-start=\"391\" data-end=\"748\">Kot evropsko zavezni\u0161tvo virtualnih u\u010dnih tovarn za proizvodnjo VLF4EU spodbuja sodelovanje med centri za poklicno izobra\u017eevanje in usposabljanje, univerzami, malimi in srednje velikimi podjetji ter industrijskimi zdru\u017eenji po vseh evropskih dr\u017eavah. Skupaj oblikujemo prihodnost industrijskega usposabljanja z inovativnimi metodologijami, uporabnimi raziskavami in poglobljenimi u\u010dnimi izku\u0161njami. <\/p><p data-start=\"750\" data-end=\"840\" data-is-last-node=\"\" data-is-only-node=\"\">Pridru\u017eite se nam pri premostitvi vrzeli med izobra\u017eevanjem in industrijo ter uresni\u010ditvi Industrije 5.0!<\/p>\t\t\t\t\t\t\t\t<\/div>\n\t\t\t\t<\/div>\n\t\t\t\t<\/div>\n\t\t<div class=\"elementor-element elementor-element-3c98d619 e-con-full e-flex e-con e-child\" data-id=\"3c98d619\" data-element_type=\"container\">\n\t\t\t\t<div class=\"elementor-element elementor-element-7b34c420 elementor-widget elementor-widget-image\" data-id=\"7b34c420\" data-element_type=\"widget\" data-widget_type=\"image.default\">\n\t\t\t\t<div class=\"elementor-widget-container\">\n\t\t\t\t\t\t\t\t\t\t\t\t\t\t\t<img loading=\"lazy\" decoding=\"async\" width=\"512\" height=\"512\" src=\"https:\/\/vlf4eu-project.eu\/wp-content\/uploads\/2025\/02\/cropped-VLF4EU-PNG-TRANSPARENTE_-V4.png\" class=\"attachment-full size-full wp-image-1761\" alt=\"\" srcset=\"https:\/\/vlf4eu-project.eu\/wp-content\/uploads\/2025\/02\/cropped-VLF4EU-PNG-TRANSPARENTE_-V4.png 512w, https:\/\/vlf4eu-project.eu\/wp-content\/uploads\/2025\/02\/cropped-VLF4EU-PNG-TRANSPARENTE_-V4-300x300.png 300w, https:\/\/vlf4eu-project.eu\/wp-content\/uploads\/2025\/02\/cropped-VLF4EU-PNG-TRANSPARENTE_-V4-150x150.png 150w, https:\/\/vlf4eu-project.eu\/wp-content\/uploads\/2025\/02\/cropped-VLF4EU-PNG-TRANSPARENTE_-V4-270x270.png 270w, https:\/\/vlf4eu-project.eu\/wp-content\/uploads\/2025\/02\/cropped-VLF4EU-PNG-TRANSPARENTE_-V4-192x192.png 192w, https:\/\/vlf4eu-project.eu\/wp-content\/uploads\/2025\/02\/cropped-VLF4EU-PNG-TRANSPARENTE_-V4-180x180.png 180w, https:\/\/vlf4eu-project.eu\/wp-content\/uploads\/2025\/02\/cropped-VLF4EU-PNG-TRANSPARENTE_-V4-32x32.png 32w\" sizes=\"(max-width: 512px) 100vw, 512px\" \/>\t\t\t\t\t\t\t\t\t\t\t\t\t\t\t<\/div>\n\t\t\t\t<\/div>\n\t\t\t\t<\/div>\n\t\t\t\t\t<\/div>\n\t\t\t\t<\/div>\n\t\t<div class=\"elementor-element elementor-element-5cc1820 e-flex e-con-boxed e-con e-parent\" data-id=\"5cc1820\" data-element_type=\"container\">\n\t\t\t\t\t<div class=\"e-con-inner\">\n\t\t\t\t<div class=\"elementor-element elementor-element-8024523 elementor-widget elementor-widget-heading\" data-id=\"8024523\" data-element_type=\"widget\" data-widget_type=\"heading.default\">\n\t\t\t\t<div class=\"elementor-widget-container\">\n\t\t\t\t\t<h2 class=\"elementor-heading-title elementor-size-default\">NOVICE<\/h2>\t\t\t\t<\/div>\n\t\t\t\t<\/div>\n\t\t\t\t<div class=\"elementor-element elementor-element-344063d elementor-widget elementor-widget-ucaddon_uc_card_post_carousel\" data-id=\"344063d\" data-element_type=\"widget\" data-widget_type=\"ucaddon_uc_card_post_carousel.default\">\n\t\t\t\t<div class=\"elementor-widget-container\">\n\t\t\t\t\t\n<!-- start Post Carousel Lite -->\n\t\t<link id='font-awesome-css' href='https:\/\/vlf4eu-project.eu\/wp-content\/plugins\/unlimited-elements-for-elementor\/assets_libraries\/font-awesome6\/fontawesome-all.min.css' type='text\/css' rel='stylesheet' >\n\t\t<link id='font-awesome-4-shim-css' href='https:\/\/vlf4eu-project.eu\/wp-content\/plugins\/unlimited-elements-for-elementor\/assets_libraries\/font-awesome6\/fontawesome-v4-shims.min.css' type='text\/css' rel='stylesheet' >\n\t\t<link id='owl-carousel-css' href='https:\/\/vlf4eu-project.eu\/wp-content\/plugins\/unlimited-elements-for-elementor\/assets_libraries\/owl-carousel-new\/assets\/owl.carousel.css' type='text\/css' rel='stylesheet' >\n\n<style>\/* widget: Post Carousel Lite *\/\n\n#uc_uc_card_post_carousel_elementor_344063d *{\n  box-sizing:border-box;\n}\n#uc_uc_card_post_carousel_elementor_344063d{\n  position:relative;\n  min-height:1px;\n}\n#uc_uc_card_post_carousel_elementor_344063d .uc_image_carousel_content{\n\ttext-align:left;\n    display: flex;\n     flex-flow: column nowrap;\n}\n#uc_uc_card_post_carousel_elementor_344063d .ue_post_carousel_item\n{\n  overflow:hidden;\n  \n}\n#uc_uc_card_post_carousel_elementor_344063d .uc_image_carousel_bg {\n  background-repeat: no-repeat;\n}\n#uc_uc_card_post_carousel_elementor_344063d .uc_image_carousel_placeholder a{\n  width:100%;\n}\n#uc_uc_card_post_carousel_elementor_344063d .uc_image_carousel_bg{\n  width:100%;\n}\n#uc_uc_card_post_carousel_elementor_344063d .uc_image_carousel_placeholder{\n  overflow:hidden;\n}\n\n#uc_uc_card_post_carousel_elementor_344063d .ue_post_btn_holder\n{\n  margin-top:auto;\n}\n\n#uc_uc_card_post_carousel_elementor_344063d .uc_more_btn{\n\n  display:inline-block;\n  text-align:center;\n  text-decoration:none;\n} \n\n.uc_overlay_image_carousel .uc_more_btn{\n  text-decoration:none;\n  display:inline-block;\n}\n\n.uc_overlay_image_carousel .uc_post_title{\n  font-size:21px;\n  text-decoration:none;\n}\n\n#uc_uc_card_post_carousel_elementor_344063d .owl-nav .owl-prev{\n    position:absolute;\n    display:inline-block;\n    text-align:center;\n}\n#uc_uc_card_post_carousel_elementor_344063d .owl-nav .owl-next{\n  position:absolute;\n  display:inline-block;\n  text-align:center;\n}\n\n\n#uc_uc_card_post_carousel_elementor_344063d .owl-dots {\noverflow:hidden;\ndisplay:true !important;\ntext-align:center;\n}\n\n#uc_uc_card_post_carousel_elementor_344063d .owl-dot {\nborder-radius:50%;\ndisplay:inline-block;\n}\n\t#uc_uc_card_post_carousel_elementor_344063d .owl-stage\n        {\n            transition-timing-function: linear!important;\n        }\n\n\n\n<\/style>\n\n<div class=\"uc_overlay_image_carousel  \" id=\"uc_uc_card_post_carousel_elementor_344063d\" data-custom-sethtml=\"true\" >\n   <div class=\"uc_carousel owl-carousel owl-theme uc-items-wrapper\">\n   \t\t\n   <\/div>\t\n<\/div>\n\n<!-- end Post Carousel Lite -->\t\t\t\t<\/div>\n\t\t\t\t<\/div>\n\t\t\t\t\t<\/div>\n\t\t\t\t<\/div>\n\t\t<div class=\"elementor-element elementor-element-2663772c e-flex e-con-boxed e-con e-parent\" data-id=\"2663772c\" data-element_type=\"container\" data-settings=\"{&quot;background_background&quot;:&quot;classic&quot;}\">\n\t\t\t\t\t<div class=\"e-con-inner\">\n\t\t<div class=\"elementor-element elementor-element-a2dc825 e-con-full e-flex e-con e-child\" data-id=\"a2dc825\" data-element_type=\"container\">\n\t\t\t\t<div class=\"elementor-element elementor-element-17fb7543 elementor-widget elementor-widget-heading\" data-id=\"17fb7543\" data-element_type=\"widget\" data-widget_type=\"heading.default\">\n\t\t\t\t<div class=\"elementor-widget-container\">\n\t\t\t\t\t<h2 class=\"elementor-heading-title elementor-size-default\">Kdo smo?<\/h2>\t\t\t\t<\/div>\n\t\t\t\t<\/div>\n\t\t\t\t<div class=\"elementor-element elementor-element-323ee7cc elementor-widget__width-initial elementor-widget elementor-widget-text-editor\" data-id=\"323ee7cc\" data-element_type=\"widget\" data-widget_type=\"text-editor.default\">\n\t\t\t\t<div class=\"elementor-widget-container\">\n\t\t\t\t\t\t\t\t\t<p>Odkrijte na\u0161o mo\u010dno zavezni\u0161tvo ustanov za poklicno izobra\u017eevanje in usposabljanje ter industrijskih partnerjev, ki oblikujejo prihodnost izobra\u017eevanja v proizvodnji.<\/p>\t\t\t\t\t\t\t\t<\/div>\n\t\t\t\t<\/div>\n\t\t\t\t<div class=\"elementor-element elementor-element-5e7d711e elementor-widget elementor-widget-button\" data-id=\"5e7d711e\" data-element_type=\"widget\" data-widget_type=\"button.default\">\n\t\t\t\t<div class=\"elementor-widget-container\">\n\t\t\t\t\t\t\t\t\t<div class=\"elementor-button-wrapper\">\n\t\t\t\t\t<a class=\"elementor-button elementor-button-link elementor-size-sm\" href=\"https:\/\/vlf4eu-project.eu\/partners\/\">\n\t\t\t\t\t\t<span class=\"elementor-button-content-wrapper\">\n\t\t\t\t\t\t\t\t\t<span class=\"elementor-button-text\">Partners<\/span>\n\t\t\t\t\t<\/span>\n\t\t\t\t\t<\/a>\n\t\t\t\t<\/div>\n\t\t\t\t\t\t\t\t<\/div>\n\t\t\t\t<\/div>\n\t\t\t\t<\/div>\n\t\t\t\t\t<\/div>\n\t\t\t\t<\/div>\n\t\t\t\t<\/div>\n\t\t","protected":false},"excerpt":{"rendered":"<p>VLF4EU Dobrodo\u0161li na spletni strani VLF4EU OBJECTIVES Evropska zveza za virtualne u\u010dne tovarne VLF4EU si prizadeva ustvariti skupno mre\u017eo u\u010dnih centrov za poklicno izobra\u017eevanje in usposabljanje v tovarnah po vsej Evropi. To zavezni\u0161tvo bo omogo\u010dilo tako fizi\u010dno kot virtualno sodelovanje, spodbujalo inovacije v industrijskih malih in srednje velikih podjetjih ter krepilo uporabne raziskave v proizvodnji. [&hellip;]<\/p>\n","protected":false},"author":3,"featured_media":0,"parent":0,"menu_order":0,"comment_status":"closed","ping_status":"closed","template":"","meta":{"site-sidebar-layout":"no-sidebar","site-content-layout":"","ast-site-content-layout":"full-width-container","site-content-style":"default","site-sidebar-style":"default","ast-global-header-display":"","ast-banner-title-visibility":"","ast-main-header-display":"","ast-hfb-above-header-display":"","ast-hfb-below-header-display":"","ast-hfb-mobile-header-display":"","site-post-title":"disabled","ast-breadcrumbs-content":"","ast-featured-img":"disabled","footer-sml-layout":"","theme-transparent-header-meta":"","adv-header-id-meta":"","stick-header-meta":"","header-above-stick-meta":"","header-main-stick-meta":"","header-below-stick-meta":"","astra-migrate-meta-layouts":"default","ast-page-background-enabled":"default","ast-page-background-meta":{"desktop":{"background-color":"var(--ast-global-color-4)","background-image":"","background-repeat":"repeat","background-position":"center center","background-size":"auto","background-attachment":"scroll","background-type":"","background-media":"","overlay-type":"","overlay-color":"","overlay-opacity":"","overlay-gradient":""},"tablet":{"background-color":"","background-image":"","background-repeat":"repeat","background-position":"center center","background-size":"auto","background-attachment":"scroll","background-type":"","background-media":"","overlay-type":"","overlay-color":"","overlay-opacity":"","overlay-gradient":""},"mobile":{"background-color":"","background-image":"","background-repeat":"repeat","background-position":"center center","background-size":"auto","background-attachment":"scroll","background-type":"","background-media":"","overlay-type":"","overlay-color":"","overlay-opacity":"","overlay-gradient":""}},"ast-content-background-meta":{"desktop":{"background-color":"var(--ast-global-color-5)","background-image":"","background-repeat":"repeat","background-position":"center center","background-size":"auto","background-attachment":"scroll","background-type":"","background-media":"","overlay-type":"","overlay-color":"","overlay-opacity":"","overlay-gradient":""},"tablet":{"background-color":"var(--ast-global-color-5)","background-image":"","background-repeat":"repeat","background-position":"center center","background-size":"auto","background-attachment":"scroll","background-type":"","background-media":"","overlay-type":"","overlay-color":"","overlay-opacity":"","overlay-gradient":""},"mobile":{"background-color":"var(--ast-global-color-5)","background-image":"","background-repeat":"repeat","background-position":"center center","background-size":"auto","background-attachment":"scroll","background-type":"","background-media":"","overlay-type":"","overlay-color":"","overlay-opacity":"","overlay-gradient":""}},"footnotes":""},"class_list":["post-1755","page","type-page","status-publish","hentry"],"_links":{"self":[{"href":"https:\/\/vlf4eu-project.eu\/sl\/wp-json\/wp\/v2\/pages\/1755","targetHints":{"allow":["GET"]}}],"collection":[{"href":"https:\/\/vlf4eu-project.eu\/sl\/wp-json\/wp\/v2\/pages"}],"about":[{"href":"https:\/\/vlf4eu-project.eu\/sl\/wp-json\/wp\/v2\/types\/page"}],"author":[{"embeddable":true,"href":"https:\/\/vlf4eu-project.eu\/sl\/wp-json\/wp\/v2\/users\/3"}],"replies":[{"embeddable":true,"href":"https:\/\/vlf4eu-project.eu\/sl\/wp-json\/wp\/v2\/comments?post=1755"}],"version-history":[{"count":1,"href":"https:\/\/vlf4eu-project.eu\/sl\/wp-json\/wp\/v2\/pages\/1755\/revisions"}],"predecessor-version":[{"id":1762,"href":"https:\/\/vlf4eu-project.eu\/sl\/wp-json\/wp\/v2\/pages\/1755\/revisions\/1762"}],"wp:attachment":[{"href":"https:\/\/vlf4eu-project.eu\/sl\/wp-json\/wp\/v2\/media?parent=1755"}],"curies":[{"name":"wp","href":"https:\/\/api.w.org\/{rel}","templated":true}]}}