{"id":1779,"date":"2025-03-21T07:09:17","date_gmt":"2025-03-21T07:09:17","guid":{"rendered":"https:\/\/vlf4eu-project.eu\/dejavnosti\/"},"modified":"2025-11-11T09:13:25","modified_gmt":"2025-11-11T09:13:25","slug":"dejavnosti","status":"publish","type":"page","link":"https:\/\/vlf4eu-project.eu\/sl\/dejavnosti\/","title":{"rendered":"Dejavnosti"},"content":{"rendered":"\t\t<div data-elementor-type=\"wp-page\" data-elementor-id=\"1779\" class=\"elementor elementor-1779 elementor-979\">\n\t\t\t\t<div class=\"elementor-element elementor-element-17c76f4 e-flex e-con-boxed e-con e-parent\" data-id=\"17c76f4\" data-element_type=\"container\" data-settings=\"{&quot;background_background&quot;:&quot;classic&quot;}\">\n\t\t\t\t\t<div class=\"e-con-inner\">\n\t\t\t\t<div class=\"elementor-element elementor-element-830934f elementor-widget elementor-widget-heading\" data-id=\"830934f\" data-element_type=\"widget\" data-widget_type=\"heading.default\">\n\t\t\t\t<div class=\"elementor-widget-container\">\n\t\t\t\t\t<h1 class=\"elementor-heading-title elementor-size-default\">Dejavnosti<\/h1>\t\t\t\t<\/div>\n\t\t\t\t<\/div>\n\t\t\t\t\t<\/div>\n\t\t\t\t<\/div>\n\t\t<div class=\"elementor-element elementor-element-b642bcb e-con-full e-flex e-con e-parent\" data-id=\"b642bcb\" data-element_type=\"container\">\n\t\t<div class=\"elementor-element elementor-element-9c6fe8f e-con-full e-flex e-con e-child\" data-id=\"9c6fe8f\" data-element_type=\"container\">\n\t\t<div class=\"elementor-element elementor-element-60dab09 e-con-full e-flex e-con e-child\" data-id=\"60dab09\" data-element_type=\"container\">\n\t\t\t\t<div class=\"elementor-element elementor-element-476c785 elementor-widget elementor-widget-image\" data-id=\"476c785\" data-element_type=\"widget\" data-widget_type=\"image.default\">\n\t\t\t\t<div class=\"elementor-widget-container\">\n\t\t\t\t\t\t\t\t\t\t\t\t\t\t\t<img fetchpriority=\"high\" decoding=\"async\" width=\"688\" height=\"1024\" src=\"https:\/\/vlf4eu-project.eu\/wp-content\/uploads\/2025\/03\/alliance-REALISTA.webp\" class=\"attachment-full size-full wp-image-1782\" alt=\"\" srcset=\"https:\/\/vlf4eu-project.eu\/wp-content\/uploads\/2025\/03\/alliance-REALISTA.webp 688w, https:\/\/vlf4eu-project.eu\/wp-content\/uploads\/2025\/03\/alliance-REALISTA-202x300.webp 202w\" sizes=\"(max-width: 688px) 100vw, 688px\" \/>\t\t\t\t\t\t\t\t\t\t\t\t\t\t\t<\/div>\n\t\t\t\t<\/div>\n\t\t\t\t<div class=\"elementor-element elementor-element-301db1e elementor-widget elementor-widget-heading\" data-id=\"301db1e\" data-element_type=\"widget\" data-widget_type=\"heading.default\">\n\t\t\t\t<div class=\"elementor-widget-container\">\n\t\t\t\t\t<h5 class=\"elementor-heading-title elementor-size-default\">Ustanovitev zavezni\u0161tva VLF4EU<\/h5>\t\t\t\t<\/div>\n\t\t\t\t<\/div>\n\t\t\t\t<div class=\"elementor-element elementor-element-178f7e6 elementor-widget elementor-widget-text-editor\" data-id=\"178f7e6\" data-element_type=\"widget\" data-widget_type=\"text-editor.default\">\n\t\t\t\t<div class=\"elementor-widget-container\">\n\t\t\t\t\t\t\t\t\t<p>Cilj dejavnosti je vzpostaviti zavezni\u0161tvo VLF4EU, skupno mre\u017eo evropskih virtualnih u\u010dnih tovarn. Prizadeva si ustvariti trajnosten in vklju\u010dujo\u010d model, ki spodbuja sodelovanje med centri za poklicno izobra\u017eevanje in usposabljanje\/visoko poklicno izobra\u017eevanje, univerzami, malimi in srednje velikimi podjetji ter industrijskimi zdru\u017eenji. Klju\u010dni koraki vklju\u010dujejo organizacijo delavnic, oblikovanje partnerskih sporazumov ter razvoj vizije in na\u010drta storitev. Zavezni\u0161tvo bo pravno ustanovljeno, razvit pa bo tudi nabor orodij za izvajanje virtualnih u\u010dnih tovarn po vsej Evropi, kar bo zagotovilo dolgoro\u010dno sodelovanje in inovacije.   <\/p>\t\t\t\t\t\t\t\t<\/div>\n\t\t\t\t<\/div>\n\t\t\t\t<\/div>\n\t\t<div class=\"elementor-element elementor-element-e436349 e-con-full e-flex e-con e-child\" data-id=\"e436349\" data-element_type=\"container\">\n\t\t\t\t<div class=\"elementor-element elementor-element-95722e8 elementor-widget elementor-widget-image\" data-id=\"95722e8\" data-element_type=\"widget\" data-widget_type=\"image.default\">\n\t\t\t\t<div class=\"elementor-widget-container\">\n\t\t\t\t\t\t\t\t\t\t\t\t\t\t\t<img decoding=\"async\" width=\"1280\" height=\"1920\" src=\"https:\/\/vlf4eu-project.eu\/wp-content\/uploads\/2025\/02\/ai-generated-8894558_1920.jpg\" class=\"attachment-full size-full wp-image-1759\" alt=\"\" srcset=\"https:\/\/vlf4eu-project.eu\/wp-content\/uploads\/2025\/02\/ai-generated-8894558_1920.jpg 1280w, https:\/\/vlf4eu-project.eu\/wp-content\/uploads\/2025\/02\/ai-generated-8894558_1920-200x300.jpg 200w, https:\/\/vlf4eu-project.eu\/wp-content\/uploads\/2025\/02\/ai-generated-8894558_1920-683x1024.jpg 683w, https:\/\/vlf4eu-project.eu\/wp-content\/uploads\/2025\/02\/ai-generated-8894558_1920-768x1152.jpg 768w, https:\/\/vlf4eu-project.eu\/wp-content\/uploads\/2025\/02\/ai-generated-8894558_1920-1024x1536.jpg 1024w\" sizes=\"(max-width: 1280px) 100vw, 1280px\" \/>\t\t\t\t\t\t\t\t\t\t\t\t\t\t\t<\/div>\n\t\t\t\t<\/div>\n\t\t\t\t<div class=\"elementor-element elementor-element-4c4800c elementor-widget elementor-widget-heading\" data-id=\"4c4800c\" data-element_type=\"widget\" data-widget_type=\"heading.default\">\n\t\t\t\t<div class=\"elementor-widget-container\">\n\t\t\t\t\t<h5 class=\"elementor-heading-title elementor-size-default\">Izvajanje VLF-jev po vsej EU<\/h5>\t\t\t\t<\/div>\n\t\t\t\t<\/div>\n\t\t\t\t<div class=\"elementor-element elementor-element-f7c5a75 elementor-widget elementor-widget-text-editor\" data-id=\"f7c5a75\" data-element_type=\"widget\" data-widget_type=\"text-editor.default\">\n\t\t\t\t<div class=\"elementor-widget-container\">\n\t\t\t\t\t\t\t\t\t<p>Ta dejavnost se nana\u0161a na sistemati\u010dno uvajanje virtualnih u\u010dnih tovarn (VLF) po vsej Evropi, njen cilj pa je razvoj nabora orodij in metodologij, ki bodo olaj\u0161ale uvajanje VLF v centrih za poklicno izobra\u017eevanje in usposabljanje\/visoko poklicno izobra\u017eevanje. To vklju\u010duje oblikovanje minimalno izvedljivega modela VLF, ki temelji na na\u010delih aktivnega u\u010denja in pedagogiki VLF4EU, ter zagotavlja vklju\u010denost in regionalni razvoj. Nabor orodij bo nudil smernice za ustanove za poklicno izobra\u017eevanje in usposabljanje za sistemati\u010dno uvajanje virtualnih u\u010dnih tovarn, s \u010dimer bo obravnaval potrebe dvojnega prehoda. Objavljen bo obse\u017een nabor orodij, ki bo centrom za poklicno izobra\u017eevanje in usposabljanje omogo\u010dil izbolj\u0161anje njihovih u\u010dnih praks s pomo\u010djo poglobljenih in sodelovalnih u\u010dnih okolij, s \u010dimer bo podprl posodobitev sistemov poklicnega izobra\u017eevanja in usposabljanja ter spodbudil inovacije v industrijskih malih in srednje velikih podjetjih.   <\/p>\t\t\t\t\t\t\t\t<\/div>\n\t\t\t\t<\/div>\n\t\t\t\t<\/div>\n\t\t<div class=\"elementor-element elementor-element-5808880 e-con-full e-flex e-con e-child\" data-id=\"5808880\" data-element_type=\"container\">\n\t\t\t\t<div class=\"elementor-element elementor-element-10220c0 elementor-widget elementor-widget-image\" data-id=\"10220c0\" data-element_type=\"widget\" data-widget_type=\"image.default\">\n\t\t\t\t<div class=\"elementor-widget-container\">\n\t\t\t\t\t\t\t\t\t\t\t\t\t\t\t<img decoding=\"async\" width=\"1600\" height=\"1152\" src=\"https:\/\/vlf4eu-project.eu\/wp-content\/uploads\/2025\/03\/hiz2lvao6po.jpg\" class=\"attachment-full size-full wp-image-1786\" alt=\"man in yellow jacket wearing black goggles\" srcset=\"https:\/\/vlf4eu-project.eu\/wp-content\/uploads\/2025\/03\/hiz2lvao6po.jpg 1600w, https:\/\/vlf4eu-project.eu\/wp-content\/uploads\/2025\/03\/hiz2lvao6po-300x216.jpg 300w, https:\/\/vlf4eu-project.eu\/wp-content\/uploads\/2025\/03\/hiz2lvao6po-1024x737.jpg 1024w, https:\/\/vlf4eu-project.eu\/wp-content\/uploads\/2025\/03\/hiz2lvao6po-768x553.jpg 768w, https:\/\/vlf4eu-project.eu\/wp-content\/uploads\/2025\/03\/hiz2lvao6po-1536x1106.jpg 1536w\" sizes=\"(max-width: 1600px) 100vw, 1600px\" \/>\t\t\t\t\t\t\t\t\t\t\t\t\t\t\t<\/div>\n\t\t\t\t<\/div>\n\t\t\t\t<div class=\"elementor-element elementor-element-b38ca74 elementor-widget elementor-widget-heading\" data-id=\"b38ca74\" data-element_type=\"widget\" data-widget_type=\"heading.default\">\n\t\t\t\t<div class=\"elementor-widget-container\">\n\t\t\t\t\t<h5 class=\"elementor-heading-title elementor-size-default\">Razvoj platforme VLF4EU<\/h5>\t\t\t\t<\/div>\n\t\t\t\t<\/div>\n\t\t\t\t<div class=\"elementor-element elementor-element-a8891f7 elementor-widget elementor-widget-text-editor\" data-id=\"a8891f7\" data-element_type=\"widget\" data-widget_type=\"text-editor.default\">\n\t\t\t\t<div class=\"elementor-widget-container\">\n\t\t\t\t\t\t\t\t\t<p>Ta dejavnost je namenjena razvoju poglobljene platforme VLF4EU, ki bo slu\u017eila kot prostor za sodelovanje v virtualnih u\u010dnih tovarnah. Ta platforma bo omogo\u010dala ustvarjanje in upravljanje poglobljenih u\u010dnih vsebin, kar bo omogo\u010dilo tako fizi\u010dne kot virtualne u\u010dne izku\u0161nje. Klju\u010dne funkcije vklju\u010dujejo orodje za ustvarjanje vsebin \u00bbbrez kode\u00ab, orodja za ocenjevanje in vizualizacijo podatkov digitalnih dvoj\u010dkov v realnem \u010dasu. Platforma bo zasnovana tako, da bo podpirala izku\u0161nje ve\u010d uporabnikov in se brezhibno integrirala z obstoje\u010dimi industrijskimi ekosistemi, spodbujala trajnostne proizvodne prakse in izbolj\u0161evala u\u010dno izku\u0161njo tako za \u0161tudente kot za strokovnjake.   <\/p>\t\t\t\t\t\t\t\t<\/div>\n\t\t\t\t<\/div>\n\t\t\t\t<\/div>\n\t\t\t\t<\/div>\n\t\t<div class=\"elementor-element elementor-element-44a9a93 e-con-full e-flex e-con e-child\" data-id=\"44a9a93\" data-element_type=\"container\">\n\t\t<div class=\"elementor-element elementor-element-4455d94 e-con-full e-flex e-con e-child\" data-id=\"4455d94\" data-element_type=\"container\">\n\t\t\t\t<div class=\"elementor-element elementor-element-b4c3ccb elementor-widget elementor-widget-image\" data-id=\"b4c3ccb\" data-element_type=\"widget\" data-widget_type=\"image.default\">\n\t\t\t\t<div class=\"elementor-widget-container\">\n\t\t\t\t\t\t\t\t\t\t\t\t\t\t\t<img loading=\"lazy\" decoding=\"async\" width=\"1600\" height=\"1067\" src=\"https:\/\/vlf4eu-project.eu\/wp-content\/uploads\/2025\/03\/q8hfuo9udts.jpg\" class=\"attachment-full size-full wp-image-1785\" alt=\"books and pencil on wooden table\" srcset=\"https:\/\/vlf4eu-project.eu\/wp-content\/uploads\/2025\/03\/q8hfuo9udts.jpg 1600w, https:\/\/vlf4eu-project.eu\/wp-content\/uploads\/2025\/03\/q8hfuo9udts-300x200.jpg 300w, https:\/\/vlf4eu-project.eu\/wp-content\/uploads\/2025\/03\/q8hfuo9udts-1024x683.jpg 1024w, https:\/\/vlf4eu-project.eu\/wp-content\/uploads\/2025\/03\/q8hfuo9udts-768x512.jpg 768w, https:\/\/vlf4eu-project.eu\/wp-content\/uploads\/2025\/03\/q8hfuo9udts-1536x1024.jpg 1536w\" sizes=\"(max-width: 1600px) 100vw, 1600px\" \/>\t\t\t\t\t\t\t\t\t\t\t\t\t\t\t<\/div>\n\t\t\t\t<\/div>\n\t\t\t\t<div class=\"elementor-element elementor-element-964d7ae elementor-widget elementor-widget-heading\" data-id=\"964d7ae\" data-element_type=\"widget\" data-widget_type=\"heading.default\">\n\t\t\t\t<div class=\"elementor-widget-container\">\n\t\t\t\t\t<h5 class=\"elementor-heading-title elementor-size-default\">Razvoj virtualnih u\u010dnih modulov, osredoto\u010denih na Industrijo 5.0<\/h5>\t\t\t\t<\/div>\n\t\t\t\t<\/div>\n\t\t\t\t<div class=\"elementor-element elementor-element-8031643 elementor-widget elementor-widget-text-editor\" data-id=\"8031643\" data-element_type=\"widget\" data-widget_type=\"text-editor.default\">\n\t\t\t\t<div class=\"elementor-widget-container\">\n\t\t\t\t\t\t\t\t\t<p>Ta dejavnost se osredoto\u010da na razvoj virtualnih u\u010dnih modulov, osredoto\u010denih na tehnologije Industrije 5.0, ki so namenjeni tako za\u010detnemu poklicnemu usposabljanju (ravni 4\u20137 EQF) kot vse\u017eivljenjskemu u\u010denju. To vklju\u010duje ustvarjanje 48 poglobljenih u\u010dnih modulov in izvedbo 20 poglobljenih pedago\u0161kih projektov v okviru platforme VLF4EU. Moduli bodo obravnavali digitalne in zelene ve\u0161\u010dine s poudarkom na okolju prijaznih materialih, energetski u\u010dinkovitosti in trajnostnem oblikovanju. Cilj je te module validirati z vsaj 200 \u0161tudenti, s \u010dimer se zagotovi, da izpolnjujejo potrebe po znanjih in spretnostih dvojnega prehoda in prispevajo k posodobitvi u\u010dnih na\u010drtov poklicnega izobra\u017eevanja in usposabljanja.   <\/p>\t\t\t\t\t\t\t\t<\/div>\n\t\t\t\t<\/div>\n\t\t\t\t<\/div>\n\t\t<div class=\"elementor-element elementor-element-259010f e-con-full e-flex e-con e-child\" data-id=\"259010f\" data-element_type=\"container\">\n\t\t\t\t<div class=\"elementor-element elementor-element-85916f0 elementor-widget elementor-widget-image\" data-id=\"85916f0\" data-element_type=\"widget\" data-widget_type=\"image.default\">\n\t\t\t\t<div class=\"elementor-widget-container\">\n\t\t\t\t\t\t\t\t\t\t\t\t\t\t\t<img loading=\"lazy\" decoding=\"async\" width=\"1600\" height=\"1200\" src=\"https:\/\/vlf4eu-project.eu\/wp-content\/uploads\/2025\/03\/5q07ss54d0q.jpg\" class=\"attachment-full size-full wp-image-1787\" alt=\"person holding orange flower petals\" srcset=\"https:\/\/vlf4eu-project.eu\/wp-content\/uploads\/2025\/03\/5q07ss54d0q.jpg 1600w, https:\/\/vlf4eu-project.eu\/wp-content\/uploads\/2025\/03\/5q07ss54d0q-300x225.jpg 300w, https:\/\/vlf4eu-project.eu\/wp-content\/uploads\/2025\/03\/5q07ss54d0q-1024x768.jpg 1024w, https:\/\/vlf4eu-project.eu\/wp-content\/uploads\/2025\/03\/5q07ss54d0q-768x576.jpg 768w, https:\/\/vlf4eu-project.eu\/wp-content\/uploads\/2025\/03\/5q07ss54d0q-1536x1152.jpg 1536w\" sizes=\"(max-width: 1600px) 100vw, 1600px\" \/>\t\t\t\t\t\t\t\t\t\t\t\t\t\t\t<\/div>\n\t\t\t\t<\/div>\n\t\t\t\t<div class=\"elementor-element elementor-element-e32009a elementor-widget elementor-widget-heading\" data-id=\"e32009a\" data-element_type=\"widget\" data-widget_type=\"heading.default\">\n\t\t\t\t<div class=\"elementor-widget-container\">\n\t\t\t\t\t<h5 class=\"elementor-heading-title elementor-size-default\">Model odprtih inovacij<\/h5>\t\t\t\t<\/div>\n\t\t\t\t<\/div>\n\t\t\t\t<div class=\"elementor-element elementor-element-de9807e elementor-widget elementor-widget-text-editor\" data-id=\"de9807e\" data-element_type=\"widget\" data-widget_type=\"text-editor.default\">\n\t\t\t\t<div class=\"elementor-widget-container\">\n\t\t\t\t\t\t\t\t\t<p>Namen te dejavnosti je vzpostaviti model odprtih inovacij znotraj zavezni\u0161tva VLF4EU, ki spodbuja sodelovanje med ponudniki poklicnega izobra\u017eevanja in usposabljanja, proizvodnimi malimi in srednje velikimi podjetji ter drugimi dele\u017eniki. To vklju\u010duje razvoj in izvedbo 10 pilotnih primerov virtualiziranih u\u010dnih tovarn, izbranih prek okvira za odprte inovacije VLF4EU. Cilj je spodbujati podjetni\u0161ke ve\u0161\u010dine in pobude prek tekmovanj na podro\u010dju odprtih inovacij ter spodbujati mala in srednje velika podjetja ter industrijske partnerje k sodelovanju v uporabnih raziskavah in eksperimentalnem razvoju. Z ustvarjanjem sodelovalnega ekosistema bo WP6 podpiral nenehno izbolj\u0161evanje in skalabilnost programov sodelovanja VLF.   <\/p>\t\t\t\t\t\t\t\t<\/div>\n\t\t\t\t<\/div>\n\t\t\t\t<\/div>\n\t\t<div class=\"elementor-element elementor-element-4113f57 e-con-full e-flex e-con e-child\" data-id=\"4113f57\" data-element_type=\"container\">\n\t\t\t\t<div class=\"elementor-element elementor-element-825136b elementor-widget elementor-widget-image\" data-id=\"825136b\" data-element_type=\"widget\" data-widget_type=\"image.default\">\n\t\t\t\t<div class=\"elementor-widget-container\">\n\t\t\t\t\t\t\t\t\t\t\t\t\t\t\t<img loading=\"lazy\" decoding=\"async\" width=\"1600\" height=\"1067\" src=\"https:\/\/vlf4eu-project.eu\/wp-content\/uploads\/2025\/03\/novia_x_tfo.jpg\" class=\"attachment-full size-full wp-image-1788\" alt=\"crowd of people in building lobby\" srcset=\"https:\/\/vlf4eu-project.eu\/wp-content\/uploads\/2025\/03\/novia_x_tfo.jpg 1600w, https:\/\/vlf4eu-project.eu\/wp-content\/uploads\/2025\/03\/novia_x_tfo-300x200.jpg 300w, https:\/\/vlf4eu-project.eu\/wp-content\/uploads\/2025\/03\/novia_x_tfo-1024x683.jpg 1024w, https:\/\/vlf4eu-project.eu\/wp-content\/uploads\/2025\/03\/novia_x_tfo-768x512.jpg 768w, https:\/\/vlf4eu-project.eu\/wp-content\/uploads\/2025\/03\/novia_x_tfo-1536x1024.jpg 1536w\" sizes=\"(max-width: 1600px) 100vw, 1600px\" \/>\t\t\t\t\t\t\t\t\t\t\t\t\t\t\t<\/div>\n\t\t\t\t<\/div>\n\t\t\t\t<div class=\"elementor-element elementor-element-89e2e62 elementor-widget elementor-widget-heading\" data-id=\"89e2e62\" data-element_type=\"widget\" data-widget_type=\"heading.default\">\n\t\t\t\t<div class=\"elementor-widget-container\">\n\t\t\t\t\t<h5 class=\"elementor-heading-title elementor-size-default\">Vpliv, raz\u0161irjanje in komunikacija<\/h5>\t\t\t\t<\/div>\n\t\t\t\t<\/div>\n\t\t\t\t<div class=\"elementor-element elementor-element-a7e8ccb elementor-widget elementor-widget-text-editor\" data-id=\"a7e8ccb\" data-element_type=\"widget\" data-widget_type=\"text-editor.default\">\n\t\t\t\t<div class=\"elementor-widget-container\">\n\t\t\t\t\t\t\t\t\t<p>Ta dejavnost je namenjena \u010dim ve\u010djemu vplivu in prepoznavnosti projekta VLF4EU z u\u010dinkovitimi strategijami diseminacije in komunikacije. To vklju\u010duje organizacijo konferenc, regionalnih dogodkov za diseminacijo in ustvarjanje gradiv za diseminacijo, kot so bro\u0161ure, plakati in vsebine za dru\u017ebene medije. Cilj je dose\u010di \u0161iroko ob\u010dinstvo, vklju\u010dno z dele\u017eniki v izobra\u017eevanju, oblikovalci politik in \u0161ir\u0161o javnostjo, da bi spodbudili uvedbo virtualnih u\u010dnih tovarn in poglobljenih tehnologij v sisteme poklicnega izobra\u017eevanja in usposabljanja. Ta naloga bo zagotovila tudi prepoznavnost financiranja EU in prispevala k evropskemu raziskovalnemu prostoru z deljenjem rezultatov projektov in najbolj\u0161ih praks.   <\/p>\t\t\t\t\t\t\t\t<\/div>\n\t\t\t\t<\/div>\n\t\t\t\t<\/div>\n\t\t\t\t<\/div>\n\t\t\t\t<\/div>\n\t\t<div class=\"elementor-element elementor-element-f725090 e-flex e-con-boxed e-con e-parent\" data-id=\"f725090\" data-element_type=\"container\">\n\t\t\t\t\t<div class=\"e-con-inner\">\n\t\t\t\t\t<\/div>\n\t\t\t\t<\/div>\n\t\t\t\t<\/div>\n\t\t","protected":false},"excerpt":{"rendered":"<p>Dejavnosti Ustanovitev zavezni\u0161tva VLF4EU Cilj dejavnosti je vzpostaviti zavezni\u0161tvo VLF4EU, skupno mre\u017eo evropskih virtualnih u\u010dnih tovarn. Prizadeva si ustvariti trajnosten in vklju\u010dujo\u010d model, ki spodbuja sodelovanje med centri za poklicno izobra\u017eevanje in usposabljanje\/visoko poklicno izobra\u017eevanje, univerzami, malimi in srednje velikimi podjetji ter industrijskimi zdru\u017eenji. Klju\u010dni koraki vklju\u010dujejo organizacijo delavnic, oblikovanje partnerskih sporazumov ter razvoj vizije [&hellip;]<\/p>\n","protected":false},"author":3,"featured_media":0,"parent":0,"menu_order":0,"comment_status":"closed","ping_status":"closed","template":"","meta":{"site-sidebar-layout":"no-sidebar","site-content-layout":"","ast-site-content-layout":"full-width-container","site-content-style":"default","site-sidebar-style":"default","ast-global-header-display":"","ast-banner-title-visibility":"","ast-main-header-display":"","ast-hfb-above-header-display":"","ast-hfb-below-header-display":"","ast-hfb-mobile-header-display":"","site-post-title":"disabled","ast-breadcrumbs-content":"","ast-featured-img":"disabled","footer-sml-layout":"","theme-transparent-header-meta":"","adv-header-id-meta":"","stick-header-meta":"","header-above-stick-meta":"","header-main-stick-meta":"","header-below-stick-meta":"","astra-migrate-meta-layouts":"default","ast-page-background-enabled":"default","ast-page-background-meta":{"desktop":{"background-color":"var(--ast-global-color-4)","background-image":"","background-repeat":"repeat","background-position":"center center","background-size":"auto","background-attachment":"scroll","background-type":"","background-media":"","overlay-type":"","overlay-color":"","overlay-opacity":"","overlay-gradient":""},"tablet":{"background-color":"","background-image":"","background-repeat":"repeat","background-position":"center center","background-size":"auto","background-attachment":"scroll","background-type":"","background-media":"","overlay-type":"","overlay-color":"","overlay-opacity":"","overlay-gradient":""},"mobile":{"background-color":"","background-image":"","background-repeat":"repeat","background-position":"center center","background-size":"auto","background-attachment":"scroll","background-type":"","background-media":"","overlay-type":"","overlay-color":"","overlay-opacity":"","overlay-gradient":""}},"ast-content-background-meta":{"desktop":{"background-color":"var(--ast-global-color-5)","background-image":"","background-repeat":"repeat","background-position":"center center","background-size":"auto","background-attachment":"scroll","background-type":"","background-media":"","overlay-type":"","overlay-color":"","overlay-opacity":"","overlay-gradient":""},"tablet":{"background-color":"var(--ast-global-color-5)","background-image":"","background-repeat":"repeat","background-position":"center center","background-size":"auto","background-attachment":"scroll","background-type":"","background-media":"","overlay-type":"","overlay-color":"","overlay-opacity":"","overlay-gradient":""},"mobile":{"background-color":"var(--ast-global-color-5)","background-image":"","background-repeat":"repeat","background-position":"center center","background-size":"auto","background-attachment":"scroll","background-type":"","background-media":"","overlay-type":"","overlay-color":"","overlay-opacity":"","overlay-gradient":""}},"footnotes":""},"class_list":["post-1779","page","type-page","status-publish","hentry"],"_links":{"self":[{"href":"https:\/\/vlf4eu-project.eu\/sl\/wp-json\/wp\/v2\/pages\/1779","targetHints":{"allow":["GET"]}}],"collection":[{"href":"https:\/\/vlf4eu-project.eu\/sl\/wp-json\/wp\/v2\/pages"}],"about":[{"href":"https:\/\/vlf4eu-project.eu\/sl\/wp-json\/wp\/v2\/types\/page"}],"author":[{"embeddable":true,"href":"https:\/\/vlf4eu-project.eu\/sl\/wp-json\/wp\/v2\/users\/3"}],"replies":[{"embeddable":true,"href":"https:\/\/vlf4eu-project.eu\/sl\/wp-json\/wp\/v2\/comments?post=1779"}],"version-history":[{"count":1,"href":"https:\/\/vlf4eu-project.eu\/sl\/wp-json\/wp\/v2\/pages\/1779\/revisions"}],"predecessor-version":[{"id":1789,"href":"https:\/\/vlf4eu-project.eu\/sl\/wp-json\/wp\/v2\/pages\/1779\/revisions\/1789"}],"wp:attachment":[{"href":"https:\/\/vlf4eu-project.eu\/sl\/wp-json\/wp\/v2\/media?parent=1779"}],"curies":[{"name":"wp","href":"https:\/\/api.w.org\/{rel}","templated":true}]}}