{"id":1794,"date":"2025-02-18T14:23:14","date_gmt":"2025-02-18T14:23:14","guid":{"rendered":"https:\/\/vlf4eu-project.eu\/hem\/"},"modified":"2025-11-11T09:25:36","modified_gmt":"2025-11-11T09:25:36","slug":"hem","status":"publish","type":"page","link":"https:\/\/vlf4eu-project.eu\/sv\/","title":{"rendered":"Hem"},"content":{"rendered":"\t\t<div data-elementor-type=\"wp-page\" data-elementor-id=\"1794\" class=\"elementor elementor-1794 elementor-48\">\n\t\t\t\t<div class=\"elementor-element elementor-element-4672b964 e-flex e-con-boxed e-con e-parent\" data-id=\"4672b964\" data-element_type=\"container\" data-settings=\"{&quot;background_background&quot;:&quot;classic&quot;}\">\n\t\t\t\t\t<div class=\"e-con-inner\">\n\t\t\t\t<div class=\"elementor-element elementor-element-52136f16 elementor-widget elementor-widget-heading\" data-id=\"52136f16\" data-element_type=\"widget\" data-widget_type=\"heading.default\">\n\t\t\t\t<div class=\"elementor-widget-container\">\n\t\t\t\t\t<h1 class=\"elementor-heading-title elementor-size-default\">VLF4EU<\/h1>\t\t\t\t<\/div>\n\t\t\t\t<\/div>\n\t\t\t\t<div class=\"elementor-element elementor-element-3235afa elementor-widget__width-initial elementor-widget elementor-widget-text-editor\" data-id=\"3235afa\" data-element_type=\"widget\" data-widget_type=\"text-editor.default\">\n\t\t\t\t<div class=\"elementor-widget-container\">\n\t\t\t\t\t\t\t\t\t<p><strong>V\u00e4lkommen till VLF4EU:s webbplats<\/strong><\/p>\t\t\t\t\t\t\t\t<\/div>\n\t\t\t\t<\/div>\n\t\t\t\t\t<\/div>\n\t\t\t\t<\/div>\n\t\t<div class=\"elementor-element elementor-element-4f70786a e-flex e-con-boxed e-con e-parent\" data-id=\"4f70786a\" data-element_type=\"container\">\n\t\t\t\t\t<div class=\"e-con-inner\">\n\t\t\t\t<div class=\"elementor-element elementor-element-1d268479 elementor-widget elementor-widget-heading\" data-id=\"1d268479\" data-element_type=\"widget\" data-widget_type=\"heading.default\">\n\t\t\t\t<div class=\"elementor-widget-container\">\n\t\t\t\t\t<h2 class=\"elementor-heading-title elementor-size-default\">M\u00c5L<\/h2>\t\t\t\t<\/div>\n\t\t\t\t<\/div>\n\t\t<div class=\"elementor-element elementor-element-4b2c7f81 e-con-full e-flex e-con e-child\" data-id=\"4b2c7f81\" data-element_type=\"container\">\n\t\t<div class=\"elementor-element elementor-element-16f56084 e-con-full e-flex e-con e-child\" data-id=\"16f56084\" data-element_type=\"container\">\n\t\t\t\t<div class=\"elementor-element elementor-element-24bf5f01 elementor-widget elementor-widget-image\" data-id=\"24bf5f01\" data-element_type=\"widget\" data-widget_type=\"image.default\">\n\t\t\t\t<div class=\"elementor-widget-container\">\n\t\t\t\t\t\t\t\t\t\t\t\t\t\t\t\t<a href=\"https:\/\/vlf4eu-project.eu\/objectives\/\">\n\t\t\t\t\t\t\t<img fetchpriority=\"high\" decoding=\"async\" width=\"1280\" height=\"853\" src=\"https:\/\/vlf4eu-project.eu\/wp-content\/uploads\/2025\/02\/blockchain-7660382_1280.jpg\" class=\"attachment-full size-full wp-image-1799\" alt=\"\" srcset=\"https:\/\/vlf4eu-project.eu\/wp-content\/uploads\/2025\/02\/blockchain-7660382_1280.jpg 1280w, https:\/\/vlf4eu-project.eu\/wp-content\/uploads\/2025\/02\/blockchain-7660382_1280-300x200.jpg 300w, https:\/\/vlf4eu-project.eu\/wp-content\/uploads\/2025\/02\/blockchain-7660382_1280-1024x682.jpg 1024w, https:\/\/vlf4eu-project.eu\/wp-content\/uploads\/2025\/02\/blockchain-7660382_1280-768x512.jpg 768w\" sizes=\"(max-width: 1280px) 100vw, 1280px\" \/>\t\t\t\t\t\t\t\t<\/a>\n\t\t\t\t\t\t\t\t\t\t\t\t\t\t\t<\/div>\n\t\t\t\t<\/div>\n\t\t\t\t<div class=\"elementor-element elementor-element-7227845b elementor-widget elementor-widget-heading\" data-id=\"7227845b\" data-element_type=\"widget\" data-widget_type=\"heading.default\">\n\t\t\t\t<div class=\"elementor-widget-container\">\n\t\t\t\t\t<h3 class=\"elementor-heading-title elementor-size-default\"><a href=\"https:\/\/vlf4eu-project.eu\/objectives\/\">Europeiska alliansen f\u00f6r virtuella l\u00e4rfabriker<\/a><\/h3>\t\t\t\t<\/div>\n\t\t\t\t<\/div>\n\t\t\t\t<div class=\"elementor-element elementor-element-33c5808a elementor-widget elementor-widget-text-editor\" data-id=\"33c5808a\" data-element_type=\"widget\" data-widget_type=\"text-editor.default\">\n\t\t\t\t<div class=\"elementor-widget-container\">\n\t\t\t\t\t\t\t\t\t<p>VLF4EU syftar till att skapa ett <strong>samarbetsn\u00e4tverk<\/strong> av yrkesinriktade fabriksinl\u00e4rningscenter \u00f6ver hela Europa. Denna allians kommer att m\u00f6jligg\u00f6ra b\u00e5de f<strong>ysiskt och virtuellt samarbete<\/strong>, fr\u00e4mja innovation i sm\u00e5 och medelstora industriella f\u00f6retag och st\u00e4rka till\u00e4mpad forskning inom tillverkning. <\/p>\t\t\t\t\t\t\t\t<\/div>\n\t\t\t\t<\/div>\n\t\t\t\t<\/div>\n\t\t<div class=\"elementor-element elementor-element-768d7936 e-con-full e-flex e-con e-child\" data-id=\"768d7936\" data-element_type=\"container\">\n\t\t\t\t<div class=\"elementor-element elementor-element-85a687b elementor-widget elementor-widget-image\" data-id=\"85a687b\" data-element_type=\"widget\" data-widget_type=\"image.default\">\n\t\t\t\t<div class=\"elementor-widget-container\">\n\t\t\t\t\t\t\t\t\t\t\t\t\t\t\t\t<a href=\"https:\/\/vlf4eu-project.eu\/about\/\">\n\t\t\t\t\t\t\t<img decoding=\"async\" width=\"1280\" height=\"1280\" src=\"https:\/\/vlf4eu-project.eu\/wp-content\/uploads\/2025\/02\/ai-generated-8668923_1280.jpg\" class=\"attachment-full size-full wp-image-1797\" alt=\"\" srcset=\"https:\/\/vlf4eu-project.eu\/wp-content\/uploads\/2025\/02\/ai-generated-8668923_1280.jpg 1280w, https:\/\/vlf4eu-project.eu\/wp-content\/uploads\/2025\/02\/ai-generated-8668923_1280-300x300.jpg 300w, https:\/\/vlf4eu-project.eu\/wp-content\/uploads\/2025\/02\/ai-generated-8668923_1280-1024x1024.jpg 1024w, https:\/\/vlf4eu-project.eu\/wp-content\/uploads\/2025\/02\/ai-generated-8668923_1280-150x150.jpg 150w, https:\/\/vlf4eu-project.eu\/wp-content\/uploads\/2025\/02\/ai-generated-8668923_1280-768x768.jpg 768w\" sizes=\"(max-width: 1280px) 100vw, 1280px\" \/>\t\t\t\t\t\t\t\t<\/a>\n\t\t\t\t\t\t\t\t\t\t\t\t\t\t\t<\/div>\n\t\t\t\t<\/div>\n\t\t\t\t<div class=\"elementor-element elementor-element-18fe96e1 elementor-widget elementor-widget-heading\" data-id=\"18fe96e1\" data-element_type=\"widget\" data-widget_type=\"heading.default\">\n\t\t\t\t<div class=\"elementor-widget-container\">\n\t\t\t\t\t<h3 class=\"elementor-heading-title elementor-size-default\"><a href=\"https:\/\/vlf4eu-project.eu\/objectives\/\">Integrering av Industri 5.0 i yrkesutbildning<\/a><\/h3>\t\t\t\t<\/div>\n\t\t\t\t<\/div>\n\t\t\t\t<div class=\"elementor-element elementor-element-2b7cc934 elementor-widget elementor-widget-text-editor\" data-id=\"2b7cc934\" data-element_type=\"widget\" data-widget_type=\"text-editor.default\">\n\t\t\t\t<div class=\"elementor-widget-container\">\n\t\t\t\t\t\t\t\t\t<p class=\"has-text-color\" data-oa-prompt=\"Please now create a great description for the previous title. No more than 90 characters.\">Projektet fokuserar p\u00e5 att validera tekniker som <strong data-start=\"603\" data-end=\"685\" data-is-only-node=\"\">virtuell verklighet, f\u00f6rst\u00e4rkt verklighet, digitala tvillingar och artificiell intelligens<\/strong> i yrkesinriktade l\u00e4randeprocesser. Detta kommer att f\u00f6rb\u00e4ttra undervisnings- och inl\u00e4rningsmetoder och f\u00f6rbereda studenter med <strong data-start=\"794\" data-end=\"822\">gr\u00f6na och digitala f\u00e4rdigheter <\/strong>som \u00e4r avg\u00f6rande f\u00f6r modern tillverkning. <\/p>\t\t\t\t\t\t\t\t<\/div>\n\t\t\t\t<\/div>\n\t\t\t\t<\/div>\n\t\t<div class=\"elementor-element elementor-element-4999367f e-con-full e-flex e-con e-child\" data-id=\"4999367f\" data-element_type=\"container\">\n\t\t\t\t<div class=\"elementor-element elementor-element-2dfe5354 elementor-widget elementor-widget-image\" data-id=\"2dfe5354\" data-element_type=\"widget\" data-widget_type=\"image.default\">\n\t\t\t\t<div class=\"elementor-widget-container\">\n\t\t\t\t\t\t\t\t\t\t\t\t\t\t\t\t<a href=\"https:\/\/vlf4eu-project.eu\/objectives\/\">\n\t\t\t\t\t\t\t<img decoding=\"async\" width=\"1280\" height=\"1920\" src=\"https:\/\/vlf4eu-project.eu\/wp-content\/uploads\/2025\/02\/ai-generated-8894558_1920.jpg\" class=\"attachment-full size-full wp-image-1798\" alt=\"\" srcset=\"https:\/\/vlf4eu-project.eu\/wp-content\/uploads\/2025\/02\/ai-generated-8894558_1920.jpg 1280w, https:\/\/vlf4eu-project.eu\/wp-content\/uploads\/2025\/02\/ai-generated-8894558_1920-200x300.jpg 200w, https:\/\/vlf4eu-project.eu\/wp-content\/uploads\/2025\/02\/ai-generated-8894558_1920-683x1024.jpg 683w, https:\/\/vlf4eu-project.eu\/wp-content\/uploads\/2025\/02\/ai-generated-8894558_1920-768x1152.jpg 768w, https:\/\/vlf4eu-project.eu\/wp-content\/uploads\/2025\/02\/ai-generated-8894558_1920-1024x1536.jpg 1024w\" sizes=\"(max-width: 1280px) 100vw, 1280px\" \/>\t\t\t\t\t\t\t\t<\/a>\n\t\t\t\t\t\t\t\t\t\t\t\t\t\t\t<\/div>\n\t\t\t\t<\/div>\n\t\t\t\t<div class=\"elementor-element elementor-element-6656e18c elementor-widget elementor-widget-heading\" data-id=\"6656e18c\" data-element_type=\"widget\" data-widget_type=\"heading.default\">\n\t\t\t\t<div class=\"elementor-widget-container\">\n\t\t\t\t\t<h3 class=\"elementor-heading-title elementor-size-default\"><a href=\"https:\/\/vlf4eu-project.eu\/objectives\/\">Innovativa utbildnings- och demonstrationscenter<\/a><\/h3>\t\t\t\t<\/div>\n\t\t\t\t<\/div>\n\t\t\t\t<div class=\"elementor-element elementor-element-68201f95 elementor-widget elementor-widget-text-editor\" data-id=\"68201f95\" data-element_type=\"widget\" data-widget_type=\"text-editor.default\">\n\t\t\t\t<div class=\"elementor-widget-container\">\n\t\t\t\t\t\t\t\t\t<p class=\"has-text-color\" data-oa-prompt=\"Please now create a great description for the previous title. No more than 90 characters.\">VLF4EU kommer att tillhandah\u00e5lla <strong data-start=\"961\" data-end=\"1000\" data-is-only-node=\"\">banbrytande utbildningsmetoder och demonstrationscenter<\/strong> <strong data-start=\"1005\" data-end=\"1055\">(b\u00e5de fysiska och virtuella)<\/strong> f\u00f6r att hj\u00e4lpa sm\u00e5 och medelstora f\u00f6retag <strong data-start=\"1069\" data-end=\"1114\">att anta och till\u00e4mpa Industri 5.0-teknik<\/strong>. Detta kommer att \u00f6verbrygga kompetensgapet och s\u00e4kerst\u00e4lla att arbetskraften \u00e4r f\u00f6rberedd f\u00f6r den dubbla digitala och gr\u00f6na omst\u00e4llningen. <\/p>\t\t\t\t\t\t\t\t<\/div>\n\t\t\t\t<\/div>\n\t\t\t\t<\/div>\n\t\t\t\t<\/div>\n\t\t\t\t\t<\/div>\n\t\t\t\t<\/div>\n\t\t<div class=\"elementor-element elementor-element-2ff003cb e-flex e-con-boxed e-con e-parent\" data-id=\"2ff003cb\" data-element_type=\"container\" data-settings=\"{&quot;background_background&quot;:&quot;classic&quot;}\">\n\t\t\t\t\t<div class=\"e-con-inner\">\n\t\t<div class=\"elementor-element elementor-element-7d4fa06d e-con-full e-flex e-con e-child\" data-id=\"7d4fa06d\" data-element_type=\"container\">\n\t\t\t\t<div class=\"elementor-element elementor-element-5f3ca5ec elementor-widget elementor-widget-heading\" data-id=\"5f3ca5ec\" data-element_type=\"widget\" data-widget_type=\"heading.default\">\n\t\t\t\t<div class=\"elementor-widget-container\">\n\t\t\t\t\t<h2 class=\"elementor-heading-title elementor-size-default\">Vad \u00e4r VLF4EU?<\/h2>\t\t\t\t<\/div>\n\t\t\t\t<\/div>\n\t\t\t\t<div class=\"elementor-element elementor-element-337c959c elementor-widget__width-initial elementor-widget elementor-widget-text-editor\" data-id=\"337c959c\" data-element_type=\"widget\" data-widget_type=\"text-editor.default\">\n\t\t\t\t<div class=\"elementor-widget-container\">\n\t\t\t\t\t\t\t\t\t<p data-start=\"23\" data-end=\"389\">VLF4EU revolutionerar yrkesutbildningen genom att s\u00f6ml\u00f6st integrera banbrytande teknik som virtuell verklighet, f\u00f6rst\u00e4rkt verklighet och digitala tvillingar i l\u00e4randeprocesser. V\u00e5rt m\u00e5l \u00e4r att ge studenterna grundl\u00e4ggande digitala och gr\u00f6na f\u00e4rdigheter, s\u00e5 att de \u00e4r redo att driva innovation inom sm\u00e5 och medelstora tillverkningsf\u00f6retag. <\/p><p data-start=\"391\" data-end=\"748\">Som en europeisk allians av virtuella l\u00e4randefabriker f\u00f6r tillverkning fr\u00e4mjar VLF4EU samarbete mellan yrkesutbildningscenter, universitet, sm\u00e5 och medelstora f\u00f6retag och branschorganisationer i europeiska l\u00e4nder. Tillsammans formar vi framtiden f\u00f6r industriell utbildning genom innovativa metoder, till\u00e4mpad forskning och f\u00f6rdjupande l\u00e4randeupplevelser. <\/p><p data-start=\"750\" data-end=\"840\" data-is-last-node=\"\" data-is-only-node=\"\">H\u00e4ng med oss \u200b\u200boch \u00f6verbrygga klyftan mellan utbildning och industri och g\u00f6ra Industri 5.0 till verklighet!<\/p>\t\t\t\t\t\t\t\t<\/div>\n\t\t\t\t<\/div>\n\t\t\t\t<\/div>\n\t\t<div class=\"elementor-element elementor-element-3c98d619 e-con-full e-flex e-con e-child\" data-id=\"3c98d619\" data-element_type=\"container\">\n\t\t\t\t<div class=\"elementor-element elementor-element-7b34c420 elementor-widget elementor-widget-image\" data-id=\"7b34c420\" data-element_type=\"widget\" data-widget_type=\"image.default\">\n\t\t\t\t<div class=\"elementor-widget-container\">\n\t\t\t\t\t\t\t\t\t\t\t\t\t\t\t<img loading=\"lazy\" decoding=\"async\" width=\"512\" height=\"512\" src=\"https:\/\/vlf4eu-project.eu\/wp-content\/uploads\/2025\/02\/cropped-VLF4EU-PNG-TRANSPARENTE_-V4.png\" class=\"attachment-full size-full wp-image-1800\" alt=\"\" srcset=\"https:\/\/vlf4eu-project.eu\/wp-content\/uploads\/2025\/02\/cropped-VLF4EU-PNG-TRANSPARENTE_-V4.png 512w, https:\/\/vlf4eu-project.eu\/wp-content\/uploads\/2025\/02\/cropped-VLF4EU-PNG-TRANSPARENTE_-V4-300x300.png 300w, https:\/\/vlf4eu-project.eu\/wp-content\/uploads\/2025\/02\/cropped-VLF4EU-PNG-TRANSPARENTE_-V4-150x150.png 150w, https:\/\/vlf4eu-project.eu\/wp-content\/uploads\/2025\/02\/cropped-VLF4EU-PNG-TRANSPARENTE_-V4-270x270.png 270w, https:\/\/vlf4eu-project.eu\/wp-content\/uploads\/2025\/02\/cropped-VLF4EU-PNG-TRANSPARENTE_-V4-192x192.png 192w, https:\/\/vlf4eu-project.eu\/wp-content\/uploads\/2025\/02\/cropped-VLF4EU-PNG-TRANSPARENTE_-V4-180x180.png 180w, https:\/\/vlf4eu-project.eu\/wp-content\/uploads\/2025\/02\/cropped-VLF4EU-PNG-TRANSPARENTE_-V4-32x32.png 32w\" sizes=\"(max-width: 512px) 100vw, 512px\" \/>\t\t\t\t\t\t\t\t\t\t\t\t\t\t\t<\/div>\n\t\t\t\t<\/div>\n\t\t\t\t<\/div>\n\t\t\t\t\t<\/div>\n\t\t\t\t<\/div>\n\t\t<div class=\"elementor-element elementor-element-5cc1820 e-flex e-con-boxed e-con e-parent\" data-id=\"5cc1820\" data-element_type=\"container\">\n\t\t\t\t\t<div class=\"e-con-inner\">\n\t\t\t\t<div class=\"elementor-element elementor-element-8024523 elementor-widget elementor-widget-heading\" data-id=\"8024523\" data-element_type=\"widget\" data-widget_type=\"heading.default\">\n\t\t\t\t<div class=\"elementor-widget-container\">\n\t\t\t\t\t<h2 class=\"elementor-heading-title elementor-size-default\">NYHETER<\/h2>\t\t\t\t<\/div>\n\t\t\t\t<\/div>\n\t\t\t\t<div class=\"elementor-element elementor-element-344063d elementor-widget elementor-widget-ucaddon_uc_card_post_carousel\" data-id=\"344063d\" data-element_type=\"widget\" data-widget_type=\"ucaddon_uc_card_post_carousel.default\">\n\t\t\t\t<div class=\"elementor-widget-container\">\n\t\t\t\t\t\n<!-- start Post Carousel Lite -->\n\t\t<link id='font-awesome-css' href='https:\/\/vlf4eu-project.eu\/wp-content\/plugins\/unlimited-elements-for-elementor\/assets_libraries\/font-awesome6\/fontawesome-all.min.css' type='text\/css' rel='stylesheet' >\n\t\t<link id='font-awesome-4-shim-css' href='https:\/\/vlf4eu-project.eu\/wp-content\/plugins\/unlimited-elements-for-elementor\/assets_libraries\/font-awesome6\/fontawesome-v4-shims.min.css' type='text\/css' rel='stylesheet' >\n\t\t<link id='owl-carousel-css' href='https:\/\/vlf4eu-project.eu\/wp-content\/plugins\/unlimited-elements-for-elementor\/assets_libraries\/owl-carousel-new\/assets\/owl.carousel.css' type='text\/css' rel='stylesheet' >\n\n<style>\/* widget: Post Carousel Lite *\/\n\n#uc_uc_card_post_carousel_elementor_344063d *{\n  box-sizing:border-box;\n}\n#uc_uc_card_post_carousel_elementor_344063d{\n  position:relative;\n  min-height:1px;\n}\n#uc_uc_card_post_carousel_elementor_344063d .uc_image_carousel_content{\n\ttext-align:left;\n    display: flex;\n     flex-flow: column nowrap;\n}\n#uc_uc_card_post_carousel_elementor_344063d .ue_post_carousel_item\n{\n  overflow:hidden;\n  \n}\n#uc_uc_card_post_carousel_elementor_344063d .uc_image_carousel_bg {\n  background-repeat: no-repeat;\n}\n#uc_uc_card_post_carousel_elementor_344063d .uc_image_carousel_placeholder a{\n  width:100%;\n}\n#uc_uc_card_post_carousel_elementor_344063d .uc_image_carousel_bg{\n  width:100%;\n}\n#uc_uc_card_post_carousel_elementor_344063d .uc_image_carousel_placeholder{\n  overflow:hidden;\n}\n\n#uc_uc_card_post_carousel_elementor_344063d .ue_post_btn_holder\n{\n  margin-top:auto;\n}\n\n#uc_uc_card_post_carousel_elementor_344063d .uc_more_btn{\n\n  display:inline-block;\n  text-align:center;\n  text-decoration:none;\n} \n\n.uc_overlay_image_carousel .uc_more_btn{\n  text-decoration:none;\n  display:inline-block;\n}\n\n.uc_overlay_image_carousel .uc_post_title{\n  font-size:21px;\n  text-decoration:none;\n}\n\n#uc_uc_card_post_carousel_elementor_344063d .owl-nav .owl-prev{\n    position:absolute;\n    display:inline-block;\n    text-align:center;\n}\n#uc_uc_card_post_carousel_elementor_344063d .owl-nav .owl-next{\n  position:absolute;\n  display:inline-block;\n  text-align:center;\n}\n\n\n#uc_uc_card_post_carousel_elementor_344063d .owl-dots {\noverflow:hidden;\ndisplay:true !important;\ntext-align:center;\n}\n\n#uc_uc_card_post_carousel_elementor_344063d .owl-dot {\nborder-radius:50%;\ndisplay:inline-block;\n}\n\t#uc_uc_card_post_carousel_elementor_344063d .owl-stage\n        {\n            transition-timing-function: linear!important;\n        }\n\n\n\n<\/style>\n\n<div class=\"uc_overlay_image_carousel  \" id=\"uc_uc_card_post_carousel_elementor_344063d\" data-custom-sethtml=\"true\" >\n   <div class=\"uc_carousel owl-carousel owl-theme uc-items-wrapper\">\n   \t\t\n   <\/div>\t\n<\/div>\n\n<!-- end Post Carousel Lite -->\t\t\t\t<\/div>\n\t\t\t\t<\/div>\n\t\t\t\t\t<\/div>\n\t\t\t\t<\/div>\n\t\t<div class=\"elementor-element elementor-element-2663772c e-flex e-con-boxed e-con e-parent\" data-id=\"2663772c\" data-element_type=\"container\" data-settings=\"{&quot;background_background&quot;:&quot;classic&quot;}\">\n\t\t\t\t\t<div class=\"e-con-inner\">\n\t\t<div class=\"elementor-element elementor-element-a2dc825 e-con-full e-flex e-con e-child\" data-id=\"a2dc825\" data-element_type=\"container\">\n\t\t\t\t<div class=\"elementor-element elementor-element-17fb7543 elementor-widget elementor-widget-heading\" data-id=\"17fb7543\" data-element_type=\"widget\" data-widget_type=\"heading.default\">\n\t\t\t\t<div class=\"elementor-widget-container\">\n\t\t\t\t\t<h2 class=\"elementor-heading-title elementor-size-default\">Vilka \u00e4r vi?<\/h2>\t\t\t\t<\/div>\n\t\t\t\t<\/div>\n\t\t\t\t<div class=\"elementor-element elementor-element-323ee7cc elementor-widget__width-initial elementor-widget elementor-widget-text-editor\" data-id=\"323ee7cc\" data-element_type=\"widget\" data-widget_type=\"text-editor.default\">\n\t\t\t\t<div class=\"elementor-widget-container\">\n\t\t\t\t\t\t\t\t\t<p>Uppt\u00e4ck v\u00e5r starka allians av yrkesutbildningsinstitutioner och industripartners som formar framtidens tillverkningsutbildning.<\/p>\t\t\t\t\t\t\t\t<\/div>\n\t\t\t\t<\/div>\n\t\t\t\t<div class=\"elementor-element elementor-element-5e7d711e elementor-widget elementor-widget-button\" data-id=\"5e7d711e\" data-element_type=\"widget\" data-widget_type=\"button.default\">\n\t\t\t\t<div class=\"elementor-widget-container\">\n\t\t\t\t\t\t\t\t\t<div class=\"elementor-button-wrapper\">\n\t\t\t\t\t<a class=\"elementor-button elementor-button-link elementor-size-sm\" href=\"https:\/\/vlf4eu-project.eu\/partners\/\">\n\t\t\t\t\t\t<span class=\"elementor-button-content-wrapper\">\n\t\t\t\t\t\t\t\t\t<span class=\"elementor-button-text\">Partners<\/span>\n\t\t\t\t\t<\/span>\n\t\t\t\t\t<\/a>\n\t\t\t\t<\/div>\n\t\t\t\t\t\t\t\t<\/div>\n\t\t\t\t<\/div>\n\t\t\t\t<\/div>\n\t\t\t\t\t<\/div>\n\t\t\t\t<\/div>\n\t\t\t\t<\/div>\n\t\t","protected":false},"excerpt":{"rendered":"<p>VLF4EU V\u00e4lkommen till VLF4EU:s webbplats M\u00c5L Europeiska alliansen f\u00f6r virtuella l\u00e4rfabriker VLF4EU syftar till att skapa ett samarbetsn\u00e4tverk av yrkesinriktade fabriksinl\u00e4rningscenter \u00f6ver hela Europa. Denna allians kommer att m\u00f6jligg\u00f6ra b\u00e5de fysiskt och virtuellt samarbete, fr\u00e4mja innovation i sm\u00e5 och medelstora industriella f\u00f6retag och st\u00e4rka till\u00e4mpad forskning inom tillverkning. Integrering av Industri 5.0 i yrkesutbildning Projektet [&hellip;]<\/p>\n","protected":false},"author":3,"featured_media":0,"parent":0,"menu_order":0,"comment_status":"closed","ping_status":"closed","template":"","meta":{"site-sidebar-layout":"no-sidebar","site-content-layout":"","ast-site-content-layout":"full-width-container","site-content-style":"default","site-sidebar-style":"default","ast-global-header-display":"","ast-banner-title-visibility":"","ast-main-header-display":"","ast-hfb-above-header-display":"","ast-hfb-below-header-display":"","ast-hfb-mobile-header-display":"","site-post-title":"disabled","ast-breadcrumbs-content":"","ast-featured-img":"disabled","footer-sml-layout":"","theme-transparent-header-meta":"","adv-header-id-meta":"","stick-header-meta":"","header-above-stick-meta":"","header-main-stick-meta":"","header-below-stick-meta":"","astra-migrate-meta-layouts":"default","ast-page-background-enabled":"default","ast-page-background-meta":{"desktop":{"background-color":"var(--ast-global-color-4)","background-image":"","background-repeat":"repeat","background-position":"center center","background-size":"auto","background-attachment":"scroll","background-type":"","background-media":"","overlay-type":"","overlay-color":"","overlay-opacity":"","overlay-gradient":""},"tablet":{"background-color":"","background-image":"","background-repeat":"repeat","background-position":"center center","background-size":"auto","background-attachment":"scroll","background-type":"","background-media":"","overlay-type":"","overlay-color":"","overlay-opacity":"","overlay-gradient":""},"mobile":{"background-color":"","background-image":"","background-repeat":"repeat","background-position":"center center","background-size":"auto","background-attachment":"scroll","background-type":"","background-media":"","overlay-type":"","overlay-color":"","overlay-opacity":"","overlay-gradient":""}},"ast-content-background-meta":{"desktop":{"background-color":"var(--ast-global-color-5)","background-image":"","background-repeat":"repeat","background-position":"center center","background-size":"auto","background-attachment":"scroll","background-type":"","background-media":"","overlay-type":"","overlay-color":"","overlay-opacity":"","overlay-gradient":""},"tablet":{"background-color":"var(--ast-global-color-5)","background-image":"","background-repeat":"repeat","background-position":"center center","background-size":"auto","background-attachment":"scroll","background-type":"","background-media":"","overlay-type":"","overlay-color":"","overlay-opacity":"","overlay-gradient":""},"mobile":{"background-color":"var(--ast-global-color-5)","background-image":"","background-repeat":"repeat","background-position":"center center","background-size":"auto","background-attachment":"scroll","background-type":"","background-media":"","overlay-type":"","overlay-color":"","overlay-opacity":"","overlay-gradient":""}},"footnotes":""},"class_list":["post-1794","page","type-page","status-publish","hentry"],"_links":{"self":[{"href":"https:\/\/vlf4eu-project.eu\/sv\/wp-json\/wp\/v2\/pages\/1794","targetHints":{"allow":["GET"]}}],"collection":[{"href":"https:\/\/vlf4eu-project.eu\/sv\/wp-json\/wp\/v2\/pages"}],"about":[{"href":"https:\/\/vlf4eu-project.eu\/sv\/wp-json\/wp\/v2\/types\/page"}],"author":[{"embeddable":true,"href":"https:\/\/vlf4eu-project.eu\/sv\/wp-json\/wp\/v2\/users\/3"}],"replies":[{"embeddable":true,"href":"https:\/\/vlf4eu-project.eu\/sv\/wp-json\/wp\/v2\/comments?post=1794"}],"version-history":[{"count":1,"href":"https:\/\/vlf4eu-project.eu\/sv\/wp-json\/wp\/v2\/pages\/1794\/revisions"}],"predecessor-version":[{"id":1801,"href":"https:\/\/vlf4eu-project.eu\/sv\/wp-json\/wp\/v2\/pages\/1794\/revisions\/1801"}],"wp:attachment":[{"href":"https:\/\/vlf4eu-project.eu\/sv\/wp-json\/wp\/v2\/media?parent=1794"}],"curies":[{"name":"wp","href":"https:\/\/api.w.org\/{rel}","templated":true}]}}