{"id":1818,"date":"2025-03-21T07:09:17","date_gmt":"2025-03-21T07:09:17","guid":{"rendered":"https:\/\/vlf4eu-project.eu\/aktiviteter\/"},"modified":"2026-02-23T09:15:39","modified_gmt":"2026-02-23T09:15:39","slug":"aktiviteter","status":"publish","type":"page","link":"https:\/\/vlf4eu-project.eu\/sv\/aktiviteter\/","title":{"rendered":"Aktiviteter"},"content":{"rendered":"\t\t<div data-elementor-type=\"wp-page\" data-elementor-id=\"1818\" class=\"elementor elementor-1818 elementor-979\">\n\t\t\t\t<div class=\"elementor-element elementor-element-17c76f4 e-flex e-con-boxed e-con e-parent\" data-id=\"17c76f4\" data-element_type=\"container\" data-settings=\"{&quot;background_background&quot;:&quot;classic&quot;}\">\n\t\t\t\t\t<div class=\"e-con-inner\">\n\t\t\t\t<div class=\"elementor-element elementor-element-830934f elementor-widget elementor-widget-heading\" data-id=\"830934f\" data-element_type=\"widget\" data-widget_type=\"heading.default\">\n\t\t\t\t<div class=\"elementor-widget-container\">\n\t\t\t\t\t<h1 class=\"elementor-heading-title elementor-size-default\">Aktiviteter<\/h1>\t\t\t\t<\/div>\n\t\t\t\t<\/div>\n\t\t\t\t\t<\/div>\n\t\t\t\t<\/div>\n\t\t<div class=\"elementor-element elementor-element-b642bcb e-con-full e-flex e-con e-parent\" data-id=\"b642bcb\" data-element_type=\"container\">\n\t\t<div class=\"elementor-element elementor-element-9c6fe8f e-con-full e-flex e-con e-child\" data-id=\"9c6fe8f\" data-element_type=\"container\">\n\t\t<div class=\"elementor-element elementor-element-60dab09 e-con-full e-flex e-con e-child\" data-id=\"60dab09\" data-element_type=\"container\">\n\t\t\t\t<div class=\"elementor-element elementor-element-476c785 elementor-widget elementor-widget-image\" data-id=\"476c785\" data-element_type=\"widget\" data-widget_type=\"image.default\">\n\t\t\t\t<div class=\"elementor-widget-container\">\n\t\t\t\t\t\t\t\t\t\t\t\t\t\t\t<img fetchpriority=\"high\" decoding=\"async\" width=\"688\" height=\"1024\" src=\"https:\/\/vlf4eu-project.eu\/wp-content\/uploads\/2025\/03\/alliance-REALISTA.webp\" class=\"attachment-full size-full wp-image-1821\" alt=\"\" srcset=\"https:\/\/vlf4eu-project.eu\/wp-content\/uploads\/2025\/03\/alliance-REALISTA.webp 688w, https:\/\/vlf4eu-project.eu\/wp-content\/uploads\/2025\/03\/alliance-REALISTA-202x300.webp 202w\" sizes=\"(max-width: 688px) 100vw, 688px\" \/>\t\t\t\t\t\t\t\t\t\t\t\t\t\t\t<\/div>\n\t\t\t\t<\/div>\n\t\t\t\t<div class=\"elementor-element elementor-element-301db1e elementor-widget elementor-widget-heading\" data-id=\"301db1e\" data-element_type=\"widget\" data-widget_type=\"heading.default\">\n\t\t\t\t<div class=\"elementor-widget-container\">\n\t\t\t\t\t<h5 class=\"elementor-heading-title elementor-size-default\">Etablering av VLF4EU-alliansen<\/h5>\t\t\t\t<\/div>\n\t\t\t\t<\/div>\n\t\t\t\t<div class=\"elementor-element elementor-element-178f7e6 elementor-widget elementor-widget-text-editor\" data-id=\"178f7e6\" data-element_type=\"widget\" data-widget_type=\"text-editor.default\">\n\t\t\t\t<div class=\"elementor-widget-container\">\n\t\t\t\t\t\t\t\t\t<p>Aktiviteten syftar till att etablera VLF4EU-alliansen, ett samarbetsn\u00e4tverk av europeiska virtuella l\u00e4rfabriker. Den syftar till att skapa en h\u00e5llbar och inkluderande modell som fr\u00e4mjar samarbete mellan yrkesutbildnings-\/h\u00f6gskoleutbildningscentra, universitet, sm\u00e5 och medelstora f\u00f6retag och branschorganisationer. Viktiga steg inkluderar att organisera workshops, ing\u00e5 partnerskapsavtal och utveckla en vision och tj\u00e4nsteplan. Alliansen kommer att etableras juridiskt, med en verktygsl\u00e5da utvecklad f\u00f6r att implementera virtuella l\u00e4rfabriker \u00f6ver hela Europa, vilket s\u00e4kerst\u00e4ller l\u00e5ngsiktigt samarbete och innovation.   <\/p>\t\t\t\t\t\t\t\t<\/div>\n\t\t\t\t<\/div>\n\t\t\t\t<\/div>\n\t\t<div class=\"elementor-element elementor-element-e436349 e-con-full e-flex e-con e-child\" data-id=\"e436349\" data-element_type=\"container\">\n\t\t\t\t<div class=\"elementor-element elementor-element-95722e8 elementor-widget elementor-widget-image\" data-id=\"95722e8\" data-element_type=\"widget\" data-widget_type=\"image.default\">\n\t\t\t\t<div class=\"elementor-widget-container\">\n\t\t\t\t\t\t\t\t\t\t\t\t\t\t\t<img decoding=\"async\" width=\"1280\" height=\"1920\" src=\"https:\/\/vlf4eu-project.eu\/wp-content\/uploads\/2025\/02\/ai-generated-8894558_1920.jpg\" class=\"attachment-full size-full wp-image-1798\" alt=\"\" srcset=\"https:\/\/vlf4eu-project.eu\/wp-content\/uploads\/2025\/02\/ai-generated-8894558_1920.jpg 1280w, https:\/\/vlf4eu-project.eu\/wp-content\/uploads\/2025\/02\/ai-generated-8894558_1920-200x300.jpg 200w, https:\/\/vlf4eu-project.eu\/wp-content\/uploads\/2025\/02\/ai-generated-8894558_1920-683x1024.jpg 683w, https:\/\/vlf4eu-project.eu\/wp-content\/uploads\/2025\/02\/ai-generated-8894558_1920-768x1152.jpg 768w, https:\/\/vlf4eu-project.eu\/wp-content\/uploads\/2025\/02\/ai-generated-8894558_1920-1024x1536.jpg 1024w\" sizes=\"(max-width: 1280px) 100vw, 1280px\" \/>\t\t\t\t\t\t\t\t\t\t\t\t\t\t\t<\/div>\n\t\t\t\t<\/div>\n\t\t\t\t<div class=\"elementor-element elementor-element-4c4800c elementor-widget elementor-widget-heading\" data-id=\"4c4800c\" data-element_type=\"widget\" data-widget_type=\"heading.default\">\n\t\t\t\t<div class=\"elementor-widget-container\">\n\t\t\t\t\t<h5 class=\"elementor-heading-title elementor-size-default\">Implementering av VLF:er i hela EU<\/h5>\t\t\t\t<\/div>\n\t\t\t\t<\/div>\n\t\t\t\t<div class=\"elementor-element elementor-element-f7c5a75 elementor-widget elementor-widget-text-editor\" data-id=\"f7c5a75\" data-element_type=\"widget\" data-widget_type=\"text-editor.default\">\n\t\t\t\t<div class=\"elementor-widget-container\">\n\t\t\t\t\t\t\t\t\t<p>Denna aktivitet handlar om systematisk implementering av virtuella l\u00e4rfabriker (VLF) \u00f6ver hela Europa, med syftet att utveckla en verktygsl\u00e5da och metoder som underl\u00e4ttar inf\u00f6randet av VLF p\u00e5 yrkesutbildnings-\/h\u00f6gskoleutbildningscenter (VET\/HVET). Detta inneb\u00e4r att skapa en minimalt genomf\u00f6rbar VLF-modell baserad p\u00e5 principer f\u00f6r aktivt l\u00e4rande och VLF4EU-pedagogik, vilket s\u00e4kerst\u00e4ller inkludering och regional utveckling. Verktygsl\u00e5dan kommer att ge riktlinjer f\u00f6r yrkesutbildningsinstitutioner f\u00f6r att systematiskt implementera virtuella l\u00e4rfabriker och tillgodose behoven i den dubbla \u00f6verg\u00e5ngen. En omfattande verktygsl\u00e5da kommer att publiceras, som g\u00f6r det m\u00f6jligt f\u00f6r yrkesutbildningscenter att f\u00f6rb\u00e4ttra sina undervisningsmetoder genom immersiva och kollaborativa l\u00e4rmilj\u00f6er, och d\u00e4rigenom st\u00f6dja moderniseringen av yrkesutbildningssystem och fr\u00e4mja innovation i industriella sm\u00e5 och medelstora f\u00f6retag.   <\/p>\t\t\t\t\t\t\t\t<\/div>\n\t\t\t\t<\/div>\n\t\t\t\t<\/div>\n\t\t<div class=\"elementor-element elementor-element-5808880 e-con-full e-flex e-con e-child\" data-id=\"5808880\" data-element_type=\"container\">\n\t\t\t\t<div class=\"elementor-element elementor-element-10220c0 elementor-widget elementor-widget-image\" data-id=\"10220c0\" data-element_type=\"widget\" data-widget_type=\"image.default\">\n\t\t\t\t<div class=\"elementor-widget-container\">\n\t\t\t\t\t\t\t\t\t\t\t\t\t\t\t<img decoding=\"async\" width=\"1600\" height=\"1152\" src=\"https:\/\/vlf4eu-project.eu\/wp-content\/uploads\/2025\/03\/hiz2lvao6po.jpg\" class=\"attachment-full size-full wp-image-1825\" alt=\"man in yellow jacket wearing black goggles\" srcset=\"https:\/\/vlf4eu-project.eu\/wp-content\/uploads\/2025\/03\/hiz2lvao6po.jpg 1600w, https:\/\/vlf4eu-project.eu\/wp-content\/uploads\/2025\/03\/hiz2lvao6po-300x216.jpg 300w, https:\/\/vlf4eu-project.eu\/wp-content\/uploads\/2025\/03\/hiz2lvao6po-1024x737.jpg 1024w, https:\/\/vlf4eu-project.eu\/wp-content\/uploads\/2025\/03\/hiz2lvao6po-768x553.jpg 768w, https:\/\/vlf4eu-project.eu\/wp-content\/uploads\/2025\/03\/hiz2lvao6po-1536x1106.jpg 1536w\" sizes=\"(max-width: 1600px) 100vw, 1600px\" \/>\t\t\t\t\t\t\t\t\t\t\t\t\t\t\t<\/div>\n\t\t\t\t<\/div>\n\t\t\t\t<div class=\"elementor-element elementor-element-b38ca74 elementor-widget elementor-widget-heading\" data-id=\"b38ca74\" data-element_type=\"widget\" data-widget_type=\"heading.default\">\n\t\t\t\t<div class=\"elementor-widget-container\">\n\t\t\t\t\t<h5 class=\"elementor-heading-title elementor-size-default\">Utveckling av VLF4EU-plattformen<\/h5>\t\t\t\t<\/div>\n\t\t\t\t<\/div>\n\t\t\t\t<div class=\"elementor-element elementor-element-a8891f7 elementor-widget elementor-widget-text-editor\" data-id=\"a8891f7\" data-element_type=\"widget\" data-widget_type=\"text-editor.default\">\n\t\t\t\t<div class=\"elementor-widget-container\">\n\t\t\t\t\t\t\t\t\t<p>Denna aktivitet \u00e4r dedikerad till utvecklingen av den immersiva plattformen VLF4EU, som kommer att fungera som ett samarbetsutrymme f\u00f6r virtuella l\u00e4rfabriker. Denna plattform kommer att m\u00f6jligg\u00f6ra skapande och hantering av immersivt utbildningsinneh\u00e5ll, vilket m\u00f6jligg\u00f6r b\u00e5de fysiska och virtuella l\u00e4randeupplevelser. Viktiga funktioner inkluderar ett &#8221;kodfritt&#8221; verktyg f\u00f6r inneh\u00e5llsskapande, bed\u00f6mningsverktyg och realtidsvisualisering av digitala tvillingdata. Plattformen kommer att utformas f\u00f6r att st\u00f6dja fleranv\u00e4ndarupplevelser och integreras s\u00f6ml\u00f6st med befintliga industriella ekosystem, fr\u00e4mja h\u00e5llbara tillverkningsmetoder och f\u00f6rb\u00e4ttra l\u00e4randeupplevelsen f\u00f6r b\u00e5de studenter och yrkesverksamma.   <\/p>\t\t\t\t\t\t\t\t<\/div>\n\t\t\t\t<\/div>\n\t\t\t\t<\/div>\n\t\t\t\t<\/div>\n\t\t<div class=\"elementor-element elementor-element-44a9a93 e-con-full e-flex e-con e-child\" data-id=\"44a9a93\" data-element_type=\"container\">\n\t\t<div class=\"elementor-element elementor-element-4455d94 e-con-full e-flex e-con e-child\" data-id=\"4455d94\" data-element_type=\"container\">\n\t\t\t\t<div class=\"elementor-element elementor-element-b4c3ccb elementor-widget elementor-widget-image\" data-id=\"b4c3ccb\" data-element_type=\"widget\" data-widget_type=\"image.default\">\n\t\t\t\t<div class=\"elementor-widget-container\">\n\t\t\t\t\t\t\t\t\t\t\t\t\t\t\t<img loading=\"lazy\" decoding=\"async\" width=\"1600\" height=\"1067\" src=\"https:\/\/vlf4eu-project.eu\/wp-content\/uploads\/2025\/03\/q8hfuo9udts.jpg\" class=\"attachment-full size-full wp-image-1824\" alt=\"books and pencil on wooden table\" srcset=\"https:\/\/vlf4eu-project.eu\/wp-content\/uploads\/2025\/03\/q8hfuo9udts.jpg 1600w, https:\/\/vlf4eu-project.eu\/wp-content\/uploads\/2025\/03\/q8hfuo9udts-300x200.jpg 300w, https:\/\/vlf4eu-project.eu\/wp-content\/uploads\/2025\/03\/q8hfuo9udts-1024x683.jpg 1024w, https:\/\/vlf4eu-project.eu\/wp-content\/uploads\/2025\/03\/q8hfuo9udts-768x512.jpg 768w, https:\/\/vlf4eu-project.eu\/wp-content\/uploads\/2025\/03\/q8hfuo9udts-1536x1024.jpg 1536w\" sizes=\"(max-width: 1600px) 100vw, 1600px\" \/>\t\t\t\t\t\t\t\t\t\t\t\t\t\t\t<\/div>\n\t\t\t\t<\/div>\n\t\t\t\t<div class=\"elementor-element elementor-element-964d7ae elementor-widget elementor-widget-heading\" data-id=\"964d7ae\" data-element_type=\"widget\" data-widget_type=\"heading.default\">\n\t\t\t\t<div class=\"elementor-widget-container\">\n\t\t\t\t\t<h5 class=\"elementor-heading-title elementor-size-default\">Utveckling av virtuella inl\u00e4rningsmoduler centrerade f\u00f6r Industri 5.0<\/h5>\t\t\t\t<\/div>\n\t\t\t\t<\/div>\n\t\t\t\t<div class=\"elementor-element elementor-element-8031643 elementor-widget elementor-widget-text-editor\" data-id=\"8031643\" data-element_type=\"widget\" data-widget_type=\"text-editor.default\">\n\t\t\t\t<div class=\"elementor-widget-container\">\n\t\t\t\t\t\t\t\t\t<p>Denna aktivitet fokuserar p\u00e5 att utveckla virtuella l\u00e4randemoduler centrerade kring Industri 5.0-teknik, med inriktning p\u00e5 b\u00e5de grundl\u00e4ggande yrkesutbildning (EQF-niv\u00e5er 4-7) och livsl\u00e5ngt l\u00e4rande. Detta inneb\u00e4r att skapa 48 immersiva utbildningsmoduler och implementera 20 immersiva pedagogikprojekt inom VLF4EU-plattformen. Modulerna kommer att behandla digitala och gr\u00f6na f\u00e4rdigheter, med fokus p\u00e5 milj\u00f6v\u00e4nliga material, energieffektivitet och h\u00e5llbar design. M\u00e5let \u00e4r att validera dessa moduler med minst 200 elever, vilket s\u00e4kerst\u00e4ller att de uppfyller kompetensbehoven f\u00f6r den dubbla \u00f6verg\u00e5ngen och bidrar till moderniseringen av yrkesutbildningsplaner.   <\/p>\t\t\t\t\t\t\t\t<\/div>\n\t\t\t\t<\/div>\n\t\t\t\t<\/div>\n\t\t<div class=\"elementor-element elementor-element-259010f e-con-full e-flex e-con e-child\" data-id=\"259010f\" data-element_type=\"container\">\n\t\t\t\t<div class=\"elementor-element elementor-element-85916f0 elementor-widget elementor-widget-image\" data-id=\"85916f0\" data-element_type=\"widget\" data-widget_type=\"image.default\">\n\t\t\t\t<div class=\"elementor-widget-container\">\n\t\t\t\t\t\t\t\t\t\t\t\t\t\t\t<img loading=\"lazy\" decoding=\"async\" width=\"1600\" height=\"1200\" src=\"https:\/\/vlf4eu-project.eu\/wp-content\/uploads\/2025\/03\/5q07ss54d0q.jpg\" class=\"attachment-full size-full wp-image-1826\" alt=\"person holding orange flower petals\" srcset=\"https:\/\/vlf4eu-project.eu\/wp-content\/uploads\/2025\/03\/5q07ss54d0q.jpg 1600w, https:\/\/vlf4eu-project.eu\/wp-content\/uploads\/2025\/03\/5q07ss54d0q-300x225.jpg 300w, https:\/\/vlf4eu-project.eu\/wp-content\/uploads\/2025\/03\/5q07ss54d0q-1024x768.jpg 1024w, https:\/\/vlf4eu-project.eu\/wp-content\/uploads\/2025\/03\/5q07ss54d0q-768x576.jpg 768w, https:\/\/vlf4eu-project.eu\/wp-content\/uploads\/2025\/03\/5q07ss54d0q-1536x1152.jpg 1536w\" sizes=\"(max-width: 1600px) 100vw, 1600px\" \/>\t\t\t\t\t\t\t\t\t\t\t\t\t\t\t<\/div>\n\t\t\t\t<\/div>\n\t\t\t\t<div class=\"elementor-element elementor-element-e32009a elementor-widget elementor-widget-heading\" data-id=\"e32009a\" data-element_type=\"widget\" data-widget_type=\"heading.default\">\n\t\t\t\t<div class=\"elementor-widget-container\">\n\t\t\t\t\t<h5 class=\"elementor-heading-title elementor-size-default\">\u00d6ppen innovationsmodell<\/h5>\t\t\t\t<\/div>\n\t\t\t\t<\/div>\n\t\t\t\t<div class=\"elementor-element elementor-element-de9807e elementor-widget elementor-widget-text-editor\" data-id=\"de9807e\" data-element_type=\"widget\" data-widget_type=\"text-editor.default\">\n\t\t\t\t<div class=\"elementor-widget-container\">\n\t\t\t\t\t\t\t\t\t<p>Denna aktivitet syftar till att etablera en \u00f6ppen innovationsmodell inom VLF4EU-alliansen, som fr\u00e4mjar samarbete mellan yrkesutbildningsanordnare, sm\u00e5 och medelstora f\u00f6retag inom tillverkningsindustrin och andra intressenter. Detta inneb\u00e4r att utveckla och implementera 10 pilotfall p\u00e5 virtualiserade l\u00e4rfabriker, utvalda genom VLF4EU:s ramverk f\u00f6r \u00f6ppen innovation. M\u00e5let \u00e4r att fr\u00e4mja entrepren\u00f6riella f\u00e4rdigheter och initiativ genom \u00f6ppna innovationst\u00e4vlingar, och uppmuntra sm\u00e5 och medelstora f\u00f6retag och industripartners att engagera sig i till\u00e4mpad forskning och experimentell utveckling. Genom att skapa ett samarbetsekosystem kommer WP6 att st\u00f6dja kontinuerlig f\u00f6rb\u00e4ttring och skalbarhet hos VLF:s samarbetsprogram.   <\/p>\t\t\t\t\t\t\t\t<\/div>\n\t\t\t\t<\/div>\n\t\t\t\t<\/div>\n\t\t<div class=\"elementor-element elementor-element-4113f57 e-con-full e-flex e-con e-child\" data-id=\"4113f57\" data-element_type=\"container\">\n\t\t\t\t<div class=\"elementor-element elementor-element-825136b elementor-widget elementor-widget-image\" data-id=\"825136b\" data-element_type=\"widget\" data-widget_type=\"image.default\">\n\t\t\t\t<div class=\"elementor-widget-container\">\n\t\t\t\t\t\t\t\t\t\t\t\t\t\t\t<img loading=\"lazy\" decoding=\"async\" width=\"1600\" height=\"1067\" src=\"https:\/\/vlf4eu-project.eu\/wp-content\/uploads\/2025\/03\/novia_x_tfo.jpg\" class=\"attachment-full size-full wp-image-1827\" alt=\"crowd of people in building lobby\" srcset=\"https:\/\/vlf4eu-project.eu\/wp-content\/uploads\/2025\/03\/novia_x_tfo.jpg 1600w, https:\/\/vlf4eu-project.eu\/wp-content\/uploads\/2025\/03\/novia_x_tfo-300x200.jpg 300w, https:\/\/vlf4eu-project.eu\/wp-content\/uploads\/2025\/03\/novia_x_tfo-1024x683.jpg 1024w, https:\/\/vlf4eu-project.eu\/wp-content\/uploads\/2025\/03\/novia_x_tfo-768x512.jpg 768w, https:\/\/vlf4eu-project.eu\/wp-content\/uploads\/2025\/03\/novia_x_tfo-1536x1024.jpg 1536w\" sizes=\"(max-width: 1600px) 100vw, 1600px\" \/>\t\t\t\t\t\t\t\t\t\t\t\t\t\t\t<\/div>\n\t\t\t\t<\/div>\n\t\t\t\t<div class=\"elementor-element elementor-element-89e2e62 elementor-widget elementor-widget-heading\" data-id=\"89e2e62\" data-element_type=\"widget\" data-widget_type=\"heading.default\">\n\t\t\t\t<div class=\"elementor-widget-container\">\n\t\t\t\t\t<h5 class=\"elementor-heading-title elementor-size-default\">Genomslag, spridning och kommunikation<\/h5>\t\t\t\t<\/div>\n\t\t\t\t<\/div>\n\t\t\t\t<div class=\"elementor-element elementor-element-a7e8ccb elementor-widget elementor-widget-text-editor\" data-id=\"a7e8ccb\" data-element_type=\"widget\" data-widget_type=\"text-editor.default\">\n\t\t\t\t<div class=\"elementor-widget-container\">\n\t\t\t\t\t\t\t\t\t<p>Denna aktivitet syftar till att maximera VLF4EU-projektets effekt och synlighet genom effektiva spridnings- och kommunikationsstrategier. Detta inneb\u00e4r att organisera konferenser, regionala spridningsevenemang och skapa spridningsmaterial som broschyrer, affischer och inneh\u00e5ll p\u00e5 sociala medier. M\u00e5let \u00e4r att n\u00e5 en bred publik, inklusive utbildningsintressenter, beslutsfattare och allm\u00e4nheten, f\u00f6r att fr\u00e4mja inf\u00f6randet av virtuella l\u00e4rfabriker och immersiva tekniker i yrkesutbildningssystem. Denna uppgift kommer ocks\u00e5 att s\u00e4kerst\u00e4lla synligheten av EU-finansiering och bidra till det europeiska forskningsomr\u00e5det genom att dela projektresultat och b\u00e4sta praxis.   <\/p>\t\t\t\t\t\t\t\t<\/div>\n\t\t\t\t<\/div>\n\t\t\t\t<\/div>\n\t\t\t\t<\/div>\n\t\t\t\t<\/div>\n\t\t<div class=\"elementor-element elementor-element-f725090 e-flex e-con-boxed e-con e-parent\" data-id=\"f725090\" data-element_type=\"container\">\n\t\t\t\t\t<div class=\"e-con-inner\">\n\t\t\t\t\t<\/div>\n\t\t\t\t<\/div>\n\t\t\t\t<\/div>\n\t\t","protected":false},"excerpt":{"rendered":"<p>Aktiviteter Etablering av VLF4EU-alliansen Aktiviteten syftar till att etablera VLF4EU-alliansen, ett samarbetsn\u00e4tverk av europeiska virtuella l\u00e4rfabriker. Den syftar till att skapa en h\u00e5llbar och inkluderande modell som fr\u00e4mjar samarbete mellan yrkesutbildnings-\/h\u00f6gskoleutbildningscentra, universitet, sm\u00e5 och medelstora f\u00f6retag och branschorganisationer. Viktiga steg inkluderar att organisera workshops, ing\u00e5 partnerskapsavtal och utveckla en vision och tj\u00e4nsteplan. Alliansen kommer att [&hellip;]<\/p>\n","protected":false},"author":3,"featured_media":0,"parent":0,"menu_order":0,"comment_status":"closed","ping_status":"closed","template":"","meta":{"site-sidebar-layout":"no-sidebar","site-content-layout":"","ast-site-content-layout":"full-width-container","site-content-style":"default","site-sidebar-style":"default","ast-global-header-display":"","ast-banner-title-visibility":"","ast-main-header-display":"","ast-hfb-above-header-display":"","ast-hfb-below-header-display":"","ast-hfb-mobile-header-display":"","site-post-title":"disabled","ast-breadcrumbs-content":"","ast-featured-img":"disabled","footer-sml-layout":"","theme-transparent-header-meta":"","adv-header-id-meta":"","stick-header-meta":"","header-above-stick-meta":"","header-main-stick-meta":"","header-below-stick-meta":"","astra-migrate-meta-layouts":"default","ast-page-background-enabled":"default","ast-page-background-meta":{"desktop":{"background-color":"var(--ast-global-color-4)","background-image":"","background-repeat":"repeat","background-position":"center center","background-size":"auto","background-attachment":"scroll","background-type":"","background-media":"","overlay-type":"","overlay-color":"","overlay-opacity":"","overlay-gradient":""},"tablet":{"background-color":"","background-image":"","background-repeat":"repeat","background-position":"center center","background-size":"auto","background-attachment":"scroll","background-type":"","background-media":"","overlay-type":"","overlay-color":"","overlay-opacity":"","overlay-gradient":""},"mobile":{"background-color":"","background-image":"","background-repeat":"repeat","background-position":"center center","background-size":"auto","background-attachment":"scroll","background-type":"","background-media":"","overlay-type":"","overlay-color":"","overlay-opacity":"","overlay-gradient":""}},"ast-content-background-meta":{"desktop":{"background-color":"var(--ast-global-color-5)","background-image":"","background-repeat":"repeat","background-position":"center center","background-size":"auto","background-attachment":"scroll","background-type":"","background-media":"","overlay-type":"","overlay-color":"","overlay-opacity":"","overlay-gradient":""},"tablet":{"background-color":"var(--ast-global-color-5)","background-image":"","background-repeat":"repeat","background-position":"center center","background-size":"auto","background-attachment":"scroll","background-type":"","background-media":"","overlay-type":"","overlay-color":"","overlay-opacity":"","overlay-gradient":""},"mobile":{"background-color":"var(--ast-global-color-5)","background-image":"","background-repeat":"repeat","background-position":"center center","background-size":"auto","background-attachment":"scroll","background-type":"","background-media":"","overlay-type":"","overlay-color":"","overlay-opacity":"","overlay-gradient":""}},"footnotes":""},"class_list":["post-1818","page","type-page","status-publish","hentry"],"_links":{"self":[{"href":"https:\/\/vlf4eu-project.eu\/sv\/wp-json\/wp\/v2\/pages\/1818","targetHints":{"allow":["GET"]}}],"collection":[{"href":"https:\/\/vlf4eu-project.eu\/sv\/wp-json\/wp\/v2\/pages"}],"about":[{"href":"https:\/\/vlf4eu-project.eu\/sv\/wp-json\/wp\/v2\/types\/page"}],"author":[{"embeddable":true,"href":"https:\/\/vlf4eu-project.eu\/sv\/wp-json\/wp\/v2\/users\/3"}],"replies":[{"embeddable":true,"href":"https:\/\/vlf4eu-project.eu\/sv\/wp-json\/wp\/v2\/comments?post=1818"}],"version-history":[{"count":1,"href":"https:\/\/vlf4eu-project.eu\/sv\/wp-json\/wp\/v2\/pages\/1818\/revisions"}],"predecessor-version":[{"id":1828,"href":"https:\/\/vlf4eu-project.eu\/sv\/wp-json\/wp\/v2\/pages\/1818\/revisions\/1828"}],"wp:attachment":[{"href":"https:\/\/vlf4eu-project.eu\/sv\/wp-json\/wp\/v2\/media?parent=1818"}],"curies":[{"name":"wp","href":"https:\/\/api.w.org\/{rel}","templated":true}]}}