{"id":1830,"date":"2025-02-20T13:41:18","date_gmt":"2025-02-20T13:41:18","guid":{"rendered":"https:\/\/vlf4eu-project.eu\/media\/"},"modified":"2025-11-11T09:45:48","modified_gmt":"2025-11-11T09:45:48","slug":"media","status":"publish","type":"page","link":"https:\/\/vlf4eu-project.eu\/sv\/media\/","title":{"rendered":"Media"},"content":{"rendered":"\t\t<div data-elementor-type=\"wp-page\" data-elementor-id=\"1830\" class=\"elementor elementor-1830 elementor-130\">\n\t\t\t\t<div class=\"elementor-element elementor-element-3478fd2 e-flex e-con-boxed e-con e-parent\" data-id=\"3478fd2\" data-element_type=\"container\" data-settings=\"{&quot;background_background&quot;:&quot;classic&quot;}\">\n\t\t\t\t\t<div class=\"e-con-inner\">\n\t\t\t\t<div class=\"elementor-element elementor-element-aed09b5 elementor-widget elementor-widget-heading\" data-id=\"aed09b5\" data-element_type=\"widget\" data-widget_type=\"heading.default\">\n\t\t\t\t<div class=\"elementor-widget-container\">\n\t\t\t\t\t<h1 class=\"elementor-heading-title elementor-size-default\">Galleri<\/h1>\t\t\t\t<\/div>\n\t\t\t\t<\/div>\n\t\t\t\t\t<\/div>\n\t\t\t\t<\/div>\n\t\t<div class=\"elementor-element elementor-element-1a57b62 e-flex e-con-boxed e-con e-parent\" data-id=\"1a57b62\" data-element_type=\"container\">\n\t\t\t\t\t<div class=\"e-con-inner\">\n\t\t<div class=\"elementor-element elementor-element-2dcc10e e-con-full e-flex e-con e-child\" data-id=\"2dcc10e\" data-element_type=\"container\">\n\t\t\t\t<div class=\"elementor-element elementor-element-7ad645f elementor-widget elementor-widget-heading\" data-id=\"7ad645f\" data-element_type=\"widget\" data-widget_type=\"heading.default\">\n\t\t\t\t<div class=\"elementor-widget-container\">\n\t\t\t\t\t<h2 class=\"elementor-heading-title elementor-size-default\">Partners' Vision and Motivation on the Project<\/h2>\t\t\t\t<\/div>\n\t\t\t\t<\/div>\n\t\t\t\t<\/div>\n\t\t<div class=\"elementor-element elementor-element-b8c92a1 e-con-full e-flex e-con e-child\" data-id=\"b8c92a1\" data-element_type=\"container\">\n\t\t<div class=\"elementor-element elementor-element-875826e e-con-full e-flex e-con e-child\" data-id=\"875826e\" data-element_type=\"container\">\n\t\t\t\t<div class=\"elementor-element elementor-element-9e7773c elementor-widget elementor-widget-html\" data-id=\"9e7773c\" data-element_type=\"widget\" data-widget_type=\"html.default\">\n\t\t\t\t<div class=\"elementor-widget-container\">\n\t\t\t\t\t<div style=\"position: relative; padding-top: 75%;\"><iframe title=\"IMH's Vision and Motivation on the Project\" width=\"100%\" height=\"100%\" src=\"https:\/\/bideoa.imh.eus\/videos\/embed\/a30d1029-f732-4240-88ec-f8596da04366\" frameborder=\"0\" allowfullscreen=\"\" sandbox=\"allow-same-origin allow-scripts allow-popups allow-forms\" style=\"position: absolute; inset: 0px;\"><\/iframe><\/div>\t\t\t\t<\/div>\n\t\t\t\t<\/div>\n\t\t\t\t<\/div>\n\t\t<div class=\"elementor-element elementor-element-9fa93df e-con-full e-flex e-con e-child\" data-id=\"9fa93df\" data-element_type=\"container\">\n\t\t\t\t<div class=\"elementor-element elementor-element-5f09b39 elementor-widget elementor-widget-html\" data-id=\"5f09b39\" data-element_type=\"widget\" data-widget_type=\"html.default\">\n\t\t\t\t<div class=\"elementor-widget-container\">\n\t\t\t\t\t<div style=\"position: relative; padding-top: 75%;\"><iframe title=\"ECOLE's Vision and Motivation on the Project\" width=\"100%\" height=\"100%\" src=\"https:\/\/bideoa.imh.eus\/videos\/embed\/e8567d9a-6301-4ebd-b489-46ced4d450f0\" frameborder=\"0\" allowfullscreen=\"\" sandbox=\"allow-same-origin allow-scripts allow-popups allow-forms\" style=\"position: absolute; inset: 0px;\"><\/iframe><\/div>\t\t\t\t<\/div>\n\t\t\t\t<\/div>\n\t\t\t\t<\/div>\n\t\t\t\t<\/div>\n\t\t<div class=\"elementor-element elementor-element-5ab2e2d e-con-full e-flex e-con e-child\" data-id=\"5ab2e2d\" data-element_type=\"container\">\n\t\t<div class=\"elementor-element elementor-element-26fc64d e-con-full e-flex e-con e-child\" data-id=\"26fc64d\" data-element_type=\"container\">\n\t\t\t\t<div class=\"elementor-element elementor-element-c474e86 elementor-widget elementor-widget-html\" data-id=\"c474e86\" data-element_type=\"widget\" data-widget_type=\"html.default\">\n\t\t\t\t<div class=\"elementor-widget-container\">\n\t\t\t\t\t<div style=\"position: relative; padding-top: 75%;\"><iframe title=\"CESI's Vision and Motivation on the Project\" width=\"100%\" height=\"100%\" src=\"https:\/\/bideoa.imh.eus\/videos\/embed\/954786cc-a79a-4779-864d-91420888d0fb\" frameborder=\"0\" allowfullscreen=\"\" sandbox=\"allow-same-origin allow-scripts allow-popups allow-forms\" style=\"position: absolute; inset: 0px;\"><\/iframe><\/div>\t\t\t\t<\/div>\n\t\t\t\t<\/div>\n\t\t\t\t<\/div>\n\t\t<div class=\"elementor-element elementor-element-0f9a955 e-con-full e-flex e-con e-child\" data-id=\"0f9a955\" data-element_type=\"container\">\n\t\t\t\t<div class=\"elementor-element elementor-element-52a17b1 elementor-widget elementor-widget-html\" data-id=\"52a17b1\" data-element_type=\"widget\" data-widget_type=\"html.default\">\n\t\t\t\t<div class=\"elementor-widget-container\">\n\t\t\t\t\t<div style=\"position: relative; padding-top: 75%;\"><iframe title=\"Elesar Innovation's Vision and Motivation on the Project\" width=\"100%\" height=\"100%\" src=\"https:\/\/bideoa.imh.eus\/videos\/embed\/9f55baa7-ee8e-41e7-a28d-f3cccb6d5553\" frameborder=\"0\" allowfullscreen=\"\" sandbox=\"allow-same-origin allow-scripts allow-popups allow-forms\" style=\"position: absolute; inset: 0px;\"><\/iframe><\/div>\t\t\t\t<\/div>\n\t\t\t\t<\/div>\n\t\t\t\t<\/div>\n\t\t\t\t<\/div>\n\t\t<div class=\"elementor-element elementor-element-e5df055 e-con-full e-flex e-con e-child\" data-id=\"e5df055\" data-element_type=\"container\">\n\t\t<div class=\"elementor-element elementor-element-e0177e3 e-con-full e-flex e-con e-child\" data-id=\"e0177e3\" data-element_type=\"container\">\n\t\t\t\t<div class=\"elementor-element elementor-element-acbc761 elementor-widget elementor-widget-html\" data-id=\"acbc761\" data-element_type=\"widget\" data-widget_type=\"html.default\">\n\t\t\t\t<div class=\"elementor-widget-container\">\n\t\t\t\t\t<div style=\"position: relative; padding-top: 75%;\"><iframe title=\"AFM's Vision and Motivation on the Project\" width=\"100%\" height=\"100%\" src=\"https:\/\/bideoa.imh.eus\/videos\/embed\/40a404ba-52ff-41e4-b667-c8fad230a608\" frameborder=\"0\" allowfullscreen=\"\" sandbox=\"allow-same-origin allow-scripts allow-popups allow-forms\" style=\"position: absolute; inset: 0px;\"><\/iframe><\/div>\t\t\t\t<\/div>\n\t\t\t\t<\/div>\n\t\t\t\t<\/div>\n\t\t<div class=\"elementor-element elementor-element-947d97e e-con-full e-flex e-con e-child\" data-id=\"947d97e\" data-element_type=\"container\">\n\t\t\t\t<div class=\"elementor-element elementor-element-ae549d1 elementor-widget elementor-widget-html\" data-id=\"ae549d1\" data-element_type=\"widget\" data-widget_type=\"html.default\">\n\t\t\t\t<div class=\"elementor-widget-container\">\n\t\t\t\t\t<div style=\"position: relative; padding-top: 75%;\"><iframe title=\"GTC's Vision and Motivation on the Project\" width=\"100%\" height=\"100%\" src=\"https:\/\/bideoa.imh.eus\/videos\/embed\/4542238d-e238-40f4-ab6b-a80ceebf0bfa\" frameborder=\"0\" allowfullscreen=\"\" sandbox=\"allow-same-origin allow-scripts allow-popups allow-forms\" style=\"position: absolute; inset: 0px;\"><\/iframe><\/div>\t\t\t\t<\/div>\n\t\t\t\t<\/div>\n\t\t\t\t<\/div>\n\t\t\t\t<\/div>\n\t\t<div class=\"elementor-element elementor-element-26d23af e-con-full e-flex e-con e-child\" data-id=\"26d23af\" data-element_type=\"container\">\n\t\t<div class=\"elementor-element elementor-element-a47458f e-con-full e-flex e-con e-child\" data-id=\"a47458f\" data-element_type=\"container\">\n\t\t\t\t<div class=\"elementor-element elementor-element-ba1052e elementor-widget elementor-widget-html\" data-id=\"ba1052e\" data-element_type=\"widget\" data-widget_type=\"html.default\">\n\t\t\t\t<div class=\"elementor-widget-container\">\n\t\t\t\t\t<div style=\"position: relative; padding-top: 75%;\"><iframe title=\"SC's Vision and Motivation on the Project\" width=\"100%\" height=\"100%\" src=\"https:\/\/bideoa.imh.eus\/videos\/embed\/1c220515-7b72-4731-807b-e989f702418a\" frameborder=\"0\" allowfullscreen=\"\" sandbox=\"allow-same-origin allow-scripts allow-popups allow-forms\" style=\"position: absolute; inset: 0px;\"><\/iframe><\/div>\t\t\t\t<\/div>\n\t\t\t\t<\/div>\n\t\t\t\t<\/div>\n\t\t<div class=\"elementor-element elementor-element-d0ca03d e-con-full e-flex e-con e-child\" data-id=\"d0ca03d\" data-element_type=\"container\">\n\t\t\t\t<div class=\"elementor-element elementor-element-27dae03 elementor-widget elementor-widget-html\" data-id=\"27dae03\" data-element_type=\"widget\" data-widget_type=\"html.default\">\n\t\t\t\t<div class=\"elementor-widget-container\">\n\t\t\t\t\t<div style=\"position: relative; padding-top: 75%;\"><iframe title=\"ES Innovae's Vision and Motivation on the project\" width=\"100%\" height=\"100%\" src=\"https:\/\/bideoa.imh.eus\/videos\/embed\/cebc130a-6f62-4ea4-b321-32bbbd8ee39a\" frameborder=\"0\" allowfullscreen=\"\" sandbox=\"allow-same-origin allow-scripts allow-popups allow-forms\" style=\"position: absolute; inset: 0px;\"><\/iframe><\/div>\t\t\t\t<\/div>\n\t\t\t\t<\/div>\n\t\t\t\t<\/div>\n\t\t\t\t<\/div>\n\t\t<div class=\"elementor-element elementor-element-d2582b9 e-con-full e-flex e-con e-child\" data-id=\"d2582b9\" data-element_type=\"container\">\n\t\t<div class=\"elementor-element elementor-element-2440275 e-con-full e-flex e-con e-child\" data-id=\"2440275\" data-element_type=\"container\">\n\t\t\t\t<div class=\"elementor-element elementor-element-0b830e0 elementor-widget elementor-widget-html\" data-id=\"0b830e0\" data-element_type=\"widget\" data-widget_type=\"html.default\">\n\t\t\t\t<div class=\"elementor-widget-container\">\n\t\t\t\t\t<div style=\"position: relative; padding-top: 75%;\"><iframe title=\"UCIMU's Vision and Motivation on the Project\" width=\"100%\" height=\"100%\" src=\"https:\/\/bideoa.imh.eus\/videos\/embed\/3ada7d04-b70d-4dc4-9465-79771cd8773b\" frameborder=\"0\" allowfullscreen=\"\" sandbox=\"allow-same-origin allow-scripts allow-popups allow-forms\" style=\"position: absolute; inset: 0px;\"><\/iframe><\/div>\t\t\t\t<\/div>\n\t\t\t\t<\/div>\n\t\t\t\t<\/div>\n\t\t<div class=\"elementor-element elementor-element-ace53aa e-con-full e-flex e-con e-child\" data-id=\"ace53aa\" data-element_type=\"container\">\n\t\t\t\t<div class=\"elementor-element elementor-element-c05eb1c elementor-widget elementor-widget-html\" data-id=\"c05eb1c\" data-element_type=\"widget\" data-widget_type=\"html.default\">\n\t\t\t\t<div class=\"elementor-widget-container\">\n\t\t\t\t\t<div style=\"position: relative; padding-top: 75%;\"><iframe title=\"UCN's Vision and Motivation on the Project\" width=\"100%\" height=\"100%\" src=\"https:\/\/bideoa.imh.eus\/videos\/embed\/d8e42cf3-492d-43b0-852f-4bae686a40b2\" frameborder=\"0\" allowfullscreen=\"\" sandbox=\"allow-same-origin allow-scripts allow-popups allow-forms\" style=\"position: absolute; inset: 0px;\"><\/iframe><\/div>\t\t\t\t<\/div>\n\t\t\t\t<\/div>\n\t\t\t\t<\/div>\n\t\t\t\t<\/div>\n\t\t<div class=\"elementor-element elementor-element-776ef42 e-con-full e-flex e-con e-child\" data-id=\"776ef42\" data-element_type=\"container\">\n\t\t<div class=\"elementor-element elementor-element-240f3bb e-con-full e-flex e-con e-child\" data-id=\"240f3bb\" data-element_type=\"container\">\n\t\t\t\t<div class=\"elementor-element elementor-element-ab8b559 elementor-widget elementor-widget-html\" data-id=\"ab8b559\" data-element_type=\"widget\" data-widget_type=\"html.default\">\n\t\t\t\t<div class=\"elementor-widget-container\">\n\t\t\t\t\t<div style=\"position: relative; padding-top: 75%;\"><iframe title=\"MecaBotiX's Vision and Motivation on the Project\" width=\"100%\" height=\"100%\" src=\"https:\/\/bideoa.imh.eus\/videos\/embed\/e406b93c-aa37-44d5-be1f-bb904a701a26\" frameborder=\"0\" allowfullscreen=\"\" sandbox=\"allow-same-origin allow-scripts allow-popups allow-forms\" style=\"position: absolute; inset: 0px;\"><\/iframe><\/div>\t\t\t\t<\/div>\n\t\t\t\t<\/div>\n\t\t\t\t<\/div>\n\t\t<div class=\"elementor-element elementor-element-efaaef1 e-con-full e-flex e-con e-child\" data-id=\"efaaef1\" data-element_type=\"container\">\n\t\t\t\t<div class=\"elementor-element elementor-element-0e01dc6 elementor-widget elementor-widget-html\" data-id=\"0e01dc6\" data-element_type=\"widget\" data-widget_type=\"html.default\">\n\t\t\t\t<div class=\"elementor-widget-container\">\n\t\t\t\t\t<div style=\"position: relative; padding-top: 75%;\"><iframe title=\"SC's Vision and Motivation on the Project\" width=\"100%\" height=\"100%\" src=\"https:\/\/bideoa.imh.eus\/videos\/embed\/47e67a77-c03e-46c5-8901-fecc78e4850a\" frameborder=\"0\" allowfullscreen=\"\" sandbox=\"allow-same-origin allow-scripts allow-popups allow-forms\" style=\"position: absolute; inset: 0px;\"><\/iframe><\/div>\t\t\t\t<\/div>\n\t\t\t\t<\/div>\n\t\t\t\t<\/div>\n\t\t\t\t<\/div>\n\t\t\t\t\t<\/div>\n\t\t\t\t<\/div>\n\t\t<div class=\"elementor-element elementor-element-625e085 e-flex e-con-boxed e-con e-parent\" data-id=\"625e085\" data-element_type=\"container\" data-settings=\"{&quot;background_background&quot;:&quot;classic&quot;}\">\n\t\t\t\t\t<div class=\"e-con-inner\">\n\t\t\t\t<div class=\"elementor-element elementor-element-d07cce9 elementor-widget elementor-widget-heading\" data-id=\"d07cce9\" data-element_type=\"widget\" data-widget_type=\"heading.default\">\n\t\t\t\t<div class=\"elementor-widget-container\">\n\t\t\t\t\t<h2 class=\"elementor-heading-title elementor-size-default\">Kontakta oss\n<\/h2>\t\t\t\t<\/div>\n\t\t\t\t<\/div>\n\t\t\t\t<div class=\"elementor-element elementor-element-a1be7ff elementor-widget__width-initial elementor-widget elementor-widget-text-editor\" data-id=\"a1be7ff\" data-element_type=\"widget\" data-widget_type=\"text-editor.default\">\n\t\t\t\t<div class=\"elementor-widget-container\">\n\t\t\t\t\t\t\t\t\t<p>Har du fr\u00e5gor eller vill du samarbeta? Kontakta VLF4EU-teamet, vi vill g\u00e4rna h\u00f6ra fr\u00e5n dig och utforska hur vi kan arbeta tillsammans f\u00f6r att forma framtiden! <\/p>\t\t\t\t\t\t\t\t<\/div>\n\t\t\t\t<\/div>\n\t\t\t\t<div class=\"elementor-element elementor-element-7e2d6d8 elementor-widget elementor-widget-button\" data-id=\"7e2d6d8\" data-element_type=\"widget\" data-widget_type=\"button.default\">\n\t\t\t\t<div class=\"elementor-widget-container\">\n\t\t\t\t\t\t\t\t\t<div class=\"elementor-button-wrapper\">\n\t\t\t\t\t<a class=\"elementor-button elementor-button-link elementor-size-sm\" href=\"https:\/\/vlf4eu-project.eu\/contact\/\">\n\t\t\t\t\t\t<span class=\"elementor-button-content-wrapper\">\n\t\t\t\t\t\t\t\t\t<span class=\"elementor-button-text\">Kontakta<\/span>\n\t\t\t\t\t<\/span>\n\t\t\t\t\t<\/a>\n\t\t\t\t<\/div>\n\t\t\t\t\t\t\t\t<\/div>\n\t\t\t\t<\/div>\n\t\t\t\t\t<\/div>\n\t\t\t\t<\/div>\n\t\t\t\t<\/div>\n\t\t","protected":false},"excerpt":{"rendered":"<p>Galleri Partners&#8217; Vision and Motivation on the Project Kontakta oss Har du fr\u00e5gor eller vill du samarbeta? Kontakta VLF4EU-teamet, vi vill g\u00e4rna h\u00f6ra fr\u00e5n dig och utforska hur vi kan arbeta tillsammans f\u00f6r att forma framtiden! Kontakta<\/p>\n","protected":false},"author":3,"featured_media":0,"parent":0,"menu_order":0,"comment_status":"closed","ping_status":"closed","template":"","meta":{"site-sidebar-layout":"no-sidebar","site-content-layout":"","ast-site-content-layout":"full-width-container","site-content-style":"default","site-sidebar-style":"default","ast-global-header-display":"","ast-banner-title-visibility":"","ast-main-header-display":"","ast-hfb-above-header-display":"","ast-hfb-below-header-display":"","ast-hfb-mobile-header-display":"","site-post-title":"disabled","ast-breadcrumbs-content":"","ast-featured-img":"disabled","footer-sml-layout":"","theme-transparent-header-meta":"","adv-header-id-meta":"","stick-header-meta":"","header-above-stick-meta":"","header-main-stick-meta":"","header-below-stick-meta":"","astra-migrate-meta-layouts":"default","ast-page-background-enabled":"default","ast-page-background-meta":{"desktop":{"background-color":"var(--ast-global-color-4)","background-image":"","background-repeat":"repeat","background-position":"center center","background-size":"auto","background-attachment":"scroll","background-type":"","background-media":"","overlay-type":"","overlay-color":"","overlay-opacity":"","overlay-gradient":""},"tablet":{"background-color":"","background-image":"","background-repeat":"repeat","background-position":"center center","background-size":"auto","background-attachment":"scroll","background-type":"","background-media":"","overlay-type":"","overlay-color":"","overlay-opacity":"","overlay-gradient":""},"mobile":{"background-color":"","background-image":"","background-repeat":"repeat","background-position":"center center","background-size":"auto","background-attachment":"scroll","background-type":"","background-media":"","overlay-type":"","overlay-color":"","overlay-opacity":"","overlay-gradient":""}},"ast-content-background-meta":{"desktop":{"background-color":"var(--ast-global-color-5)","background-image":"","background-repeat":"repeat","background-position":"center center","background-size":"auto","background-attachment":"scroll","background-type":"","background-media":"","overlay-type":"","overlay-color":"","overlay-opacity":"","overlay-gradient":""},"tablet":{"background-color":"var(--ast-global-color-5)","background-image":"","background-repeat":"repeat","background-position":"center center","background-size":"auto","background-attachment":"scroll","background-type":"","background-media":"","overlay-type":"","overlay-color":"","overlay-opacity":"","overlay-gradient":""},"mobile":{"background-color":"var(--ast-global-color-5)","background-image":"","background-repeat":"repeat","background-position":"center center","background-size":"auto","background-attachment":"scroll","background-type":"","background-media":"","overlay-type":"","overlay-color":"","overlay-opacity":"","overlay-gradient":""}},"footnotes":""},"class_list":["post-1830","page","type-page","status-publish","hentry"],"_links":{"self":[{"href":"https:\/\/vlf4eu-project.eu\/sv\/wp-json\/wp\/v2\/pages\/1830","targetHints":{"allow":["GET"]}}],"collection":[{"href":"https:\/\/vlf4eu-project.eu\/sv\/wp-json\/wp\/v2\/pages"}],"about":[{"href":"https:\/\/vlf4eu-project.eu\/sv\/wp-json\/wp\/v2\/types\/page"}],"author":[{"embeddable":true,"href":"https:\/\/vlf4eu-project.eu\/sv\/wp-json\/wp\/v2\/users\/3"}],"replies":[{"embeddable":true,"href":"https:\/\/vlf4eu-project.eu\/sv\/wp-json\/wp\/v2\/comments?post=1830"}],"version-history":[{"count":1,"href":"https:\/\/vlf4eu-project.eu\/sv\/wp-json\/wp\/v2\/pages\/1830\/revisions"}],"predecessor-version":[{"id":1832,"href":"https:\/\/vlf4eu-project.eu\/sv\/wp-json\/wp\/v2\/pages\/1830\/revisions\/1832"}],"wp:attachment":[{"href":"https:\/\/vlf4eu-project.eu\/sv\/wp-json\/wp\/v2\/media?parent=1830"}],"curies":[{"name":"wp","href":"https:\/\/api.w.org\/{rel}","templated":true}]}}